{"id":89547,"date":"2021-10-18T13:34:44","date_gmt":"2021-10-18T13:34:44","guid":{"rendered":"https:\/\/atomis.nl\/producten\/vectura-sapp-prismatic\/"},"modified":"2026-03-30T14:50:57","modified_gmt":"2026-03-30T14:50:57","slug":"vectura-sapp-prismatic","status":"publish","type":"product","link":"https:\/\/atomis.nl\/fr\/produits\/vectura-sapp-prismatic\/","title":{"rendered":"Vectura SAPP prismatic"},"content":{"rendered":"[vc_row type=&#8221;in_container&#8221; full_screen_row_position=&#8221;middle&#8221; column_margin=&#8221;default&#8221; column_direction=&#8221;default&#8221; column_direction_tablet=&#8221;default&#8221; column_direction_phone=&#8221;default&#8221; scene_position=&#8221;center&#8221; text_color=&#8221;dark&#8221; text_align=&#8221;left&#8221; row_border_radius=&#8221;none&#8221; row_border_radius_applies=&#8221;bg&#8221; row_position_desktop=&#8221;default&#8221; row_position_tablet=&#8221;inherit&#8221; row_position_phone=&#8221;inherit&#8221; overflow=&#8221;visible&#8221; overlay_strength=&#8221;0.3&#8243; gradient_direction=&#8221;left_to_right&#8221; shape_divider_position=&#8221;bottom&#8221; bg_image_animation=&#8221;none&#8221;][vc_column column_padding=&#8221;no-extra-padding&#8221; column_padding_tablet=&#8221;inherit&#8221; column_padding_phone=&#8221;inherit&#8221; column_padding_position=&#8221;all&#8221; flex_gap_desktop=&#8221;10px&#8221; column_element_direction_desktop=&#8221;default&#8221; column_element_spacing=&#8221;default&#8221; desktop_text_alignment=&#8221;default&#8221; tablet_text_alignment=&#8221;default&#8221; phone_text_alignment=&#8221;default&#8221; background_color_opacity=&#8221;1&#8243; background_hover_color_opacity=&#8221;1&#8243; column_backdrop_filter=&#8221;none&#8221; column_shadow=&#8221;none&#8221; column_border_radius=&#8221;none&#8221; column_link_target=&#8221;_self&#8221; column_position=&#8221;default&#8221; gradient_direction=&#8221;left_to_right&#8221; overlay_strength=&#8221;0.3&#8243; width=&#8221;1\/1&#8243; tablet_width_inherit=&#8221;default&#8221; animation_type=&#8221;default&#8221; bg_image_animation=&#8221;none&#8221; border_type=&#8221;simple&#8221; column_border_width=&#8221;none&#8221; column_border_style=&#8221;solid&#8221;][vc_column_text css=&#8221;&#8221; text_direction=&#8221;default&#8221;]\n<p class=\"p1\">Vectura SAPP prismatic est un luminaire lin\u00e9aire \u00e9troit sp\u00e9cialement con\u00e7u pour l&#8217;int\u00e9gration dans le plafond climatique Interalu SAPP\u00ae. Gr\u00e2ce \u00e0 sa conception r\u00e9fl\u00e9chie, le luminaire peut \u00eatre facilement int\u00e9gr\u00e9 sans modifications du plafond ou de la structure sous-jacente. <\/p>\n<p class=\"p1\">Le design long et \u00e9lanc\u00e9 souligne les lignes droites du concept de plafond SAPP et contribue \u00e0 un aspect de plafond calme et architectural. En m\u00eame temps, le luminaire offre une libert\u00e9 de conception car il peut \u00e9galement \u00eatre appliqu\u00e9 dans des motifs ludiques au sein de la structure de plafond. <\/p>\n<p class=\"p1\">Vectura SAPP prismatic est gradable DALI en standard et donc facile \u00e0 int\u00e9grer dans les syst\u00e8mes de contr\u00f4le d&#8217;\u00e9clairage. Gr\u00e2ce \u00e0 la variation des longueurs, le luminaire convient aux applications fonctionnelles et esth\u00e9tiques dans des projets vari\u00e9s. <\/p>\n<p class=\"p1\"><strong>Caract\u00e9ristiques principales<\/strong><\/p>\n<ul>\n<li class=\"p1\">Luminaire lin\u00e9aire \u00e9troit pour plafonds climatiques Interalu SAPP<\/li>\n<li class=\"p1\">Int\u00e9gration simple sans modifications du plafond ou de la structure<\/li>\n<li class=\"p1\">Design \u00e9lanc\u00e9 qui accentue les lignes droites<\/li>\n<li class=\"p1\">Adapt\u00e9 aux motifs de plafond lin\u00e9aires et ludiques<\/li>\n<li class=\"p1\">Gradable DALI en standard<\/li>\n<li class=\"p1\">Aspect architectural<\/li>\n<\/ul>\n<p><strong>Longueurs disponibles<\/strong><\/p>\n<ul>\n<li class=\"p1\">Disponible de 1000 mm \u00e0 4500 mm<\/li>\n<\/ul>\n<p class=\"p1\">Gr\u00e2ce \u00e0 sa conception flexible et \u00e0 sa gradabilit\u00e9, Vectura SAPP prismatic convient parfaitement aux applications dans les bureaux, b\u00e2timents \u00e9ducatifs, environnements de soins et autres espaces utilitaires o\u00f9 la conception d&#8217;\u00e9clairage et l&#8217;architecture de plafond se rencontrent.<\/p>\n[\/vc_column_text][\/vc_column][\/vc_row]\n","protected":false},"excerpt":{"rendered":"<p>Vectura SAPP prismatic est un luminaire \u00e0 int\u00e9grer dans le <a href=\"https:\/\/interalu.eu\/en\/kennis\/discover-sappceiling\">plafond climatique Interalu SAPP\u00ae<\/a> Gr\u00e2ce \u00e0 la conception de ce luminaire, il s&#8217;int\u00e8gre facilement sans modifications du plafond ou de sa structure.<\/p>\n<ul>\n<li>La taille du profil\u00e9 correspond \u00e0 la structure de plafond SAPP\u00ae<\/li>\n<li>Int\u00e9gration compl\u00e8te avec un aspect architectural<\/li>\n<li>Longueur 1000 mm, 1500 mm, 2000 mm, 2500 mm, 3000 mm, 3500 mm, 4000 mm et 4500 mm en standard<\/li>\n<li>Versions disponibles avec protection anti-\u00e9blouissement microprismatique (UGR&lt; 19)<\/li>\n<\/ul>\n<div><strong>T\u00e9l\u00e9chargements<\/strong><\/div>\n<div><\/div>\n<div><a class=\"button primary is-is-outline primary is-small\" href=\"https:\/\/atomis.nl\/downloads\/Photometrics-Vectura-prismatic.zip\" target=\"_blank\" rel=\"noopener\">Photom\u00e9trie Vectura SAPP Prismatic<\/a><\/div>\n","protected":false},"featured_media":13200,"template":"","meta":[],"product_brand":[],"product_cat":[14457,14458],"product_tag":[14800],"class_list":{"0":"post-89547","1":"product","2":"type-product","3":"status-publish","4":"has-post-thumbnail","6":"product_cat-luminaires-pour-plafonds-climatiques","7":"product_cat-luminaires-a-lamelles","8":"product_tag-vectura","9":"pa_armatuurefficientie-140lm-w","10":"pa_bevestiging-encastre","11":"pa_cie-flux-code-93-100-100-100-100-nl","12":"pa_driver-positie-driver-led-externe","13":"pa_driver-positie-fixe-au-luminaire","14":"pa_energielabel-a","15":"pa_familie-vectura","16":"pa_fotobiologische-veiligheid-cei-62471-rg1-faible-risque","17":"pa_glare-ugr-14969","18":"pa_ip-class-ip20-dessus-ip40-dessous","19":"pa_isolatieklasse-classe-i-nl","20":"pa_isolatieklasse-classe-ii-nl","21":"pa_kleurconsistentiesdcm-sdcm3-nl-2","22":"pa_kleurtemperatuur-2700k","23":"pa_kleurtemperatuur-3000k","24":"pa_kleurtemperatuur-3500k","25":"pa_kleurtemperatuur-4000k","26":"pa_kleurtemperatuur-blanc-accordable","27":"pa_kleurweergaveindex-cri-cri80","28":"pa_kleurweergaveindex-cri-cri90","29":"pa_lichtregeling-optionelle","30":"pa_lichtregeling-gradation-1-10-v","31":"pa_lichtregeling-gradation-casambi","32":"pa_lichtregeling-gradation-dali","33":"pa_materiaal-acrylique","34":"pa_materiaal-aluminium","35":"pa_noodverlichting-autonomie-de-secours-de-1-heure","36":"pa_noodverlichting-optionelle","37":"pa_noodverlichting-autonomie-optionnelle-de-1-heure-avec-autotest","38":"pa_omgevingstemperatuur-20c-40c-nl-2","39":"pa_optiek-diffuseur-opale","40":"pa_optiek-lentille-microprismatique","41":"pa_orientatie-vers-le-bas","42":"pa_packaging-dimensions-emballage-en-vrac","43":"pa_powerfactor-15205","44":"pa_primaire-aansluitingen-bst-14i2","45":"pa_primaire-aansluitingen-europlug","46":"pa_primaire-aansluitingen-gst18i3","47":"pa_primaire-aansluitingen-gst18i5-pastel-blue-nl-2","48":"pa_primaire-aansluitingen-sur-demande","49":"pa_primaire-aansluitingen-sur-le-driver","50":"pa_productkleur-sur-demande","51":"pa_producttoepassing-espaces-publics","52":"pa_producttoepassing-hotellerie-restauration","53":"pa_producttoepassing-bureau","54":"pa_self-adhesive-dust-cover-optionnel","55":"pa_verwachte-levensduur-l90b5060000h-tq-25c","56":"pa_vorm-rectangular-nl","58":"first","59":"instock","60":"shipping-taxable","61":"product-type-simple"},"_links":{"self":[{"href":"https:\/\/atomis.nl\/fr\/wp-json\/wp\/v2\/product\/89547","targetHints":{"allow":["GET"]}}],"collection":[{"href":"https:\/\/atomis.nl\/fr\/wp-json\/wp\/v2\/product"}],"about":[{"href":"https:\/\/atomis.nl\/fr\/wp-json\/wp\/v2\/types\/product"}],"wp:featuredmedia":[{"embeddable":true,"href":"https:\/\/atomis.nl\/fr\/wp-json\/wp\/v2\/media\/13200"}],"wp:attachment":[{"href":"https:\/\/atomis.nl\/fr\/wp-json\/wp\/v2\/media?parent=89547"}],"wp:term":[{"taxonomy":"product_brand","embeddable":true,"href":"https:\/\/atomis.nl\/fr\/wp-json\/wp\/v2\/product_brand?post=89547"},{"taxonomy":"product_cat","embeddable":true,"href":"https:\/\/atomis.nl\/fr\/wp-json\/wp\/v2\/product_cat?post=89547"},{"taxonomy":"product_tag","embeddable":true,"href":"https:\/\/atomis.nl\/fr\/wp-json\/wp\/v2\/product_tag?post=89547"}],"curies":[{"name":"wp","href":"https:\/\/api.w.org\/{rel}","templated":true}]}}