{"id":89861,"date":"2023-11-28T15:44:06","date_gmt":"2023-11-28T15:44:06","guid":{"rendered":"https:\/\/atomis.nl\/producten\/module-duo-spot\/"},"modified":"2026-04-07T14:36:48","modified_gmt":"2026-04-07T14:36:48","slug":"module-duo-spot","status":"publish","type":"product","link":"https:\/\/atomis.nl\/fr\/produits\/module-duo-spot\/","title":{"rendered":"Module duo-spot"},"content":{"rendered":"[vc_row type=&#8221;in_container&#8221; full_screen_row_position=&#8221;middle&#8221; column_margin=&#8221;default&#8221; column_direction=&#8221;default&#8221; column_direction_tablet=&#8221;default&#8221; column_direction_phone=&#8221;default&#8221; scene_position=&#8221;center&#8221; text_color=&#8221;dark&#8221; text_align=&#8221;left&#8221; row_border_radius=&#8221;none&#8221; row_border_radius_applies=&#8221;bg&#8221; row_position_desktop=&#8221;default&#8221; row_position_tablet=&#8221;inherit&#8221; row_position_phone=&#8221;inherit&#8221; overflow=&#8221;visible&#8221; overlay_strength=&#8221;0.3&#8243; gradient_direction=&#8221;left_to_right&#8221; shape_divider_position=&#8221;bottom&#8221; bg_image_animation=&#8221;none&#8221;][vc_column column_padding=&#8221;no-extra-padding&#8221; column_padding_tablet=&#8221;inherit&#8221; column_padding_phone=&#8221;inherit&#8221; column_padding_position=&#8221;all&#8221; flex_gap_desktop=&#8221;10px&#8221; column_element_direction_desktop=&#8221;default&#8221; column_element_spacing=&#8221;default&#8221; desktop_text_alignment=&#8221;default&#8221; tablet_text_alignment=&#8221;default&#8221; phone_text_alignment=&#8221;default&#8221; background_color_opacity=&#8221;1&#8243; background_hover_color_opacity=&#8221;1&#8243; column_backdrop_filter=&#8221;none&#8221; column_shadow=&#8221;none&#8221; column_border_radius=&#8221;none&#8221; column_link_target=&#8221;_self&#8221; column_position=&#8221;default&#8221; gradient_direction=&#8221;left_to_right&#8221; overlay_strength=&#8221;0.3&#8243; width=&#8221;1\/1&#8243; tablet_width_inherit=&#8221;default&#8221; animation_type=&#8221;default&#8221; bg_image_animation=&#8221;none&#8221; border_type=&#8221;simple&#8221; column_border_width=&#8221;none&#8221; column_border_style=&#8221;solid&#8221;][vc_column_text css=&#8221;&#8221; text_direction=&#8221;default&#8221;]\n<h2 class=\"p1\"><b>Module duo-spot, l&#8217;\u00e9clairage polyvalent pour les espaces modernes<\/b><b><\/b><\/h2>\n<p class=\"p3\">Le Module LED Duo-Spot est soigneusement con\u00e7u pour red\u00e9finir votre exp\u00e9rience lumineuse. Ce panneau rectangulaire \u00e9l\u00e9gant est \u00e9quip\u00e9 de deux spots LED orientables, permettant d&#8217;\u00e9clairer chaque espace avec pr\u00e9cision et style. Gr\u00e2ce aux spots orientables individuellement, vous avez un contr\u00f4le total sur le faisceau lumineux et adaptez l&#8217;\u00e9clairage sans effort \u00e0 vos besoins et applications sp\u00e9cifiques. Qu&#8217;il s&#8217;agisse d&#8217;accentuer des d\u00e9tails d&#8217;int\u00e9rieur ou de cr\u00e9er un \u00e9clairage de travail fonctionnel, le Module LED Duo-Spot s&#8217;adapte parfaitement \u00e0 toute situation.   <\/p>\n<h2 class=\"p1\"><b>Conception orientable innovante<\/b><\/h2>\n<p>Ce qui distingue le Module LED Duo-Spot est sa remarquable adaptabilit\u00e9. Chaque spot LED peut \u00eatre orient\u00e9 vers le bas et remont\u00e9 de mani\u00e8re fluide dans l&#8217;ouverture de l&#8217;armature, assurant un ajustement plat et discret. Cette conception r\u00e9fl\u00e9chie emp\u00eache les spots de d\u00e9passer sous le cadre \u00e9pur\u00e9, pr\u00e9servant ainsi un rendu net et uniforme dans votre \u00e9clairage de plafond. Gr\u00e2ce \u00e0 cette fonction, vous pouvez obtenir un aspect raffin\u00e9 et \u00e9pur\u00e9 tout en adaptant l&#8217;\u00e9clairage \u00e0 l&#8217;ambiance souhait\u00e9e.   <\/p>\n<h2>Fixation magn\u00e9tique pour une installation facile<\/h2>\n<p>La facilit\u00e9 d&#8217;installation est un autre point fort majeur du Module LED Duo-Spot. Avec un syst\u00e8me de fixation magn\u00e9tique, l&#8217;unit\u00e9 est con\u00e7ue pour un montage rapide et s\u00e9curis\u00e9 dans les ouvertures de plafond existantes. Cette approche intuitive \u00e9limine le besoin d&#8217;outils complexes ou de processus d&#8217;installation prolong\u00e9s, garantissant une installation sans probl\u00e8me dans les environnements r\u00e9sidentiels comme commerciaux. Le Module LED Duo-Spot n&#8217;est pas seulement fonctionnel mais aussi convivial, en faisant un excellent choix pour diverses applications d&#8217;\u00e9clairage.   <\/p>\n<p>Modernisez votre espace avec le Module LED Duo-Spot et d\u00e9couvrez une adaptabilit\u00e9 d&#8217;\u00e9clairage in\u00e9gal\u00e9e combin\u00e9e \u00e0 un design \u00e9l\u00e9gant. Parfait pour les int\u00e9rieurs modernes, ce panneau introduit un m\u00e9lange d&#8217;utilit\u00e9 pratique, d&#8217;innovation et d&#8217;esth\u00e9tique raffin\u00e9e qui sublime chaque espace qu&#8217;il orne.[\/vc_column_text][\/vc_column][\/vc_row]\n","protected":false},"excerpt":{"rendered":"<p>Le module duo-spot est un panneau rectangulaire \u00e9quip\u00e9 de deux spots LED orientables. Les spots peuvent \u00eatre dirig\u00e9s individuellement. Lorsque le spot est orient\u00e9 vers le bas, il peut \u00e9galement \u00eatre remont\u00e9 dans l&#8217;ouverture de l&#8217;armature, de sorte qu&#8217;il ne d\u00e9passe pas sous le cadre.  <\/p>\n<ul>\n<li>Installation facile avec fixation magn\u00e9tique<\/li>\n<li>Deux spots r\u00e9glables individuellement avec une distance mutuelle de 300 mm<\/li>\n<li>Disponible en finition noire mate ou blanche mate<\/li>\n<\/ul>\n<div><strong>T\u00e9l\u00e9chargements<\/strong><\/div>\n<div><\/div>\n<div>[button size=\"small\" style=\"is-outline primary\" text=\"Photom\u00e9trie Oxo 35 White\" link=\"https:\/\/atomis.nl\/downloads\/Photometrics-Nano-35.zip\" target=\"_blank\"]<\/div>\n<div><\/div>\n","protected":false},"featured_media":61199,"template":"","meta":[],"product_brand":[],"product_cat":[14471],"product_tag":[14792],"class_list":{"0":"post-89861","1":"product","2":"type-product","3":"status-publish","4":"has-post-thumbnail","6":"product_cat-luminaires-de-renovation-et-de-retrofit","7":"product_tag-nano","8":"pa_air-extraction-facultatif","9":"pa_armatuurefficientie-140lm-w","10":"pa_armatuurefficientie-70lm-w","11":"pa_bevestiging-encastre","12":"pa_cie-flux-code-93-100-100-100-100-nl","13":"pa_driver-positie-driver-led-externe","14":"pa_energielabel-a","15":"pa_familie-nano","16":"pa_fotobiologische-veiligheid-cei-62471-rg1-faible-risque","17":"pa_glare-ugr-s-o","18":"pa_ip-class-ip20-dessus-ip40-dessous","19":"pa_isolatieklasse-classe-ii-nl","20":"pa_kleurconsistentiesdcm-sdcm2","21":"pa_kleurtemperatuur-2700k","22":"pa_kleurtemperatuur-3000k","23":"pa_kleurtemperatuur-3500k","24":"pa_kleurtemperatuur-4000k","25":"pa_kleurweergaveindex-cri-cri97-nl-2","26":"pa_lichtregeling-optionelle","27":"pa_lichtregeling-gradation-1-10-v","28":"pa_lichtregeling-gradation-casambi","29":"pa_lichtregeling-gradation-dali","30":"pa_materiaal-acier","31":"pa_materiaal-acrylique","32":"pa_materiaal-aluminium","33":"pa_noodverlichting-autonomie-de-secours-de-1-heure","34":"pa_noodverlichting-optionelle","35":"pa_noodverlichting-autonomie-optionnelle-de-1-heure-avec-autotest","36":"pa_omgevingstemperatuur-20c-40c-nl-2","37":"pa_optiek-lentille","38":"pa_orientatie-orientable","39":"pa_orientatie-vers-le-bas","40":"pa_packaging-dimensions-emballage-en-vrac","41":"pa_powerfactor-15205","42":"pa_primaire-aansluitingen-bst-14i2","43":"pa_primaire-aansluitingen-europlug","44":"pa_primaire-aansluitingen-gst18i3","45":"pa_primaire-aansluitingen-gst18i5-pastel-blue-nl-2","46":"pa_primaire-aansluitingen-sur-demande","47":"pa_primaire-aansluitingen-sur-le-driver","48":"pa_productkleur-sur-demande","49":"pa_producttoepassing-education","50":"pa_producttoepassing-espaces-publics","51":"pa_producttoepassing-hotellerie-restauration","52":"pa_producttoepassing-bureau","53":"pa_self-adhesive-dust-cover-optionnel","54":"pa_spot-bundle-fwhm-15053","55":"pa_spot-bundle-fwhm-15055","56":"pa_spot-bundle-fwhm-15057","57":"pa_spot-bundle-fwhm-15060","58":"pa_verwachte-levensduur-l90b5060000h-tq-25c","59":"pa_voltage-frequentie-220-240v-50-60hz","60":"pa_vorm-rectangular-nl","62":"first","63":"instock","64":"shipping-taxable","65":"product-type-simple"},"_links":{"self":[{"href":"https:\/\/atomis.nl\/fr\/wp-json\/wp\/v2\/product\/89861","targetHints":{"allow":["GET"]}}],"collection":[{"href":"https:\/\/atomis.nl\/fr\/wp-json\/wp\/v2\/product"}],"about":[{"href":"https:\/\/atomis.nl\/fr\/wp-json\/wp\/v2\/types\/product"}],"wp:featuredmedia":[{"embeddable":true,"href":"https:\/\/atomis.nl\/fr\/wp-json\/wp\/v2\/media\/61199"}],"wp:attachment":[{"href":"https:\/\/atomis.nl\/fr\/wp-json\/wp\/v2\/media?parent=89861"}],"wp:term":[{"taxonomy":"product_brand","embeddable":true,"href":"https:\/\/atomis.nl\/fr\/wp-json\/wp\/v2\/product_brand?post=89861"},{"taxonomy":"product_cat","embeddable":true,"href":"https:\/\/atomis.nl\/fr\/wp-json\/wp\/v2\/product_cat?post=89861"},{"taxonomy":"product_tag","embeddable":true,"href":"https:\/\/atomis.nl\/fr\/wp-json\/wp\/v2\/product_tag?post=89861"}],"curies":[{"name":"wp","href":"https:\/\/api.w.org\/{rel}","templated":true}]}}