{"id":89868,"date":"2023-10-06T08:33:39","date_gmt":"2023-10-06T08:33:39","guid":{"rendered":"https:\/\/atomis.nl\/producten\/stratos-k-70\/"},"modified":"2026-04-01T06:41:34","modified_gmt":"2026-04-01T06:41:34","slug":"stratos-k-70","status":"publish","type":"product","link":"https:\/\/atomis.nl\/fr\/produits\/stratos-k-70\/","title":{"rendered":"Stratos-K 70"},"content":{"rendered":"[vc_row type=&#8221;in_container&#8221; full_screen_row_position=&#8221;middle&#8221; column_margin=&#8221;default&#8221; column_direction=&#8221;default&#8221; column_direction_tablet=&#8221;default&#8221; column_direction_phone=&#8221;default&#8221; scene_position=&#8221;center&#8221; text_color=&#8221;dark&#8221; text_align=&#8221;left&#8221; row_border_radius=&#8221;none&#8221; row_border_radius_applies=&#8221;bg&#8221; row_position_desktop=&#8221;default&#8221; row_position_tablet=&#8221;inherit&#8221; row_position_phone=&#8221;inherit&#8221; overflow=&#8221;visible&#8221; overlay_strength=&#8221;0.3&#8243; gradient_direction=&#8221;left_to_right&#8221; shape_divider_position=&#8221;bottom&#8221; bg_image_animation=&#8221;none&#8221;][vc_column column_padding=&#8221;no-extra-padding&#8221; column_padding_tablet=&#8221;inherit&#8221; column_padding_phone=&#8221;inherit&#8221; column_padding_position=&#8221;all&#8221; flex_gap_desktop=&#8221;10px&#8221; column_element_direction_desktop=&#8221;default&#8221; column_element_spacing=&#8221;default&#8221; desktop_text_alignment=&#8221;default&#8221; tablet_text_alignment=&#8221;default&#8221; phone_text_alignment=&#8221;default&#8221; background_color_opacity=&#8221;1&#8243; background_hover_color_opacity=&#8221;1&#8243; column_backdrop_filter=&#8221;none&#8221; column_shadow=&#8221;none&#8221; column_border_radius=&#8221;none&#8221; column_link_target=&#8221;_self&#8221; column_position=&#8221;default&#8221; gradient_direction=&#8221;left_to_right&#8221; overlay_strength=&#8221;0.3&#8243; width=&#8221;1\/1&#8243; tablet_width_inherit=&#8221;default&#8221; animation_type=&#8221;default&#8221; bg_image_animation=&#8221;none&#8221; border_type=&#8221;simple&#8221; column_border_width=&#8221;none&#8221; column_border_style=&#8221;solid&#8221;][vc_column_text css_animation=&#8221;bounceIn&#8221; css=&#8221;&#8221; text_direction=&#8221;default&#8221;]Stratos-K 70 est un luminaire LED lin\u00e9aire con\u00e7u pour une application dans les plafonds climatiques \u00e0 syst\u00e8mes de trames apparentes. Le luminaire se compose dun profil\u00e9 en aluminium extrud\u00e9 servant \u00e9galement de r\u00e9flecteur. La partie inf\u00e9rieure est \u00e9quip\u00e9e dune optique microprismatique (UGR  19 pour les bureaux selon la norme NEN-EN 12464-1). Les extr\u00e9mit\u00e9s disposent dune plaque de finition avec crochet en C pour le montage sur trames. La longueur totale peut \u00eatre sp\u00e9cifi\u00e9e entre 900 mm et 1720 mm. La partie lumineuse est disponible en longueurs de 840, 1120, 1400, 1700 ou 1720 mm. Une option dextraction par le pl\u00e9num est disponible. Un large choix de capteurs est propos\u00e9, incluant la r\u00e9gulation selon la lumi\u00e8re du jour et la d\u00e9tection de pr\u00e9sence.        Ces luminaires conviennent parfaitement aux bureaux, \u00e9coles, \u00e9tablissements de sant\u00e9 et autres espaces publics.[\/vc_column_text][\/vc_column][\/vc_row]\n","protected":false},"excerpt":{"rendered":"<p>Stratos-K 70 est un luminaire LED lin\u00e9aire con\u00e7u pour les plafonds climatiques \u00e0 trames apparentes. Le luminaire est dot\u00e9 dune optique microprismatique (UGR  19 pour les bureaux selon la norme NEN-EN 12464-1). <\/p>\n<ul>\n<li>Construction en aluminium thermolaqu\u00e9<\/li>\n<li>\u00c9quip\u00e9 dune lentille prismatique (UGR 19)<\/li>\n<li>Versions \u00e0 blanc variable ou \u00e0 \u00e9clairage m\u00e9lanopique disponibles<\/li>\n<li>Le montage par crochet en C facilite l&#8217;installation<\/li>\n<li>Convient pour une utilisation dans les bureaux, les \u00e9coles, les centres de soins et autres \u00e9tablissements publics.<\/li>\n<\/ul>\n<div><strong>T\u00e9l\u00e9chargements<\/strong><\/div>\n<div><\/div>\n<div>[button size=\"small\" style=\"is-outline primary\" text=\"Photom\u00e9trie Stratos-K 70\" link=\"https:\/\/atomis.nl\/downloads\/Photometrics-Stratos-70.zip\" target=\"_blank\"]<\/div>\n<div><\/div>\n<div><strong>Composez votre propre produit, t\u00e9l\u00e9chargez la fiche technique PDF ou ajoutez au devis :<\/strong><\/div>\n","protected":false},"featured_media":59919,"template":"","meta":[],"product_brand":[],"product_cat":[14457],"product_tag":[14796],"class_list":{"0":"post-89868","1":"product","2":"type-product","3":"status-publish","4":"has-post-thumbnail","6":"product_cat-luminaires-pour-plafonds-climatiques","7":"product_tag-stratos","8":"pa_air-extraction-facultatif","9":"pa_armatuurefficientie-140lm-w","10":"pa_bevestiging-encastre","11":"pa_breedte-70mm-nl","12":"pa_cie-flux-code-93-100-100-100-100-nl","13":"pa_driver-positie-driver-led-externe","14":"pa_driver-positie-fixe-au-luminaire","15":"pa_energielabel-a","16":"pa_familie-stratos","17":"pa_fotobiologische-veiligheid-cei-62471-rg1-faible-risque","18":"pa_glare-ugr-14969","19":"pa_ip-class-ip20-dessus-ip40-dessous","20":"pa_isolatieklasse-classe-ii-nl","21":"pa_kleurconsistentiesdcm-sdcm3-nl-2","22":"pa_kleurtemperatuur-2700k","23":"pa_kleurtemperatuur-3000k","24":"pa_kleurtemperatuur-3500k","25":"pa_kleurtemperatuur-4000k","26":"pa_kleurtemperatuur-blanc-accordable","27":"pa_kleurweergaveindex-cri-cri80","28":"pa_kleurweergaveindex-cri-cri90","29":"pa_lengte-1720mm-nl","30":"pa_lichtregeling-optionelle","31":"pa_lichtregeling-gradation-1-10-v","32":"pa_lichtregeling-gradation-casambi","33":"pa_lichtregeling-gradation-dali","34":"pa_materiaal-acrylique","35":"pa_materiaal-aluminium","36":"pa_noodverlichting-autonomie-de-secours-de-1-heure","37":"pa_noodverlichting-optionelle","38":"pa_noodverlichting-autonomie-optionnelle-de-1-heure-avec-autotest","39":"pa_omgevingstemperatuur-20c-40c-nl-2","40":"pa_optiek-diffuseur-opale","41":"pa_optiek-lentille-microprismatique","42":"pa_orientatie-vers-le-bas","43":"pa_packaging-dimensions-emballage-en-vrac","44":"pa_powerfactor-15205","45":"pa_primaire-aansluitingen-bst-14i2","46":"pa_primaire-aansluitingen-europlug","47":"pa_primaire-aansluitingen-gst18i3","48":"pa_primaire-aansluitingen-gst18i5-pastel-blue-nl-2","49":"pa_primaire-aansluitingen-sur-demande","50":"pa_primaire-aansluitingen-sur-le-driver","51":"pa_productkleur-sur-demande","52":"pa_producttoepassing-education","53":"pa_producttoepassing-espaces-publics","54":"pa_producttoepassing-hotellerie-restauration","55":"pa_producttoepassing-bureau","56":"pa_self-adhesive-dust-cover-optionnel","57":"pa_verwachte-levensduur-l90b5060000h-tq-25c","58":"pa_voltage-frequentie-220-240v-50-60hz","59":"pa_vorm-rectangular-nl","61":"first","62":"instock","63":"shipping-taxable","64":"product-type-simple"},"_links":{"self":[{"href":"https:\/\/atomis.nl\/fr\/wp-json\/wp\/v2\/product\/89868","targetHints":{"allow":["GET"]}}],"collection":[{"href":"https:\/\/atomis.nl\/fr\/wp-json\/wp\/v2\/product"}],"about":[{"href":"https:\/\/atomis.nl\/fr\/wp-json\/wp\/v2\/types\/product"}],"wp:featuredmedia":[{"embeddable":true,"href":"https:\/\/atomis.nl\/fr\/wp-json\/wp\/v2\/media\/59919"}],"wp:attachment":[{"href":"https:\/\/atomis.nl\/fr\/wp-json\/wp\/v2\/media?parent=89868"}],"wp:term":[{"taxonomy":"product_brand","embeddable":true,"href":"https:\/\/atomis.nl\/fr\/wp-json\/wp\/v2\/product_brand?post=89868"},{"taxonomy":"product_cat","embeddable":true,"href":"https:\/\/atomis.nl\/fr\/wp-json\/wp\/v2\/product_cat?post=89868"},{"taxonomy":"product_tag","embeddable":true,"href":"https:\/\/atomis.nl\/fr\/wp-json\/wp\/v2\/product_tag?post=89868"}],"curies":[{"name":"wp","href":"https:\/\/api.w.org\/{rel}","templated":true}]}}