{"id":89889,"date":"2023-05-24T12:21:24","date_gmt":"2023-05-24T12:21:24","guid":{"rendered":"https:\/\/atomis.nl\/producten\/meson-rond-190-applique-murale-refit\/"},"modified":"2026-03-27T00:28:15","modified_gmt":"2026-03-27T00:28:15","slug":"meson-rond-190-applique-murale-refit","status":"publish","type":"product","link":"https:\/\/atomis.nl\/fr\/produits\/meson-rond-190-applique-murale-refit\/","title":{"rendered":"Meson rond 190 applique murale Refit"},"content":{"rendered":"[vc_row type=&#8221;in_container&#8221; full_screen_row_position=&#8221;middle&#8221; column_margin=&#8221;default&#8221; column_direction=&#8221;default&#8221; column_direction_tablet=&#8221;default&#8221; column_direction_phone=&#8221;default&#8221; scene_position=&#8221;center&#8221; text_color=&#8221;dark&#8221; text_align=&#8221;left&#8221; row_border_radius=&#8221;none&#8221; row_border_radius_applies=&#8221;bg&#8221; row_position_desktop=&#8221;default&#8221; row_position_tablet=&#8221;inherit&#8221; row_position_phone=&#8221;inherit&#8221; overflow=&#8221;visible&#8221; overlay_strength=&#8221;0.3&#8243; gradient_direction=&#8221;left_to_right&#8221; shape_divider_position=&#8221;bottom&#8221; bg_image_animation=&#8221;none&#8221;][vc_column column_padding=&#8221;no-extra-padding&#8221; column_padding_tablet=&#8221;inherit&#8221; column_padding_phone=&#8221;inherit&#8221; column_padding_position=&#8221;all&#8221; flex_gap_desktop=&#8221;10px&#8221; column_element_direction_desktop=&#8221;default&#8221; column_element_spacing=&#8221;default&#8221; desktop_text_alignment=&#8221;default&#8221; tablet_text_alignment=&#8221;default&#8221; phone_text_alignment=&#8221;default&#8221; background_color_opacity=&#8221;1&#8243; background_hover_color_opacity=&#8221;1&#8243; column_backdrop_filter=&#8221;none&#8221; column_shadow=&#8221;none&#8221; column_border_radius=&#8221;none&#8221; column_link_target=&#8221;_self&#8221; column_position=&#8221;default&#8221; gradient_direction=&#8221;left_to_right&#8221; overlay_strength=&#8221;0.3&#8243; width=&#8221;1\/1&#8243; tablet_width_inherit=&#8221;default&#8221; animation_type=&#8221;default&#8221; bg_image_animation=&#8221;none&#8221; border_type=&#8221;simple&#8221; column_border_width=&#8221;none&#8221; column_border_style=&#8221;solid&#8221;][vc_column_text css_animation=&#8221;bounceIn&#8221; css=&#8221;&#8221; text_direction=&#8221;default&#8221;]Le Meson Round 190 Wallwasher Refit est un downlight LED encastr\u00e9 de haute qualit\u00e9 avec une distribution lumineuse asym\u00e9trique, con\u00e7u pour l\u00e9clairage uniforme de surfaces verticales telles que les murs et les \u00e9tag\u00e8res.<\/p>\n<p>Pour un fonctionnement optimal de l&#8217;\u00e9clairage mural, la distance entre le luminaire et le mur doit \u00eatre de 50 \u00e0 60 centim\u00e8tres maximum. Cela cr\u00e9e une distribution uniforme de la lumi\u00e8re sur toute la surface du mur sans ombrage. <\/p>\n<p>L&#8217;unit\u00e9 centrale du luminaire peut \u00eatre tourn\u00e9e \u00e0 l&#8217;int\u00e9rieur du bord de recouvrement, ce qui permet d&#8217;adapter pr\u00e9cis\u00e9ment la direction de la lumi\u00e8re \u00e0 l&#8217;application souhait\u00e9e. Cela offre une flexibilit\u00e9 suppl\u00e9mentaire lors de l&#8217;installation et de la conception de l&#8217;\u00e9clairage. <\/p>\n<p>Le r\u00e9flecteur m\u00e9tallis\u00e9 pr\u00e9sente un faible \u00e9blouissement lors de lobservation de la surface \u00e9clair\u00e9e. Cela rend le Meson Round 190 Wallwasher Refit particuli\u00e8rement adapt\u00e9 \u00e0 l\u00e9clairage d\u00e9tag\u00e8res et de murs dans les magasins, restaurants, bureaux et autres environnements commerciaux. <\/p>\n<p>Le luminaire diffuse une lumi\u00e8re blanc chaud avec un excellent indice de rendu des couleurs, assurant une pr\u00e9sentation naturelle et qualitative des mat\u00e9riaux et des objets.<\/p>\n<p>Le Meson Round 190 Wallwasher Refit est \u00e9quip\u00e9 dun driver puissant avec correction \u00e9lectronique du facteur de puissance pour des performances stables et une utilisation efficace de l\u00e9nergie. Le montage seffectue via une fixation \u00e0 ressorts, permettant une installation rapide et facile dans les faux plafonds. <\/p>\n<p>La version Refit est techniquement identique au Meson Round 190 Wallwasher standard, mais elle est dot\u00e9e dune collerette plus large. Le diam\u00e8tre de la collerette est de 245 millim\u00e8tres au lieu de 190 millim\u00e8tres, ce qui rend le luminaire adapt\u00e9 aux d\u00e9coupes de plafond existantes plus grandes et aux projets de r\u00e9novation. <\/p>\n<p><strong>Caract\u00e9ristiques principales<\/strong><\/p>\n<p>\u2022 Downlight LED encastr\u00e9 \u00e0 r\u00e9partition lumineuse asym\u00e9trique<br \/>\n\u2022 Sp\u00e9cialement con\u00e7u pour les applications de l\u00e8che-mur<br \/>\n\u2022 Distance optimale par rapport au mur : 50 \u00e0 60 centim\u00e8tres<br \/>\n\u2022 Unit\u00e9 centrale pivotante pour une orientation pr\u00e9cise de la lumi\u00e8re<br \/>\n\u2022 R\u00e9flecteur m\u00e9tallis\u00e9 \u00e0 faible \u00e9blouissement<br \/>\n\u2022 Lumi\u00e8re blanc chaud<br \/>\n\u2022 Excellent indice de rendu des couleurs<br \/>\n\u2022 Driver puissant avec correction \u00e9lectronique du facteur de puissance<br \/>\n\u2022 Montage facile dans les faux plafonds<br \/>\n\u2022 Fixation par ressorts \u00e0 fil<br \/>\n\u2022 Version Refit avec collerette large<br \/>\n\u2022 Diam\u00e8tre de la collerette : 245 millim\u00e8tres<\/p>\n<p>Le Meson Round 190 Wallwasher Refit constitue ainsi une solution d\u00e9clairage flexible et de haute qualit\u00e9 pour les projets de r\u00e9novation o\u00f9 les plafonds existants sont conserv\u00e9s et o\u00f9 les murs doivent \u00eatre \u00e9clair\u00e9s de mani\u00e8re uniforme et confortable.[\/vc_column_text][\/vc_column][\/vc_row]\n","protected":false},"excerpt":{"rendered":"<p>Meson rond 190 applique murale Refit est un downlight LED encastrable de haute qualit\u00e9 avec une distribution de lumi\u00e8re asym\u00e9trique. Pour assurer un \u00e9clairage uniforme sur toute la surface, la distance au mur pour les appliques murales ne doit pas d\u00e9passer 50 \u00e0 60 cm. L&#8217;unit\u00e9 centrale peut \u00eatre tourn\u00e9e dans le bord de recouvrement pour ajuster la direction du spot. Les versions Refit sont identiques aux versions Meson standard. Cependant, le bord de recouvrement est plus grand, non pas \u00d8190 mm mais \u00d8245 mm.    <\/p>\n<ul>\n<li>Assure un \u00e9clairage uniforme des murs<\/li>\n<li>L&#8217;unit\u00e9 centrale peut \u00eatre tourn\u00e9e dans le bord de recouvrement pour ajuster la direction du spot<\/li>\n<li>Particuli\u00e8rement adapt\u00e9 \u00e0 l&#8217;\u00e9clairage de magasin<\/li>\n<li>\u00c9clairage \u00e0 faible \u00e9blouissement<\/li>\n<li>Bord de recouvrement plus large&nbsp;: \u00d8245 mm<\/li>\n<\/ul>\n<p><strong>T\u00e9l\u00e9chargements<\/strong><\/p>\n<p><a class=\"button primary is-is-outline primary is-small\" href=\"https:\/\/atomis.nl\/downloads\/Photometrics-Meson-round-190-wallwasher.zip\" target=\"_blank\" rel=\"noopener\">Photom\u00e9trie Meson round 190 wallwasher Refit<\/a><\/p>\n","protected":false},"featured_media":52310,"template":"","meta":[],"product_brand":[],"product_cat":[791],"product_tag":[14287],"class_list":{"0":"post-89889","1":"product","2":"type-product","3":"status-publish","4":"has-post-thumbnail","6":"product_cat-downlights-en-inbouwspots","7":"product_tag-meson","8":"pa_air-extraction-n-v-t","9":"pa_armatuurefficientie-125lm-w","10":"pa_bevestiging-inbouw","11":"pa_cie-flux-code-93-100-100-100-100-nl","12":"pa_driver-positie-losliggende-driver","13":"pa_energielabel-a","14":"pa_familie-meson","15":"pa_fotobiologische-veiligheid-iec-62471-rg1-low-risk-nl","16":"pa_glare-ugr-14960","17":"pa_glare-ugr-ugr-22-nl","18":"pa_ip-class-ip20-top-ip40-bottom-nl-2","19":"pa_isolatieklasse-class-ii-nl","20":"pa_kleurconsistentiesdcm-sdcm2","21":"pa_kleurtemperatuur-2700k","22":"pa_kleurtemperatuur-3000k","23":"pa_kleurtemperatuur-3500k","24":"pa_kleurtemperatuur-4000k","25":"pa_kleurtemperatuur-blanc-accordable","26":"pa_kleurweergaveindex-cri-cri80","27":"pa_kleurweergaveindex-cri-cri90","28":"pa_kleurweergaveindex-cri-cri97-nl-2","29":"pa_lichtregeling-optioneel","30":"pa_lichtregeling-dimmed-1-10v-nl-2","31":"pa_lichtregeling-casambi-gedimd","32":"pa_lichtregeling-dimmed-dali-nl-2","33":"pa_materiaal-steel-nl","34":"pa_materiaal-acrylate-nl","35":"pa_noodverlichting-1-uur-noodstroom","36":"pa_noodverlichting-optioneel","37":"pa_noodverlichting-optioneel-1-uur-autonoom-autotest","38":"pa_omgevingstemperatuur-20c-40c-nl-2","39":"pa_optiek-reflector","40":"pa_orientatie-naar-beneden","41":"pa_packaging-dimensions-bulkverpakking","42":"pa_powerfactor-15191","43":"pa_primaire-aansluitingen-bst-14i2","44":"pa_primaire-aansluitingen-europlug","45":"pa_primaire-aansluitingen-gst18i3","46":"pa_primaire-aansluitingen-gst18i5-pastel-blue-nl-2","47":"pa_primaire-aansluitingen-sur-demande","48":"pa_primaire-aansluitingen-sur-le-driver","49":"pa_productkleur-op-aanvraag","50":"pa_producttoepassing-onderwijs","51":"pa_producttoepassing-expositieruimtes","52":"pa_producttoepassing-openbare-ruimtes","53":"pa_producttoepassing-horeca","54":"pa_producttoepassing-kantoren","55":"pa_producttoepassing-retail","56":"pa_self-adhesive-dust-cover-optional-nl","57":"pa_verwachte-levensduur-l90b5060000h-tq-25c","58":"pa_voltage-frequentie-220-240v-50-60hz","59":"pa_vorm-round-nl","61":"first","62":"instock","63":"shipping-taxable","64":"product-type-simple"},"_links":{"self":[{"href":"https:\/\/atomis.nl\/fr\/wp-json\/wp\/v2\/product\/89889","targetHints":{"allow":["GET"]}}],"collection":[{"href":"https:\/\/atomis.nl\/fr\/wp-json\/wp\/v2\/product"}],"about":[{"href":"https:\/\/atomis.nl\/fr\/wp-json\/wp\/v2\/types\/product"}],"wp:featuredmedia":[{"embeddable":true,"href":"https:\/\/atomis.nl\/fr\/wp-json\/wp\/v2\/media\/52310"}],"wp:attachment":[{"href":"https:\/\/atomis.nl\/fr\/wp-json\/wp\/v2\/media?parent=89889"}],"wp:term":[{"taxonomy":"product_brand","embeddable":true,"href":"https:\/\/atomis.nl\/fr\/wp-json\/wp\/v2\/product_brand?post=89889"},{"taxonomy":"product_cat","embeddable":true,"href":"https:\/\/atomis.nl\/fr\/wp-json\/wp\/v2\/product_cat?post=89889"},{"taxonomy":"product_tag","embeddable":true,"href":"https:\/\/atomis.nl\/fr\/wp-json\/wp\/v2\/product_tag?post=89889"}],"curies":[{"name":"wp","href":"https:\/\/api.w.org\/{rel}","templated":true}]}}