{"id":89893,"date":"2021-07-27T08:18:29","date_gmt":"2021-07-27T08:18:29","guid":{"rendered":"https:\/\/atomis.nl\/producten\/linterna-k\/"},"modified":"2026-03-23T10:31:55","modified_gmt":"2026-03-23T10:31:55","slug":"linterna-k","status":"publish","type":"product","link":"https:\/\/atomis.nl\/fr\/produits\/linterna-k\/","title":{"rendered":"Linterna-K"},"content":{"rendered":"[vc_row type=&#8221;in_container&#8221; full_screen_row_position=&#8221;middle&#8221; column_margin=&#8221;default&#8221; column_direction=&#8221;default&#8221; column_direction_tablet=&#8221;default&#8221; column_direction_phone=&#8221;default&#8221; scene_position=&#8221;center&#8221; text_color=&#8221;dark&#8221; text_align=&#8221;left&#8221; row_border_radius=&#8221;none&#8221; row_border_radius_applies=&#8221;bg&#8221; row_position_desktop=&#8221;default&#8221; row_position_tablet=&#8221;inherit&#8221; row_position_phone=&#8221;inherit&#8221; overflow=&#8221;visible&#8221; overlay_strength=&#8221;0.3&#8243; gradient_direction=&#8221;left_to_right&#8221; shape_divider_position=&#8221;bottom&#8221; bg_image_animation=&#8221;none&#8221;][vc_column column_padding=&#8221;no-extra-padding&#8221; column_padding_tablet=&#8221;inherit&#8221; column_padding_phone=&#8221;inherit&#8221; column_padding_position=&#8221;all&#8221; flex_gap_desktop=&#8221;10px&#8221; column_element_direction_desktop=&#8221;default&#8221; column_element_spacing=&#8221;default&#8221; desktop_text_alignment=&#8221;default&#8221; tablet_text_alignment=&#8221;default&#8221; phone_text_alignment=&#8221;default&#8221; background_color_opacity=&#8221;1&#8243; background_hover_color_opacity=&#8221;1&#8243; column_backdrop_filter=&#8221;none&#8221; column_shadow=&#8221;none&#8221; column_border_radius=&#8221;none&#8221; column_link_target=&#8221;_self&#8221; column_position=&#8221;default&#8221; gradient_direction=&#8221;left_to_right&#8221; overlay_strength=&#8221;0.3&#8243; width=&#8221;1\/1&#8243; tablet_width_inherit=&#8221;default&#8221; animation_type=&#8221;default&#8221; bg_image_animation=&#8221;none&#8221; border_type=&#8221;simple&#8221; column_border_width=&#8221;none&#8221; column_border_style=&#8221;solid&#8221;][vc_column_text css_animation=&#8221;bounceIn&#8221; css=&#8221;&#8221; text_direction=&#8221;default&#8221;]Linterna-K est un luminaire LED lin\u00e9aire dot\u00e9 dune grille parabolique batwing pour une application dans les plafonds climatiques. Le luminaire a \u00e9t\u00e9 con\u00e7u comme une alternative \u00e9conome en \u00e9nergie \u00e0 l\u00e9clairage fluorescent lin\u00e9aire T5 traditionnel et convient aux projets de r\u00e9novation et de construction neuve. <\/p>\n<p>La r\u00e9partition lumineuse batwing assure une uniformit\u00e9 optimale, m\u00eame avec des distances entre luminaires allant jusqu\u00e0 environ 3 m\u00e8tres. Cela permet datteindre un niveau d\u00e9clairement uniforme avec moins de luminaires, sans compromis sur le confort visuel. <\/p>\n<p>Afin de proposer une solution d&#8217;\u00e9clairage qui s&#8217;int\u00e8gre parfaitement aux syst\u00e8mes de plafonds climatiques sp\u00e9cifiques, Linterna-K est fabriqu\u00e9 sur mesure. Une large gamme de dimensions et de couleurs est possible, ce qui permet au luminaire de s&#8217;int\u00e9grer parfaitement dans divers concepts de plafond. <\/p>\n<p>Les luminaires sont fabriqu\u00e9s en acier et finis avec un rev\u00eatement en poudre durable. La fixation des unit\u00e9s d\u00e9pend du syst\u00e8me de plafond climatique utilis\u00e9, ce qui garantit un montage correct et stable. En option, le luminaire peut \u00eatre \u00e9quip\u00e9 d&#8217;une aspiration pl\u00e9num int\u00e9gr\u00e9e.  <\/p>\n<p>Linterna-K est disponible en diff\u00e9rentes longueurs et est \u00e9quip\u00e9 d&#8217;un diffuseur batwing \u00e0 faible \u00e9blouissement, ce qui rend le luminaire adapt\u00e9 aux applications o\u00f9 le confort et l&#8217;uniformit\u00e9 sont essentiels.<\/p>\n<p><strong>Caract\u00e9ristiques principales<\/strong><\/p>\n<p>\u2022 Luminaire LED lin\u00e9aire pour plafonds climatiques<br \/>\n\u2022 Alternative \u00e9conome en \u00e9nergie \u00e0 la fluorescence lin\u00e9aire T5<br \/>\n\u2022 Grille parabolique batwing<br \/>\n\u2022 R\u00e9partition lumineuse tr\u00e8s uniforme<br \/>\n\u2022 Adapt\u00e9 \u00e0 des entraxes de luminaires plus importants jusqu\u2019\u00e0 environ 3 m\u00e8tres<br \/>\n\u2022 Fabriqu\u00e9 sur mesure pour des syst\u00e8mes de plafonds sp\u00e9cifiques<br \/>\n\u2022 Disponible en plusieurs longueurs<br \/>\n\u2022 Large choix de dimensions et de finitions de couleurs<br \/>\n\u2022 Corps en acier avec rev\u00eatement par poudre durable<br \/>\n\u2022 Fixation adapt\u00e9e au syst\u00e8me de plafond climatique<br \/>\n\u2022 En option avec extraction d\u2019air par pl\u00e9num int\u00e9gr\u00e9e<\/p>\n<p>Gr\u00e2ce \u00e0 la combinaison d&#8217;une distribution uniforme de la lumi\u00e8re, d&#8217;un faible \u00e9blouissement et d&#8217;une fabrication sur mesure, Linterna-K est parfaitement adapt\u00e9 aux applications dans les bureaux, les \u00e9coles et les \u00e9tablissements de soins o\u00f9 l&#8217;\u00e9clairage fonctionnel et l&#8217;int\u00e9gration au plafond se rejoignent.[\/vc_column_text][\/vc_column][\/vc_row]\n","protected":false},"excerpt":{"rendered":"<p>Linterna-K est un luminaire LED lin\u00e9aire dot\u00e9 d&#8217;un diffuseur batwing parabolique pour une utilisation dans les plafonds climatiques. La distribution de la lumi\u00e8re assure une uniformit\u00e9 optimale avec de grandes distances entre les luminaires, jusqu&#8217;\u00e0 3 m\u00e8tres. <\/p>\n<ul>\n<li>La conception du diffuseur batwing permet de grandes distances entre les luminaires tout en conservant une bonne uniformit\u00e9<\/li>\n<li>Lamelles anodis\u00e9es mates ou brillantes ou UGR&lt; 19 pour une utilisation dans les bureaux<\/li>\n<li>Le montage par crochet en C facilite l&#8217;installation<\/li>\n<\/ul>\n<p><strong>T\u00e9l\u00e9chargements<\/strong><\/p>\n<p><a class=\"button primary is-is-outline primary is-small\" href=\"https:\/\/atomis.nl\/downloads\/Photometrics-Linterna.zip\" target=\"_blank\" rel=\"noopener\">Photom\u00e9trie Linterna<\/a><\/p>\n","protected":false},"featured_media":13052,"template":"","meta":[],"product_brand":[],"product_cat":[476],"product_tag":[14288],"class_list":{"0":"post-89893","1":"product","2":"type-product","3":"status-publish","4":"has-post-thumbnail","6":"product_cat-klimaatplafond-armaturen","7":"product_tag-linterna","8":"pa_armatuurefficientie-140lm-w","9":"pa_bevestiging-inbouw","10":"pa_cie-flux-code-93-100-100-100-100-nl","11":"pa_driver-positie-losliggende-driver","12":"pa_driver-positie-bevestigd-aan-het-armatuur","13":"pa_energielabel-a","14":"pa_familie-linterna","15":"pa_fotobiologische-veiligheid-iec-62471-rg1-low-risk-nl","16":"pa_glare-ugr-14960","17":"pa_ip-class-ip20-top-ip40-bottom-nl-2","18":"pa_isolatieklasse-class-ii-nl","19":"pa_kleurconsistentiesdcm-sdcm3-nl-2","20":"pa_kleurtemperatuur-2700k","21":"pa_kleurtemperatuur-3000k","22":"pa_kleurtemperatuur-3500k","23":"pa_kleurtemperatuur-4000k","24":"pa_kleurtemperatuur-blanc-accordable","25":"pa_kleurweergaveindex-cri-cri80","26":"pa_kleurweergaveindex-cri-cri90","27":"pa_lichtregeling-optioneel","28":"pa_lichtregeling-dimmed-1-10v-nl-2","29":"pa_lichtregeling-casambi-gedimd","30":"pa_lichtregeling-dimmed-dali-nl-2","31":"pa_materiaal-steel-nl","32":"pa_noodverlichting-1-uur-noodstroom","33":"pa_noodverlichting-optioneel","34":"pa_noodverlichting-optioneel-1-uur-autonoom-autotest","35":"pa_omgevingstemperatuur-20c-40c-nl-2","36":"pa_optiek-parabolisch-louver","37":"pa_orientatie-naar-beneden","38":"pa_packaging-dimensions-bulkverpakking","39":"pa_powerfactor-15191","40":"pa_primaire-aansluitingen-bst-14i2","41":"pa_primaire-aansluitingen-europlug","42":"pa_primaire-aansluitingen-gst18i3","43":"pa_primaire-aansluitingen-gst18i5-pastel-blue-nl-2","44":"pa_primaire-aansluitingen-op-aanvraag","45":"pa_primaire-aansluitingen-on-the-driver-nl","46":"pa_productkleur-op-aanvraag","47":"pa_producttoepassing-openbare-ruimtes","48":"pa_producttoepassing-horeca","49":"pa_producttoepassing-kantoren","50":"pa_producttoepassing-retail","51":"pa_self-adhesive-dust-cover-optional-nl","52":"pa_verwachte-levensduur-l90b5060000h-tq-25c","53":"pa_vorm-rectangular-nl","55":"first","56":"instock","57":"shipping-taxable","58":"product-type-simple"},"_links":{"self":[{"href":"https:\/\/atomis.nl\/fr\/wp-json\/wp\/v2\/product\/89893","targetHints":{"allow":["GET"]}}],"collection":[{"href":"https:\/\/atomis.nl\/fr\/wp-json\/wp\/v2\/product"}],"about":[{"href":"https:\/\/atomis.nl\/fr\/wp-json\/wp\/v2\/types\/product"}],"wp:featuredmedia":[{"embeddable":true,"href":"https:\/\/atomis.nl\/fr\/wp-json\/wp\/v2\/media\/13052"}],"wp:attachment":[{"href":"https:\/\/atomis.nl\/fr\/wp-json\/wp\/v2\/media?parent=89893"}],"wp:term":[{"taxonomy":"product_brand","embeddable":true,"href":"https:\/\/atomis.nl\/fr\/wp-json\/wp\/v2\/product_brand?post=89893"},{"taxonomy":"product_cat","embeddable":true,"href":"https:\/\/atomis.nl\/fr\/wp-json\/wp\/v2\/product_cat?post=89893"},{"taxonomy":"product_tag","embeddable":true,"href":"https:\/\/atomis.nl\/fr\/wp-json\/wp\/v2\/product_tag?post=89893"}],"curies":[{"name":"wp","href":"https:\/\/api.w.org\/{rel}","templated":true}]}}