{"id":89895,"date":"2021-11-01T14:23:03","date_gmt":"2021-11-01T14:23:03","guid":{"rendered":"https:\/\/atomis.nl\/producten\/meson-square-180-cardanic-sapp\/"},"modified":"2026-03-20T13:19:22","modified_gmt":"2026-03-20T13:19:22","slug":"meson-square-180-cardanic-sapp","status":"publish","type":"product","link":"https:\/\/atomis.nl\/fr\/produits\/meson-square-180-cardanic-sapp\/","title":{"rendered":"Meson square 180 cardanic SAPP"},"content":{"rendered":"[vc_row type=&#8221;in_container&#8221; full_screen_row_position=&#8221;middle&#8221; column_margin=&#8221;default&#8221; column_direction=&#8221;default&#8221; column_direction_tablet=&#8221;default&#8221; column_direction_phone=&#8221;default&#8221; scene_position=&#8221;center&#8221; text_color=&#8221;dark&#8221; text_align=&#8221;left&#8221; row_border_radius=&#8221;none&#8221; row_border_radius_applies=&#8221;bg&#8221; row_position_desktop=&#8221;default&#8221; row_position_tablet=&#8221;inherit&#8221; row_position_phone=&#8221;inherit&#8221; overflow=&#8221;visible&#8221; overlay_strength=&#8221;0.3&#8243; gradient_direction=&#8221;left_to_right&#8221; shape_divider_position=&#8221;bottom&#8221; bg_image_animation=&#8221;none&#8221;][vc_column column_padding=&#8221;no-extra-padding&#8221; column_padding_tablet=&#8221;inherit&#8221; column_padding_phone=&#8221;inherit&#8221; column_padding_position=&#8221;all&#8221; flex_gap_desktop=&#8221;10px&#8221; column_element_direction_desktop=&#8221;default&#8221; column_element_spacing=&#8221;default&#8221; desktop_text_alignment=&#8221;default&#8221; tablet_text_alignment=&#8221;default&#8221; phone_text_alignment=&#8221;default&#8221; background_color_opacity=&#8221;1&#8243; background_hover_color_opacity=&#8221;1&#8243; column_backdrop_filter=&#8221;none&#8221; column_shadow=&#8221;none&#8221; column_border_radius=&#8221;none&#8221; column_link_target=&#8221;_self&#8221; column_position=&#8221;default&#8221; gradient_direction=&#8221;left_to_right&#8221; overlay_strength=&#8221;0.3&#8243; width=&#8221;1\/1&#8243; tablet_width_inherit=&#8221;default&#8221; animation_type=&#8221;default&#8221; bg_image_animation=&#8221;none&#8221; border_type=&#8221;simple&#8221; column_border_width=&#8221;none&#8221; column_border_style=&#8221;solid&#8221;][vc_column_text css=&#8221;&#8221; text_direction=&#8221;default&#8221;]\n<p class=\"p1\"><span class=\"s1\"><b>Meson Square 180 Cardanic SAPP<\/b><\/span> est une s\u00e9rie haut de gamme de spots LED encastr\u00e9s carr\u00e9s, sp\u00e9cialement d\u00e9velopp\u00e9e pour une utilisation dans les <span class=\"s1\"><b>plafonds Interalu SAPP\u00ae<\/b><\/span>. Ces luminaires combinent un \u00e9clairage de pr\u00e9cision fonctionnel avec un d\u00e9tail d\u00e9coratif raffin\u00e9, les rendant adapt\u00e9s aux environnements repr\u00e9sentatifs et professionnels. <\/p>\n<p class=\"p1\">La LED int\u00e9gr\u00e9e produit une <span class=\"s1\"><b>lumi\u00e8re blanc chaud<\/b><\/span> avec un <span class=\"s1\"><b>excellent indice de rendu des couleurs<\/b><\/span>, permettant un rendu naturel et confortable des mat\u00e9riaux, couleurs et surfaces. Gr\u00e2ce au <span class=\"s1\"><b>m\u00e9canisme \u00e0 cardan<\/b><\/span>, le spot est facilement et pr\u00e9cis\u00e9ment orientable jusqu&#8217;\u00e0 <span class=\"s1\"><b>30\u00b0 dans toutes les directions<\/b><\/span>, id\u00e9al pour l&#8217;\u00e9clairage d&#8217;accentuation ou la mise en valeur de zones sp\u00e9cifiques. <\/p>\n<p class=\"p1\">L&#8217;unit\u00e9 spot est \u00e9quip\u00e9e d&#8217;un <span class=\"s1\"><b>r\u00e9flecteur Jordan Alunova\u00ae haut de gamme<\/b><\/span> \u00e0 facettes sph\u00e9riques, disponible en <span class=\"s1\"><b>faisceau de 24\u00b0 ou 40\u00b0<\/b><\/span>. Les r\u00e9flecteurs sont dot\u00e9s d&#8217;une <span class=\"s1\"><b>couche r\u00e9fl\u00e9chissante m\u00e9tallis\u00e9e sous vide<\/b><\/span>, ce qui r\u00e9sulte en une tr\u00e8s haute efficacit\u00e9 optique avec un <span class=\"s1\"><b>LOR de plus de 90 %<\/b><\/span>. Cela garantit un rendement lumineux maximal avec des pertes minimales.  <\/p>\n<p class=\"p1\">Autour du r\u00e9flecteur se trouve un <span class=\"s1\"><b>anneau opale avec \u00e9clairage d&#8217;arri\u00e8re-plan indirect<\/b><\/span>, qui cr\u00e9e un effet lumineux subtil et d\u00e9coratif et contribue \u00e0 la qualit\u00e9 visuelle de l&#8217;image du plafond.<\/p>\n<p class=\"p1\">Le luminaire est livr\u00e9 avec un <span class=\"s1\"><b>driver efficace avec correction \u00e9lectronique du facteur de puissance<\/b><\/span>, assurant des performances stables et un fonctionnement \u00e9conome en \u00e9nergie. La <span class=\"s1\"><b>fixation \u00e0 ressorts \u00e0 fil<\/b><\/span> permet un montage rapide et simple dans les faux plafonds. <\/p>\n<p class=\"p1\">La finition est \u00e9pur\u00e9e et intemporelle : un <span class=\"s1\"><b>bo\u00eetier blanc mat<\/b><\/span> combin\u00e9 avec un <span class=\"s1\"><b>int\u00e9rieur noir mat<\/b><\/span>, ce qui limite l&#8217;\u00e9blouissement et donne au faisceau lumineux un contraste et une profondeur suppl\u00e9mentaires.<\/p>\n<p class=\"p1\">En r\u00e9sum\u00e9, le Meson Square 180 Cardanic SAPP est un spot encastr\u00e9 polyvalent et techniquement haut de gamme qui r\u00e9unit \u00e9clairage de pr\u00e9cision, esth\u00e9tique et facilit\u00e9 d&#8217;installation en un seul luminaire.<\/p>\n[\/vc_column_text][\/vc_column][\/vc_row]\n","protected":false},"excerpt":{"rendered":"<div>\n<div class=\"product-short-description\">\n<p>Meson square 180 cardanic SAPP est une s\u00e9rie de spots LED encastr\u00e9s adapt\u00e9s \u00e0 l&#8217;utilisation dans les plafonds Interalu SAPP\u00ae. Un m\u00e9canisme \u00e0 cardan permet des ajustements simples du spot jusqu&#8217;\u00e0 30\u00b0 dans toutes les directions. <\/p>\n<ul>\n<li>Int\u00e9gration simple dans les plafonds Interalu SAPP\u00ae<\/li>\n<li>Peut \u00eatre combin\u00e9 avec d&#8217;autres downlights carr\u00e9s 180 SAPP\u00ae<\/li>\n<li>\u00c9quip\u00e9 d&#8217;un r\u00e9flecteur Jordan Alunova\u00ae \u00e0 facettes sph\u00e9riques disponible en faisceaux de 24\u00b0 ou 40\u00b0<\/li>\n<\/ul>\n<div><strong>T\u00e9l\u00e9chargements<\/strong><\/div>\n<div><\/div>\n<div><a class=\"button primary is-is-outline primary is-small\" href=\"https:\/\/atomis.nl\/downloads\/Photometrics-Meson-square-180-SAPP-cardanic.zip\" target=\"_blank\" rel=\"noopener\">Photom\u00e9trie Meson square 180 SAPP cardanic<\/a><\/div>\n<div><\/div>\n<div><strong>Composez votre propre produit, t\u00e9l\u00e9chargez la fiche technique PDF ou ajoutez au devis :<\/strong><\/div>\n<\/div>\n<\/div>\n<div><strong>Cr\u00e9ez votre propre produit, t\u00e9l\u00e9chargez la fiche technique au format PDF ou ajoutez-la \u00e0 votre devis:<\/strong><\/div>\n","protected":false},"featured_media":13499,"template":"","meta":[],"product_brand":[],"product_cat":[14457,14458],"product_tag":[14782],"class_list":{"0":"post-89895","1":"product","2":"type-product","3":"status-publish","4":"has-post-thumbnail","6":"product_cat-luminaires-pour-plafonds-climatiques","7":"product_cat-luminaires-a-lamelles","8":"product_tag-meson","9":"pa_air-extraction-n-v-t","10":"pa_armatuurefficientie-125lm-w","11":"pa_bevestiging-encastre","12":"pa_cie-flux-code-93-100-100-100-100-nl","13":"pa_driver-positie-driver-led-externe","14":"pa_energielabel-a","15":"pa_familie-meson","16":"pa_fotobiologische-veiligheid-cei-62471-rg1-faible-risque","17":"pa_glare-ugr-s-o","18":"pa_ip-class-ip20-dessus-ip40-dessous","19":"pa_isolatieklasse-classe-ii-nl","20":"pa_kleurconsistentiesdcm-sdcm2","21":"pa_kleurtemperatuur-2700k","22":"pa_kleurtemperatuur-3000k","23":"pa_kleurtemperatuur-3500k","24":"pa_kleurtemperatuur-4000k","25":"pa_kleurtemperatuur-blanc-accordable","26":"pa_kleurweergaveindex-cri-cri80","27":"pa_kleurweergaveindex-cri-cri90","28":"pa_kleurweergaveindex-cri-cri97-nl-2","29":"pa_lichtregeling-optionelle","30":"pa_lichtregeling-gradation-1-10-v","31":"pa_lichtregeling-gradation-casambi","32":"pa_lichtregeling-gradation-dali","33":"pa_materiaal-acier","34":"pa_materiaal-acrylique","35":"pa_noodverlichting-autonomie-de-secours-de-1-heure","36":"pa_noodverlichting-optionelle","37":"pa_noodverlichting-autonomie-optionnelle-de-1-heure-avec-autotest","38":"pa_omgevingstemperatuur-20c-40c-nl-2","39":"pa_optiek-reflecteur","40":"pa_orientatie-vers-le-bas","41":"pa_packaging-dimensions-emballage-en-vrac","42":"pa_powerfactor-15205","43":"pa_primaire-aansluitingen-bst-14i2","44":"pa_primaire-aansluitingen-europlug","45":"pa_primaire-aansluitingen-gst18i3","46":"pa_primaire-aansluitingen-gst18i5-pastel-blue-nl-2","47":"pa_primaire-aansluitingen-sur-demande","48":"pa_primaire-aansluitingen-sur-le-driver","49":"pa_productkleur-sur-demande","50":"pa_producttoepassing-education","51":"pa_producttoepassing-espaces-dexposition","52":"pa_producttoepassing-espaces-publics","53":"pa_producttoepassing-hotellerie-restauration","54":"pa_producttoepassing-bureau","55":"pa_producttoepassing-commerce","56":"pa_self-adhesive-dust-cover-optionnel","57":"pa_spot-bundle-fwhm-15057","58":"pa_spot-bundle-fwhm-15060","59":"pa_verwachte-levensduur-l90b5060000h-tq-25c","60":"pa_voltage-frequentie-220-240v-50-60hz","61":"pa_vorm-carre","62":"pa_zaagmaat-180x180mm","64":"first","65":"instock","66":"shipping-taxable","67":"product-type-simple"},"_links":{"self":[{"href":"https:\/\/atomis.nl\/fr\/wp-json\/wp\/v2\/product\/89895","targetHints":{"allow":["GET"]}}],"collection":[{"href":"https:\/\/atomis.nl\/fr\/wp-json\/wp\/v2\/product"}],"about":[{"href":"https:\/\/atomis.nl\/fr\/wp-json\/wp\/v2\/types\/product"}],"wp:featuredmedia":[{"embeddable":true,"href":"https:\/\/atomis.nl\/fr\/wp-json\/wp\/v2\/media\/13499"}],"wp:attachment":[{"href":"https:\/\/atomis.nl\/fr\/wp-json\/wp\/v2\/media?parent=89895"}],"wp:term":[{"taxonomy":"product_brand","embeddable":true,"href":"https:\/\/atomis.nl\/fr\/wp-json\/wp\/v2\/product_brand?post=89895"},{"taxonomy":"product_cat","embeddable":true,"href":"https:\/\/atomis.nl\/fr\/wp-json\/wp\/v2\/product_cat?post=89895"},{"taxonomy":"product_tag","embeddable":true,"href":"https:\/\/atomis.nl\/fr\/wp-json\/wp\/v2\/product_tag?post=89895"}],"curies":[{"name":"wp","href":"https:\/\/api.w.org\/{rel}","templated":true}]}}