{"id":89899,"date":"2022-02-09T08:03:21","date_gmt":"2022-02-09T08:03:21","guid":{"rendered":"https:\/\/atomis.nl\/producten\/meson-round-100-ft\/"},"modified":"2026-03-19T14:57:29","modified_gmt":"2026-03-19T14:57:29","slug":"meson-round-100-ft","status":"publish","type":"product","link":"https:\/\/atomis.nl\/fr\/produits\/meson-round-100-ft\/","title":{"rendered":"Meson round 100 FT"},"content":{"rendered":"[vc_row type=&#8221;in_container&#8221; full_screen_row_position=&#8221;middle&#8221; column_margin=&#8221;default&#8221; column_direction=&#8221;default&#8221; column_direction_tablet=&#8221;default&#8221; column_direction_phone=&#8221;default&#8221; scene_position=&#8221;center&#8221; text_color=&#8221;dark&#8221; text_align=&#8221;left&#8221; row_border_radius=&#8221;none&#8221; row_border_radius_applies=&#8221;bg&#8221; row_position_desktop=&#8221;default&#8221; row_position_tablet=&#8221;inherit&#8221; row_position_phone=&#8221;inherit&#8221; overflow=&#8221;visible&#8221; overlay_strength=&#8221;0.3&#8243; gradient_direction=&#8221;left_to_right&#8221; shape_divider_position=&#8221;bottom&#8221; bg_image_animation=&#8221;none&#8221;][vc_column column_padding=&#8221;no-extra-padding&#8221; column_padding_tablet=&#8221;inherit&#8221; column_padding_phone=&#8221;inherit&#8221; column_padding_position=&#8221;all&#8221; flex_gap_desktop=&#8221;10px&#8221; column_element_direction_desktop=&#8221;default&#8221; column_element_spacing=&#8221;default&#8221; desktop_text_alignment=&#8221;default&#8221; tablet_text_alignment=&#8221;default&#8221; phone_text_alignment=&#8221;default&#8221; background_color_opacity=&#8221;1&#8243; background_hover_color_opacity=&#8221;1&#8243; column_backdrop_filter=&#8221;none&#8221; column_shadow=&#8221;none&#8221; column_border_radius=&#8221;none&#8221; column_link_target=&#8221;_self&#8221; column_position=&#8221;default&#8221; gradient_direction=&#8221;left_to_right&#8221; overlay_strength=&#8221;0.3&#8243; width=&#8221;1\/1&#8243; tablet_width_inherit=&#8221;default&#8221; animation_type=&#8221;default&#8221; bg_image_animation=&#8221;none&#8221; border_type=&#8221;simple&#8221; column_border_width=&#8221;none&#8221; column_border_style=&#8221;solid&#8221;][vc_column_text css=&#8221;&#8221; text_direction=&#8221;default&#8221;]\n<p class=\"p1\">Meson round 100 FT est un spot LED encastrable orientable, \u00e9quip\u00e9 d&#8217;une LED haute puissance et con\u00e7u pour l&#8217;\u00e9clairage d&#8217;accentuation et g\u00e9n\u00e9ral dans les environnements professionnels.<\/p>\n<p class=\"p1\">La t\u00eate de spot, avec dissipateur thermique int\u00e9gr\u00e9, est orientable jusqu&#8217;\u00e0 30 degr\u00e9s dans les deux directions. Cela permet de diriger pr\u00e9cis\u00e9ment la lumi\u00e8re sur des objets ou des zones sp\u00e9cifiques de l&#8217;espace. <\/p>\n<p class=\"p1\">La t\u00eate contient un r\u00e9flecteur optique m\u00e9tallis\u00e9 d\u00e9limit\u00e9 avec une r\u00e9partition lumineuse standard de 32 degr\u00e9s. Sur demande, un r\u00e9flecteur avec une r\u00e9partition lumineuse plus large de 52 degr\u00e9s est disponible, permettant d&#8217;adapter flexiblement le luminaire \u00e0 diff\u00e9rentes applications. <\/p>\n<p class=\"p1\">Meson round 100 FT produit une lumi\u00e8re blanc chaud avec un rendement lumineux jusqu&#8217;\u00e0 1 300 lumens nets et dispose d&#8217;un excellent indice de rendu des couleurs. La couleur de lumi\u00e8re est comparable \u00e0 celle d&#8217;une lampe halog\u00e8ne traditionnelle, assurant un rendu chaleureux et naturel. <\/p>\n<p class=\"p1\">Le luminaire est fini avec une laque blanche mate ou noire mate et s&#8217;harmonise ainsi esth\u00e9tiquement avec divers concepts d&#8217;int\u00e9rieur et de plafond. Le montage s&#8217;effectue via une fixation \u00e0 ressort \u00e0 fil tendu, garantissant une installation rapide et simple dans les faux plafonds. <\/p>\n<p class=\"p1\"><strong>Caract\u00e9ristiques principales<\/strong><\/p>\n<ul>\n<li class=\"p1\">Spot LED encastrable orientable<\/li>\n<li class=\"p1\">LED haute puissance<\/li>\n<li class=\"p1\">T\u00eate de spot orientable jusqu&#8217;\u00e0 30 degr\u00e9s dans les deux directions<\/li>\n<li class=\"p1\">R\u00e9flecteur optique avec r\u00e9partition lumineuse de 32 degr\u00e9s<\/li>\n<li class=\"p1\">R\u00e9flecteur optionnel avec r\u00e9partition lumineuse de 52 degr\u00e9s<\/li>\n<li class=\"p1\">Lumi\u00e8re blanc chaud<\/li>\n<li class=\"p1\">Rendement lumineux jusqu&#8217;\u00e0 1 300 lumens nets<\/li>\n<li class=\"p1\">Excellent indice de rendu des couleurs<\/li>\n<li class=\"p1\">Rendu lumineux de type halog\u00e8ne<\/li>\n<li class=\"p1\">Finition en blanc mat ou noir mat<\/li>\n<li class=\"p1\">Fixation \u00e0 ressort \u00e0 fil tendu pour montage simple<\/li>\n<\/ul>\n<p class=\"p1\">Meson round 100 FT est ainsi un spot LED encastrable flexible et haut de gamme pour les applications n\u00e9cessitant un \u00e9clairage directionnel, du confort et une exp\u00e9rience lumineuse chaleureuse.<\/p>\n[\/vc_column_text][\/vc_column][\/vc_row]\n","protected":false},"excerpt":{"rendered":"<p>Meson rond 100 FT, un spot LED encastrable orientable \u00e0 bordure plate, \u00e9quip\u00e9 d&#8217;une LED haute performance. La t\u00eate de spot (avec dissipateur thermique) est orientable jusqu&#8217;\u00e0 30\u00b0 dans les deux directions. La t\u00eate contient un r\u00e9flecteur optique m\u00e9tallis\u00e9 d\u00e9limit\u00e9 avec une r\u00e9partition lumineuse de 32\u00b0.  <\/p>\n<ul>\n<li>Identique au Meson 100 avec bordure plate (3 mm)<\/li>\n<li>Installation simple avec ressorts de fixation<\/li>\n<li>Couleur du produit en blanc ou noir<\/li>\n<li>R\u00e9flecteur optique m\u00e9tallis\u00e9 avec une r\u00e9partition lumineuse de 32\u00b0<\/li>\n<\/ul>\n<p><strong>T\u00e9l\u00e9chargements<\/strong><\/p>\n<p><a class=\"button primary is-is-outline primary is-small\" href=\"https:\/\/atomis.nl\/downloads\/Photometrics-Meson-round-100.zip\" target=\"_blank\" rel=\"noopener\">Photom\u00e9trie Meson round 100<\/a> <a class=\"button primary is-is-outline primary is-small\" href=\"https:\/\/atomis.nl\/downloads\/BIM-files-Meson-100.zip\" target=\"_blank\" rel=\"noopener\">T\u00e9l\u00e9charger les fichiers BIM Meson rond 100<\/a><\/p>\n","protected":false},"featured_media":24866,"template":"","meta":[],"product_brand":[],"product_cat":[14573],"product_tag":[14781],"class_list":{"0":"post-89899","1":"product","2":"type-product","3":"status-publish","4":"has-post-thumbnail","6":"product_cat-downlights-and-recessed-spotlights","7":"product_tag-meson","8":"pa_armatuurefficientie-125lm-w","9":"pa_bevestiging-recessed","10":"pa_cie-flux-code-93-100-100-100-100-nl","11":"pa_energielabel-a","12":"pa_familie-meson","13":"pa_fotobiologische-veiligheid-iec-62471-rg1-low-risk-nl","14":"pa_glare-ugr-14970","15":"pa_glare-ugr-ugr-22-nl","16":"pa_ip-class-ip20-upwards-ip40-downwards","17":"pa_isolatieklasse-class-ii-nl-2","18":"pa_kleurconsistentiesdcm-sdcm2","19":"pa_kleurtemperatuur-2700k","20":"pa_kleurtemperatuur-3000k","21":"pa_kleurtemperatuur-3500k","22":"pa_kleurtemperatuur-4000k","23":"pa_kleurtemperatuur-blanc-accordable","24":"pa_kleurweergaveindex-cri-cri80","25":"pa_kleurweergaveindex-cri-cri90","26":"pa_kleurweergaveindex-cri-cri97-nl-2","27":"pa_lichtregeling-optional","28":"pa_lichtregeling-1-10v-dimmed","29":"pa_lichtregeling-casambi-dimmed","30":"pa_lichtregeling-dali-dimmed","31":"pa_materiaal-steel","32":"pa_materiaal-acrylic","33":"pa_noodverlichting-1-hour-emergency-power","34":"pa_noodverlichting-optional","35":"pa_noodverlichting-optional-1-hour-autonomy-with-self-test","36":"pa_omgevingstemperatuur-20c-40c-nl-2","37":"pa_optiek-reflector","38":"pa_orientatie-downwards","39":"pa_packaging-dimensions-bulk-packaging","40":"pa_powerfactor-15204","41":"pa_primaire-aansluitingen-bst-14i2","42":"pa_primaire-aansluitingen-europlug","43":"pa_primaire-aansluitingen-gst18i3","44":"pa_primaire-aansluitingen-gst18i5-pastel-blue-nl-2","45":"pa_primaire-aansluitingen-on-request","46":"pa_primaire-aansluitingen-on-the-driver","47":"pa_productkleur-on-request","48":"pa_producttoepassing-education","49":"pa_producttoepassing-exhibition-spaces","50":"pa_producttoepassing-public-spaces","51":"pa_producttoepassing-hospitality","52":"pa_producttoepassing-office","53":"pa_producttoepassing-retail","54":"pa_self-adhesive-dust-cover-optional","55":"pa_verwachte-levensduur-l90b5060000h-tq-25c","56":"pa_vorm-round-nl","57":"pa_zaagmaat-86mm","59":"first","60":"instock","61":"shipping-taxable","62":"product-type-simple"},"_links":{"self":[{"href":"https:\/\/atomis.nl\/fr\/wp-json\/wp\/v2\/product\/89899","targetHints":{"allow":["GET"]}}],"collection":[{"href":"https:\/\/atomis.nl\/fr\/wp-json\/wp\/v2\/product"}],"about":[{"href":"https:\/\/atomis.nl\/fr\/wp-json\/wp\/v2\/types\/product"}],"wp:featuredmedia":[{"embeddable":true,"href":"https:\/\/atomis.nl\/fr\/wp-json\/wp\/v2\/media\/24866"}],"wp:attachment":[{"href":"https:\/\/atomis.nl\/fr\/wp-json\/wp\/v2\/media?parent=89899"}],"wp:term":[{"taxonomy":"product_brand","embeddable":true,"href":"https:\/\/atomis.nl\/fr\/wp-json\/wp\/v2\/product_brand?post=89899"},{"taxonomy":"product_cat","embeddable":true,"href":"https:\/\/atomis.nl\/fr\/wp-json\/wp\/v2\/product_cat?post=89899"},{"taxonomy":"product_tag","embeddable":true,"href":"https:\/\/atomis.nl\/fr\/wp-json\/wp\/v2\/product_tag?post=89899"}],"curies":[{"name":"wp","href":"https:\/\/api.w.org\/{rel}","templated":true}]}}