{"id":90224,"date":"2026-03-02T10:03:57","date_gmt":"2026-03-02T10:03:57","guid":{"rendered":"https:\/\/atomis.nl\/producten\/zumo-35-vario\/"},"modified":"2026-04-01T13:48:35","modified_gmt":"2026-04-01T13:48:35","slug":"zumo-35-vario","status":"publish","type":"product","link":"https:\/\/atomis.nl\/fr\/produits\/zumo-35-vario\/","title":{"rendered":"Zumo 35 Vario"},"content":{"rendered":"[vc_row type=&#8221;in_container&#8221; full_screen_row_position=&#8221;middle&#8221; column_margin=&#8221;default&#8221; column_direction=&#8221;default&#8221; column_direction_tablet=&#8221;default&#8221; column_direction_phone=&#8221;default&#8221; scene_position=&#8221;center&#8221; text_color=&#8221;dark&#8221; text_align=&#8221;left&#8221; row_border_radius=&#8221;none&#8221; row_border_radius_applies=&#8221;bg&#8221; row_position_desktop=&#8221;default&#8221; row_position_tablet=&#8221;inherit&#8221; row_position_phone=&#8221;inherit&#8221; overflow=&#8221;visible&#8221; overlay_strength=&#8221;0.3&#8243; gradient_direction=&#8221;left_to_right&#8221; shape_divider_position=&#8221;bottom&#8221; bg_image_animation=&#8221;none&#8221;][vc_column column_padding=&#8221;no-extra-padding&#8221; column_padding_tablet=&#8221;inherit&#8221; column_padding_phone=&#8221;inherit&#8221; column_padding_position=&#8221;all&#8221; flex_gap_desktop=&#8221;10px&#8221; column_element_direction_desktop=&#8221;default&#8221; column_element_spacing=&#8221;default&#8221; desktop_text_alignment=&#8221;default&#8221; tablet_text_alignment=&#8221;default&#8221; phone_text_alignment=&#8221;default&#8221; background_color_opacity=&#8221;1&#8243; background_hover_color_opacity=&#8221;1&#8243; column_backdrop_filter=&#8221;none&#8221; column_shadow=&#8221;none&#8221; column_border_radius=&#8221;none&#8221; column_link_target=&#8221;_self&#8221; column_position=&#8221;default&#8221; gradient_direction=&#8221;left_to_right&#8221; overlay_strength=&#8221;0.3&#8243; width=&#8221;1\/1&#8243; tablet_width_inherit=&#8221;default&#8221; animation_type=&#8221;default&#8221; bg_image_animation=&#8221;none&#8221; border_type=&#8221;simple&#8221; column_border_width=&#8221;none&#8221; column_border_style=&#8221;solid&#8221;][vc_column_text css=&#8221;&#8221; text_direction=&#8221;default&#8221;]Zumo 35 Vario est un spot LED zoomable pour rails triphas\u00e9s standard. Le spot dispose dune LED puissante avec un indice de rendu des couleurs \u00e9lev\u00e9 (IRC  97). Le bo\u00eetier est en aluminium moul\u00e9 et extrud\u00e9, avec une finition d\u00e9corative en rev\u00eatement textur\u00e9 noir mat. Le corps de la lampe pivote \u00e0 90\u00b0 et tourne \u00e0 355\u00b0 sur l&#8217;adaptateur.<\/p>\n<p>Le faisceau lumineux est r\u00e9glable en continu de 8\u00b0 (spot) \u00e0 40\u00b0 (wide flood) par simple rotation de la lentille zoom. La lentille collimatrice est en polym\u00e8re optique avec un rendement lumineux \u00e9lev\u00e9 ( 88 %). Un driver \u00e0 courant constant efficace avec correcteur de facteur de puissance est int\u00e9gr\u00e9 dans la base ou le corps de la lampe.<\/p>\n<p>Le niveau de gradation peut \u00eatre r\u00e9gl\u00e9 individuellement sur l\u2019adaptateur \u00e0 l\u2019aide d\u2019un bouton rotatif (ce luminaire est \u00e9galement disponible en version on\/off sans gradation). Cela permet une gradation sans stroboscope* entre 3 et 100&nbsp;% (entre 0,1 et 100&nbsp;% pour la version 1-10V). Les spots Zumo 35 Vario sont particuli\u00e8rement adapt\u00e9s \u00e0 l\u2019\u00e9clairage de galeries, mus\u00e9es et expositions d\u2019art.<\/p>\n<p>*(selon la norme de test de stroboscopie IEEE 1789)[\/vc_column_text][\/vc_column][\/vc_row]\n","protected":false},"excerpt":{"rendered":"<p>Zumo 35 Vario est un spot LED zoomable pour rails triphas\u00e9s standard. Le spot dispose dune LED puissante avec un indice de rendu des couleurs \u00e9lev\u00e9 (IRC  97). T<span class=\"s1\">Le faisceau lumineux est r\u00e9glable en continu de 8\u00b0 (spot) \u00e0 40\u00b0 (wide flood) par simple rotation de la lentille zoom. Les spots Zumo 35 Vario sont particuli\u00e8rement adapt\u00e9s \u00e0 l\u2019\u00e9clairage de galeries, mus\u00e9es et expositions d\u2019art. <\/span><\/p>\n<ul>\n<li class=\"p1\"><span class=\"s1\">Spot LED au design compact (\u00f830 mm) pour rails conducteurs standard<\/span><\/li>\n<li><span class=\"s1\">Indice de rendu des couleurs \u00e9lev\u00e9 (IRC  97)<\/span><\/li>\n<li><span class=\"s1\">Faisceau lumineux r\u00e9glable en continu de 8\u00b0 (spot) \u00e0 40\u00b0 (wide flood)<\/span><\/li>\n<li>Gradation sans stroboscope (selon la norme IEEE 1789) en effectuant la gradation sur le spot<\/li>\n<li>Particuli\u00e8rement adapt\u00e9 \u00e0 l&#8217;\u00e9clairage des galeries, des mus\u00e9es et des <span class=\"s1\">salles d&#8217;exposition<\/span><\/li>\n<\/ul>\n<div><\/div>\n<div><\/div>\n<div><\/div>\n","protected":false},"featured_media":90225,"template":"","meta":[],"product_brand":[],"product_cat":[14493],"product_tag":[14804],"class_list":{"0":"post-90224","1":"product","2":"type-product","3":"status-publish","4":"has-post-thumbnail","6":"product_cat-luminaires-sur-rail","7":"product_tag-zumo","8":"pa_air-extraction-n-v-t","9":"pa_ansi-ies-tm-30-18-erkend","10":"pa_armatuurefficientie-60-lmw","11":"pa_bevestiging-rail","12":"pa_cie-flux-code-93-100-100-100-100-nl","13":"pa_driver-positie-integre","14":"pa_energielabel-a","15":"pa_familie-zumo","16":"pa_fotobiologische-veiligheid-cei-62471-rg1-faible-risque","17":"pa_glare-ugr-s-o","18":"pa_ip-class-ip20-dessus-ip40-dessous","19":"pa_isolatieklasse-classe-i-nl","20":"pa_kleurconsistentiesdcm-sdcm2","21":"pa_kleurtemperatuur-2700k","22":"pa_kleurtemperatuur-3000k","23":"pa_kleurtemperatuur-3500k","24":"pa_kleurtemperatuur-4000k","25":"pa_kleurtemperatuur-blanc-accordable","26":"pa_kleurweergaveindex-cri-cri97-nl-2","27":"pa_lichtregeling-optionelle","28":"pa_lichtregeling-gradation-1-10-v","29":"pa_lichtregeling-gradation-casambi","30":"pa_lichtregeling-gradation-dali","31":"pa_materiaal-acrylique","32":"pa_materiaal-aluminium","33":"pa_noodverlichting-n-d","34":"pa_omgevingstemperatuur-20c-40c-nl-2","35":"pa_optiek-optique-zoom","36":"pa_orientatie-orientable","37":"pa_packaging-dimensions-emballage-en-vrac","38":"pa_powerfactor-15205","39":"pa_primaire-aansluitingen-circuit-track","40":"pa_primaire-aansluitingen-sur-demande","41":"pa_productkleur-sur-demande","42":"pa_producttoepassing-education","43":"pa_producttoepassing-espaces-publics","44":"pa_producttoepassing-hotellerie-restauration","45":"pa_producttoepassing-bureau","46":"pa_producttoepassing-commerce","47":"pa_self-adhesive-dust-cover-optionnel","48":"pa_spot-bundle-fwhm-8-40","49":"pa_verwachte-levensduur-l90b5060000h-tq-25c","50":"pa_voltage-frequentie-220-240v-50-60hz","51":"pa_vorm-round-nl","53":"first","54":"instock","55":"shipping-taxable","56":"product-type-simple"},"_links":{"self":[{"href":"https:\/\/atomis.nl\/fr\/wp-json\/wp\/v2\/product\/90224","targetHints":{"allow":["GET"]}}],"collection":[{"href":"https:\/\/atomis.nl\/fr\/wp-json\/wp\/v2\/product"}],"about":[{"href":"https:\/\/atomis.nl\/fr\/wp-json\/wp\/v2\/types\/product"}],"wp:featuredmedia":[{"embeddable":true,"href":"https:\/\/atomis.nl\/fr\/wp-json\/wp\/v2\/media\/90225"}],"wp:attachment":[{"href":"https:\/\/atomis.nl\/fr\/wp-json\/wp\/v2\/media?parent=90224"}],"wp:term":[{"taxonomy":"product_brand","embeddable":true,"href":"https:\/\/atomis.nl\/fr\/wp-json\/wp\/v2\/product_brand?post=90224"},{"taxonomy":"product_cat","embeddable":true,"href":"https:\/\/atomis.nl\/fr\/wp-json\/wp\/v2\/product_cat?post=90224"},{"taxonomy":"product_tag","embeddable":true,"href":"https:\/\/atomis.nl\/fr\/wp-json\/wp\/v2\/product_tag?post=90224"}],"curies":[{"name":"wp","href":"https:\/\/api.w.org\/{rel}","templated":true}]}}