{"id":90334,"date":"2026-03-05T15:55:51","date_gmt":"2026-03-05T15:55:51","guid":{"rendered":"https:\/\/atomis.nl\/producten\/lightscape-c-80\/"},"modified":"2026-04-02T08:41:34","modified_gmt":"2026-04-02T08:41:34","slug":"lightscape-c-80","status":"publish","type":"product","link":"https:\/\/atomis.nl\/fr\/produits\/lightscape-c-80\/","title":{"rendered":"Lightscape-C 80"},"content":{"rendered":"[vc_row type=&#8221;in_container&#8221; full_screen_row_position=&#8221;middle&#8221; column_margin=&#8221;default&#8221; column_direction=&#8221;default&#8221; column_direction_tablet=&#8221;default&#8221; column_direction_phone=&#8221;default&#8221; scene_position=&#8221;center&#8221; text_color=&#8221;dark&#8221; text_align=&#8221;left&#8221; row_border_radius=&#8221;none&#8221; row_border_radius_applies=&#8221;bg&#8221; row_position_desktop=&#8221;default&#8221; row_position_tablet=&#8221;inherit&#8221; row_position_phone=&#8221;inherit&#8221; overflow=&#8221;visible&#8221; overlay_strength=&#8221;0.3&#8243; gradient_direction=&#8221;left_to_right&#8221; shape_divider_position=&#8221;bottom&#8221; bg_image_animation=&#8221;none&#8221;][vc_column column_padding=&#8221;no-extra-padding&#8221; column_padding_tablet=&#8221;inherit&#8221; column_padding_phone=&#8221;inherit&#8221; column_padding_position=&#8221;all&#8221; flex_gap_desktop=&#8221;10px&#8221; column_element_direction_desktop=&#8221;default&#8221; column_element_spacing=&#8221;default&#8221; desktop_text_alignment=&#8221;default&#8221; tablet_text_alignment=&#8221;default&#8221; phone_text_alignment=&#8221;default&#8221; background_color_opacity=&#8221;1&#8243; background_hover_color_opacity=&#8221;1&#8243; column_backdrop_filter=&#8221;none&#8221; column_shadow=&#8221;none&#8221; column_border_radius=&#8221;none&#8221; column_link_target=&#8221;_self&#8221; column_position=&#8221;default&#8221; gradient_direction=&#8221;left_to_right&#8221; overlay_strength=&#8221;0.3&#8243; width=&#8221;1\/1&#8243; tablet_width_inherit=&#8221;default&#8221; animation_type=&#8221;default&#8221; bg_image_animation=&#8221;none&#8221; border_type=&#8221;simple&#8221; column_border_width=&#8221;none&#8221; column_border_style=&#8221;solid&#8221;][vc_column_text css=&#8221;&#8221; text_direction=&#8221;default&#8221;]\n<p class=\"p1\">Le Lightscape-C 80 est un luminaire lin\u00e9aire en saillie dot\u00e9 d\u2019une optique micro-prismatique assurant un \u00e9clairage uniforme et efficace sur toute sa longueur. Son faible \u00e9blouissement, avec un UGR inf\u00e9rieur \u00e0 19, garantit un grand confort visuel. <\/p>\n<p class=\"p1\">Le luminaire est disponible en trois longueurs diff\u00e9rentes, ce qui permet de l\u2019adapter facilement \u00e0 diverses configurations spatiales.<\/p>\n<p class=\"p1\">L\u2019optique micro-prismatique assure une distribution lumineuse contr\u00f4l\u00e9e et une ambiance visuelle confortable. Le Lightscape-C 80 est donc id\u00e9al pour l\u2019\u00e9clairage de zones de travail telles que les bureaux, les postes de travail et les espaces d\u2019accueil o\u00f9 l\u2019\u00e9clairage fonctionnel et le confort sont essentiels. <\/p>\n<p class=\"p1\"><strong>Caract\u00e9ristiques principales<\/strong><\/p>\n<ul>\n<li class=\"p1\">Luminaire suspendu lin\u00e9aire \u00e0 LED<\/li>\n<li class=\"p1\">Lentille microprismatique<\/li>\n<li class=\"p1\">Faible \u00e9blouissement avec UGR inf\u00e9rieur \u00e0 19<\/li>\n<li class=\"p1\">Distribution de la lumi\u00e8re uniforme et efficace<\/li>\n<li class=\"p1\">Disponible en trois longueurs<\/li>\n<li class=\"p1\">Confort visuel \u00e9lev\u00e9<\/li>\n<li class=\"p1\">Convient aux espaces de travail et aux espaces de r\u00e9ception<\/li>\n<\/ul>\n<p class=\"p1\">Le Lightscape-C 80 constitue ainsi une solution d\u2019\u00e9clairage flexible et confortable pour les espaces de travail et d\u2019accueil modernes, alliant lignes \u00e9pur\u00e9es et lumi\u00e8re fonctionnelle.<\/p>\n[\/vc_column_text][\/vc_column][\/vc_row]\n","protected":false},"excerpt":{"rendered":"<p>Le Lightscape-C 80 est un luminaire suspendu linaire quip dune lentille micro-prismatique (UGR19) assurant un clairage uniforme et efficace sur toute la longueur du luminaire.<\/p>\n<ul>\n<li>Conception architecturale qui assure un \u00e9clairage uniforme sur toute la longueur du luminaire<\/li>\n<li>\u00c9clairage de bureaux<\/li>\n<li>Lentille prismatique UGR19<\/li>\n<\/ul>\n","protected":false},"featured_media":90909,"template":"","meta":[],"product_brand":[],"product_cat":[794],"product_tag":[14299],"class_list":{"0":"post-90334","1":"product","2":"type-product","3":"status-publish","4":"has-post-thumbnail","6":"product_cat-opbouwarmatuur","7":"product_tag-lightscape","8":"pa_air-extraction-n-v-t","9":"pa_armatuurefficientie-140lm-w","10":"pa_bevestiging-plafondmontage","11":"pa_cie-flux-code-93-100-100-100-100-nl","12":"pa_driver-positie-integrated-nl","13":"pa_energielabel-a","14":"pa_familie-lightscape","15":"pa_fotobiologische-veiligheid-iec-62471-rg1-low-risk-nl","16":"pa_glare-ugr-14960","17":"pa_ip-class-ip20-top-ip40-bottom-nl-2","18":"pa_isolatieklasse-class-ii-nl","19":"pa_kleurconsistentiesdcm-sdcm3-nl-2","20":"pa_kleurtemperatuur-2700k","21":"pa_kleurtemperatuur-3000k","22":"pa_kleurtemperatuur-3500k","23":"pa_kleurtemperatuur-4000k","24":"pa_kleurtemperatuur-blanc-accordable","25":"pa_kleurweergaveindex-cri-cri80","26":"pa_kleurweergaveindex-cri-cri90","27":"pa_lichtregeling-optioneel","28":"pa_lichtregeling-dimmed-1-10v-nl-2","29":"pa_lichtregeling-casambi-gedimd","30":"pa_lichtregeling-dimmed-dali-nl-2","31":"pa_materiaal-acrylate-nl","32":"pa_materiaal-aluminium","33":"pa_noodverlichting-1-uur-noodstroom","34":"pa_noodverlichting-optioneel","35":"pa_noodverlichting-optioneel-1-uur-autonoom-autotest","36":"pa_omgevingstemperatuur-20c-40c-nl-2","37":"pa_optiek-opalen-diffusor","38":"pa_optiek-prismalens","39":"pa_orientatie-naar-beneden","40":"pa_packaging-dimensions-bulkverpakking","41":"pa_powerfactor-15191","42":"pa_primaire-aansluitingen-bst-14i2","43":"pa_primaire-aansluitingen-europlug","44":"pa_primaire-aansluitingen-gst18i3","45":"pa_primaire-aansluitingen-gst18i5-pastel-blue-nl-2","46":"pa_primaire-aansluitingen-op-aanvraag","47":"pa_primaire-aansluitingen-on-the-driver-nl","48":"pa_productkleur-op-aanvraag","49":"pa_producttoepassing-onderwijs","50":"pa_producttoepassing-openbare-ruimtes","51":"pa_producttoepassing-horeca","52":"pa_producttoepassing-kantoren","53":"pa_self-adhesive-dust-cover-optional-nl","54":"pa_verwachte-levensduur-l90b5060000h-tq-25c","55":"pa_voltage-frequentie-220-240v-50-60hz","56":"pa_vorm-rectangular-nl","58":"first","59":"instock","60":"shipping-taxable","61":"product-type-simple"},"_links":{"self":[{"href":"https:\/\/atomis.nl\/fr\/wp-json\/wp\/v2\/product\/90334","targetHints":{"allow":["GET"]}}],"collection":[{"href":"https:\/\/atomis.nl\/fr\/wp-json\/wp\/v2\/product"}],"about":[{"href":"https:\/\/atomis.nl\/fr\/wp-json\/wp\/v2\/types\/product"}],"wp:featuredmedia":[{"embeddable":true,"href":"https:\/\/atomis.nl\/fr\/wp-json\/wp\/v2\/media\/90909"}],"wp:attachment":[{"href":"https:\/\/atomis.nl\/fr\/wp-json\/wp\/v2\/media?parent=90334"}],"wp:term":[{"taxonomy":"product_brand","embeddable":true,"href":"https:\/\/atomis.nl\/fr\/wp-json\/wp\/v2\/product_brand?post=90334"},{"taxonomy":"product_cat","embeddable":true,"href":"https:\/\/atomis.nl\/fr\/wp-json\/wp\/v2\/product_cat?post=90334"},{"taxonomy":"product_tag","embeddable":true,"href":"https:\/\/atomis.nl\/fr\/wp-json\/wp\/v2\/product_tag?post=90334"}],"curies":[{"name":"wp","href":"https:\/\/api.w.org\/{rel}","templated":true}]}}