{"id":90352,"date":"2026-03-06T08:47:33","date_gmt":"2026-03-06T08:47:33","guid":{"rendered":"https:\/\/atomis.nl\/producten\/miro-m-600x600-modele-1\/"},"modified":"2026-04-01T07:25:10","modified_gmt":"2026-04-01T07:25:10","slug":"miro-m-600x600-modele-1","status":"publish","type":"product","link":"https:\/\/atomis.nl\/fr\/produits\/miro-m-600x600-modele-1\/","title":{"rendered":"Miro-M 600&#215;600 Mod\u00e8le 1"},"content":{"rendered":"[vc_row type=&#8221;in_container&#8221; full_screen_row_position=&#8221;middle&#8221; column_margin=&#8221;default&#8221; column_direction=&#8221;default&#8221; column_direction_tablet=&#8221;default&#8221; column_direction_phone=&#8221;default&#8221; scene_position=&#8221;center&#8221; text_color=&#8221;dark&#8221; text_align=&#8221;left&#8221; row_border_radius=&#8221;none&#8221; row_border_radius_applies=&#8221;bg&#8221; row_position_desktop=&#8221;default&#8221; row_position_tablet=&#8221;inherit&#8221; row_position_phone=&#8221;inherit&#8221; overflow=&#8221;visible&#8221; overlay_strength=&#8221;0.3&#8243; gradient_direction=&#8221;left_to_right&#8221; shape_divider_position=&#8221;bottom&#8221; bg_image_animation=&#8221;none&#8221;][vc_column column_padding=&#8221;no-extra-padding&#8221; column_padding_tablet=&#8221;inherit&#8221; column_padding_phone=&#8221;inherit&#8221; column_padding_position=&#8221;all&#8221; flex_gap_desktop=&#8221;10px&#8221; column_element_direction_desktop=&#8221;default&#8221; column_element_spacing=&#8221;default&#8221; desktop_text_alignment=&#8221;default&#8221; tablet_text_alignment=&#8221;default&#8221; phone_text_alignment=&#8221;default&#8221; background_color_opacity=&#8221;1&#8243; background_hover_color_opacity=&#8221;1&#8243; column_backdrop_filter=&#8221;none&#8221; column_shadow=&#8221;none&#8221; column_border_radius=&#8221;none&#8221; column_link_target=&#8221;_self&#8221; column_position=&#8221;default&#8221; gradient_direction=&#8221;left_to_right&#8221; overlay_strength=&#8221;0.3&#8243; width=&#8221;1\/1&#8243; tablet_width_inherit=&#8221;default&#8221; animation_type=&#8221;default&#8221; bg_image_animation=&#8221;none&#8221; border_type=&#8221;simple&#8221; column_border_width=&#8221;none&#8221; column_border_style=&#8221;solid&#8221;][vc_column_text css=&#8221;&#8221; text_direction=&#8221;default&#8221;]\n<p class=\"p1\">Le Miro-M 600&#215;600 Mod\u00e8le 1 est un luminaire LED carr\u00e9 dot\u00e9 de 32 lentilles encastr\u00e9es plac\u00e9es derri\u00e8re une grille modulaire. Le luminaire combine un \u00e9clairage efficace avec une apparence architecturale raffin\u00e9e et s\u2019int\u00e8gre sans effort dans divers concepts de plafonds. <\/p>\n<p class=\"p1\">Gr\u00e2ce \u00e0 ses optiques de haute qualit\u00e9, le Miro-M 600&#215;600 Mod\u00e8le 1 offre une distribution lumineuse tr\u00e8s contr\u00f4l\u00e9e et un grand confort visuel. Le luminaire est \u00e9quip\u00e9 de s\u00e9rie d\u2019optiques avec un UGR inf\u00e9rieur \u00e0 19. Pour les environnements ayant des exigences plus strictes en mati\u00e8re de limitation de l\u2019\u00e9blouissement, une version avec un UGR inf\u00e9rieur \u00e0 16 est disponible.  <\/p>\n<p class=\"p1\">Les luminaires sont fabriqu\u00e9s en acier et finis avec un rev\u00eatement en poudre durable. Afin de garantir une int\u00e9gration optimale dans diff\u00e9rents syst\u00e8mes de plafonds, le Miro-M 600&#215;600 Mod\u00e8le 1 est produit selon les sp\u00e9cifications du client. Cela permet au luminaire d\u2019\u00eatre enti\u00e8rement adapt\u00e9 aux exigences techniques et esth\u00e9tiques du projet.  <\/p>\n<p class=\"p1\"><strong>Caract\u00e9ristiques principales<\/strong><\/p>\n<ul>\n<li class=\"p1\">Luminaire LED carr\u00e9<\/li>\n<li class=\"p1\">Grille en forme de trame avec lentilles encastr\u00e9es<\/li>\n<li class=\"p1\">\u00c9quip\u00e9 de 32 lentilles<\/li>\n<li class=\"p1\">Distribution de la lumi\u00e8re tr\u00e8s contr\u00f4l\u00e9e<\/li>\n<li class=\"p1\">Confort visuel \u00e9lev\u00e9<\/li>\n<li class=\"p1\">UGR inf\u00e9rieur \u00e0 19 en standard<\/li>\n<li class=\"p1\">UGR inf\u00e9rieur \u00e0 16 en option<\/li>\n<li class=\"p1\">Bo\u00eetier en acier<\/li>\n<li class=\"p1\">Rev\u00eatement en poudre durable<\/li>\n<li class=\"p1\">Fabriqu\u00e9 sur sp\u00e9cifications client pour chaque syst\u00e8me de plafond<\/li>\n<\/ul>\n<p class=\"p1\"><strong>Options sur mesure<\/strong><\/p>\n<ul>\n<li class=\"p1\">Dimensions<\/li>\n<li class=\"p1\">Ouvertures de capteurs<\/li>\n<li class=\"p1\">Ventilation du pl\u00e9num<\/li>\n<li class=\"p1\">Couleur<\/li>\n<li class=\"p1\">Facteur de r\u00e9flexion<\/li>\n<\/ul>\n<p class=\"p1\">Gr\u00e2ce \u00e0 son rendement \u00e9lev\u00e9, son faible \u00e9blouissement et son aspect architectural, le Miro-M carr\u00e9 Mod\u00e8le 1 est id\u00e9al pour une utilisation dans les bureaux, les \u00e9tablissements d\u2019enseignement et les \u00e9tablissements de sant\u00e9 o\u00f9 la qualit\u00e9 de la lumi\u00e8re et le design se rencontrent.<\/p>\n[\/vc_column_text][\/vc_column][\/vc_row]\n","protected":false},"excerpt":{"rendered":"<p>Le Miro-M 600&#215;600 Mod\u00e8le 1 est un luminaire LED carr\u00e9 dot\u00e9 de 32 lentilles encastr\u00e9es situ\u00e9es derri\u00e8re une grille modulaire. Ce luminaire innovant offre un \u00e9clairage efficace tout en ajoutant de l\u2019\u00e9l\u00e9gance \u00e0 tout environnement architectural. Les clients peuvent choisir entre deux optiques diff\u00e9rentes : l\u2019UGR19 standard ou l\u2019UGR16. Les luminaires sont fabriqu\u00e9s en acier thermolaqu\u00e9 et sont r\u00e9alis\u00e9s sur mesure pour chaque syst\u00e8me de plafond.   <\/p>\n<ul>\n<li>Conception architecturale avec 32 optiques<\/li>\n<li>Choix entre optiques UGR&lt; 19 et UGR&lt; 16<\/li>\n<li>Grille en noir mat et blanc mat<\/li>\n<li>Design plat pour faibles profondeurs de plafond<\/li>\n<\/ul>\n","protected":false},"featured_media":90353,"template":"","meta":[],"product_brand":[],"product_cat":[14310],"product_tag":[14786],"class_list":{"0":"post-90352","1":"product","2":"type-product","3":"status-publish","4":"has-post-thumbnail","6":"product_cat-luminaires-encastres-et-poses","7":"product_tag-miro","8":"pa_armatuurefficientie-140lm-w","9":"pa_bevestiging-encastre","10":"pa_cie-flux-code-93-100-100-100-100-nl","11":"pa_driver-positie-driver-led-externe","12":"pa_driver-positie-fixe-au-luminaire","13":"pa_energielabel-a","14":"pa_familie-miro","15":"pa_fotobiologische-veiligheid-cei-62471-rg1-faible-risque","16":"pa_glare-ugr-14969","17":"pa_ip-class-ip20-dessus-ip40-dessous","18":"pa_isolatieklasse-classe-ii-nl","19":"pa_kleurconsistentiesdcm-sdcm3-nl-2","20":"pa_kleurtemperatuur-2700k","21":"pa_kleurtemperatuur-3000k","22":"pa_kleurtemperatuur-3500k","23":"pa_kleurtemperatuur-4000k","24":"pa_kleurtemperatuur-blanc-accordable","25":"pa_lichtregeling-optionelle","26":"pa_lichtregeling-gradation-1-10-v","27":"pa_lichtregeling-gradation-casambi","28":"pa_lichtregeling-gradation-dali","29":"pa_materiaal-acier","30":"pa_materiaal-acrylique","31":"pa_noodverlichting-autonomie-de-secours-de-1-heure","32":"pa_noodverlichting-optionelle","33":"pa_noodverlichting-autonomie-optionnelle-de-1-heure-avec-autotest","34":"pa_omgevingstemperatuur-20c-40c-nl-2","35":"pa_optiek-lens-and-louver-nl","36":"pa_orientatie-vers-le-bas","37":"pa_packaging-dimensions-emballage-en-vrac","38":"pa_powerfactor-15205","39":"pa_primaire-aansluitingen-bst-14i2","40":"pa_primaire-aansluitingen-europlug","41":"pa_primaire-aansluitingen-gst18i3","42":"pa_primaire-aansluitingen-gst18i5-pastel-blue-nl-2","43":"pa_primaire-aansluitingen-sur-demande","44":"pa_primaire-aansluitingen-sur-le-driver","45":"pa_productkleur-sur-demande","46":"pa_self-adhesive-dust-cover-optionnel","47":"pa_verwachte-levensduur-l90b5060000h-tq-25c","48":"pa_vorm-carre","50":"first","51":"instock","52":"shipping-taxable","53":"product-type-simple"},"_links":{"self":[{"href":"https:\/\/atomis.nl\/fr\/wp-json\/wp\/v2\/product\/90352","targetHints":{"allow":["GET"]}}],"collection":[{"href":"https:\/\/atomis.nl\/fr\/wp-json\/wp\/v2\/product"}],"about":[{"href":"https:\/\/atomis.nl\/fr\/wp-json\/wp\/v2\/types\/product"}],"wp:featuredmedia":[{"embeddable":true,"href":"https:\/\/atomis.nl\/fr\/wp-json\/wp\/v2\/media\/90353"}],"wp:attachment":[{"href":"https:\/\/atomis.nl\/fr\/wp-json\/wp\/v2\/media?parent=90352"}],"wp:term":[{"taxonomy":"product_brand","embeddable":true,"href":"https:\/\/atomis.nl\/fr\/wp-json\/wp\/v2\/product_brand?post=90352"},{"taxonomy":"product_cat","embeddable":true,"href":"https:\/\/atomis.nl\/fr\/wp-json\/wp\/v2\/product_cat?post=90352"},{"taxonomy":"product_tag","embeddable":true,"href":"https:\/\/atomis.nl\/fr\/wp-json\/wp\/v2\/product_tag?post=90352"}],"curies":[{"name":"wp","href":"https:\/\/api.w.org\/{rel}","templated":true}]}}