{"id":90394,"date":"2026-03-06T12:18:23","date_gmt":"2026-03-06T12:18:23","guid":{"rendered":"https:\/\/atomis.nl\/producten\/oxo-35-sapp\/"},"modified":"2026-04-07T06:21:47","modified_gmt":"2026-04-07T06:21:47","slug":"oxo-35-sapp","status":"publish","type":"product","link":"https:\/\/atomis.nl\/fr\/produits\/oxo-35-sapp\/","title":{"rendered":"Oxo 35 SAPP"},"content":{"rendered":"[vc_row type=&#8221;in_container&#8221; full_screen_row_position=&#8221;middle&#8221; column_margin=&#8221;default&#8221; column_direction=&#8221;default&#8221; column_direction_tablet=&#8221;default&#8221; column_direction_phone=&#8221;default&#8221; scene_position=&#8221;center&#8221; text_color=&#8221;dark&#8221; text_align=&#8221;left&#8221; row_border_radius=&#8221;none&#8221; row_border_radius_applies=&#8221;bg&#8221; row_position_desktop=&#8221;default&#8221; row_position_tablet=&#8221;inherit&#8221; row_position_phone=&#8221;inherit&#8221; overflow=&#8221;visible&#8221; overlay_strength=&#8221;0.3&#8243; gradient_direction=&#8221;left_to_right&#8221; shape_divider_position=&#8221;bottom&#8221; bg_image_animation=&#8221;none&#8221;][vc_column column_padding=&#8221;no-extra-padding&#8221; column_padding_tablet=&#8221;inherit&#8221; column_padding_phone=&#8221;inherit&#8221; column_padding_position=&#8221;all&#8221; flex_gap_desktop=&#8221;10px&#8221; column_element_direction_desktop=&#8221;default&#8221; column_element_spacing=&#8221;default&#8221; desktop_text_alignment=&#8221;default&#8221; tablet_text_alignment=&#8221;default&#8221; phone_text_alignment=&#8221;default&#8221; background_color_opacity=&#8221;1&#8243; background_hover_color_opacity=&#8221;1&#8243; column_backdrop_filter=&#8221;none&#8221; column_shadow=&#8221;none&#8221; column_border_radius=&#8221;none&#8221; column_link_target=&#8221;_self&#8221; column_position=&#8221;default&#8221; gradient_direction=&#8221;left_to_right&#8221; overlay_strength=&#8221;0.3&#8243; width=&#8221;1\/1&#8243; tablet_width_inherit=&#8221;default&#8221; animation_type=&#8221;default&#8221; bg_image_animation=&#8221;none&#8221; border_type=&#8221;simple&#8221; column_border_width=&#8221;none&#8221; column_border_style=&#8221;solid&#8221;][vc_column_text css=&#8221;&#8221; text_direction=&#8221;default&#8221;]L\u2019<strong>Oxo 35\u2011SAPP<\/strong> est un spot orientable raffin\u00e9 et extr\u00eamement compact, con\u00e7u pour une int\u00e9gration parfaite au sein du <strong>syst\u00e8me de plafond SAPP d\u2019Interalu<\/strong>. Gr\u00e2ce \u00e0 son design minimaliste et \u00e0 sa haute qualit\u00e9 de finition, ce mini-spot s\u2019int\u00e8gre harmonieusement \u00e0 la vision architecturale des projets modernes, o\u00f9 l\u2019esth\u00e9tique et la fonctionnalit\u00e9 sont centrales. <\/p>\n<div>\n<p>Avec un diam\u00e8tre de seulement <strong>\u00f8 35 mm<\/strong>, l\u2019Oxo 35\u2011SAPP offre une subtilit\u00e9 in\u00e9gal\u00e9e dans le plafond, sans faire de compromis sur la qualit\u00e9 de la lumi\u00e8re ou les performances. La <strong>lentille FWHM de 36\u00b0<\/strong> int\u00e9gr\u00e9e assure un faisceau lumineux concentr\u00e9 et contr\u00f4l\u00e9, id\u00e9al pour l\u2019\u00e9clairage d\u2019accentuation, les pr\u00e9sentations de produits et les mises en valeur d\u2019ambiance dans les commerces, l\u2019h\u00f4tellerie ou les bureaux. <\/p>\n<p>Ce qui rend ce spot unique, c\u2019est la combinaison d\u2019une <strong>finesse technique<\/strong> et d\u2019une <strong>s\u00e9r\u00e9nit\u00e9 visuelle<\/strong>. L\u2019indice de rendu des couleurs \u00e9lev\u00e9 (<strong>IRC &gt; 90<\/strong>) garantit une exp\u00e9rience chromatique fid\u00e8le et lumineuse, mettant parfaitement en valeur les mat\u00e9riaux, les objets et les d\u00e9tails architecturaux. L\u2019Oxo 35\u2011SAPP est donc id\u00e9al pour les int\u00e9rieurs haut de gamme o\u00f9 la qualit\u00e9 de la lumi\u00e8re est un facteur d\u00e9terminant.  <\/p>\n<p>L\u2019Oxo 35\u2011SAPP est disponible en trois variantes de commande, s\u2019adaptant ainsi facilement \u00e0 tout concept de gestion de l\u2019\u00e9clairage au sein d\u2019un projet :<\/p>\n<ul>\n<li><strong>Version On\/Off<\/strong> pour des applications simples et directes<\/li>\n<li><strong>Version graduable DALI<\/strong> pour une gestion professionnelle de l\u2019\u00e9clairage et une int\u00e9gration dans les syst\u00e8mes de gestion du b\u00e2timent<\/li>\n<li><strong>Version graduable Casambi<\/strong> pour un contr\u00f4le sans fil et une flexibilit\u00e9 dans les projets d\u2019\u00e9clairage intelligent contemporains<\/li>\n<\/ul>\n<p>Gr\u00e2ce \u00e0 sa conception orientable, la lumi\u00e8re peut \u00eatre dirig\u00e9e pr\u00e9cis\u00e9ment l\u00e0 o\u00f9 elle est la plus efficace, tandis que le bo\u00eetier miniature reste discret dans le plafond. Cela fait de l\u2019Oxo 35\u2011SAPP un choix polyvalent et \u00e9l\u00e9gant pour les architectes, les concepteurs lumi\u00e8re et les installateurs professionnels \u00e0 la recherche d\u2019une solution d\u2019\u00e9clairage haut de gamme et raffin\u00e9e. <\/p>\n<\/div>\n[\/vc_column_text][\/vc_column][\/vc_row]\n","protected":false},"excerpt":{"rendered":"<div>L\u2019Oxo 35-SAPP est un spot orientable dot\u00e9 d\u2019une lentille de 36\u00b0. Ce spot est un mod\u00e8le miniature \u00e9l\u00e9gant, compatible avec le plafond SAPP d\u2019Interalu. <\/div>\n<ul>\n<li>Spot miniature orientable (\u00f8 35 mm)<\/li>\n<li>\u00c9quip\u00e9 d&#8217;une lentille FWHM de 36\u00b0<\/li>\n<li>Indice de rendu des couleurs \u00e9lev\u00e9 (IRC&gt;90)<\/li>\n<li>Version marche\/arr\u00eat, version \u00e0 gradation DALI et version \u00e0 gradation Casambi disponibles<\/li>\n<\/ul>\n<div><strong>T\u00e9l\u00e9chargements<\/strong><\/div>\n<div><\/div>\n<div>[button size=\"small\" style=\"is-outline primary\" text=\"Photom\u00e9trie Oxo 35 White\" link=\"https:\/\/atomis.nl\/downloads\/Photometrics-Nano-35.zip\" target=\"_blank\"]<\/div>\n","protected":false},"featured_media":90395,"template":"","meta":[],"product_brand":[],"product_cat":[14199,476],"product_tag":[14298],"class_list":{"0":"post-90394","1":"product","2":"type-product","3":"status-publish","4":"has-post-thumbnail","6":"product_cat-lamel-armaturen","7":"product_cat-klimaatplafond-armaturen","8":"product_tag-oxo","9":"pa_armatuurefficientie-70lm-w","10":"pa_bevestiging-inbouw","11":"pa_cie-flux-code-93-100-100-100-100-nl","12":"pa_driver-positie-losliggende-driver","13":"pa_energielabel-a","14":"pa_familie-oxo","15":"pa_fotobiologische-veiligheid-iec-62471-rg1-low-risk-nl","16":"pa_glare-ugr-n-v-t","17":"pa_ip-class-ip20-top-ip40-bottom-nl-2","18":"pa_isolatieklasse-class-ii-nl","19":"pa_kleurconsistentiesdcm-sdcm2","20":"pa_kleurweergaveindex-cri-cri80","21":"pa_kleurweergaveindex-cri-cri90","22":"pa_kleurweergaveindex-cri-cri97-nl-2","23":"pa_lichtregeling-optioneel","24":"pa_lichtregeling-dimmed-1-10v-nl-2","25":"pa_lichtregeling-casambi-gedimd","26":"pa_lichtregeling-dimmed-dali-nl-2","27":"pa_materiaal-aluminium","28":"pa_noodverlichting-1-uur-noodstroom","29":"pa_noodverlichting-optioneel","30":"pa_noodverlichting-optioneel-1-uur-autonoom-autotest","31":"pa_omgevingstemperatuur-20c-40c-nl-2","32":"pa_optiek-lens-nl","33":"pa_orientatie-richtbaar","34":"pa_packaging-dimensions-bulkverpakking","35":"pa_powerfactor-15191","36":"pa_primaire-aansluitingen-bst-14i2","37":"pa_primaire-aansluitingen-europlug","38":"pa_primaire-aansluitingen-gst18i3","39":"pa_primaire-aansluitingen-gst18i5-pastel-blue-nl-2","40":"pa_primaire-aansluitingen-op-aanvraag","41":"pa_primaire-aansluitingen-on-the-driver-nl","42":"pa_productkleur-op-aanvraag","43":"pa_self-adhesive-dust-cover-optional-nl","44":"pa_verwachte-levensduur-l90b5060000h-tq-25c","45":"pa_vorm-round-nl","47":"first","48":"instock","49":"shipping-taxable","50":"product-type-simple"},"_links":{"self":[{"href":"https:\/\/atomis.nl\/fr\/wp-json\/wp\/v2\/product\/90394","targetHints":{"allow":["GET"]}}],"collection":[{"href":"https:\/\/atomis.nl\/fr\/wp-json\/wp\/v2\/product"}],"about":[{"href":"https:\/\/atomis.nl\/fr\/wp-json\/wp\/v2\/types\/product"}],"wp:featuredmedia":[{"embeddable":true,"href":"https:\/\/atomis.nl\/fr\/wp-json\/wp\/v2\/media\/90395"}],"wp:attachment":[{"href":"https:\/\/atomis.nl\/fr\/wp-json\/wp\/v2\/media?parent=90394"}],"wp:term":[{"taxonomy":"product_brand","embeddable":true,"href":"https:\/\/atomis.nl\/fr\/wp-json\/wp\/v2\/product_brand?post=90394"},{"taxonomy":"product_cat","embeddable":true,"href":"https:\/\/atomis.nl\/fr\/wp-json\/wp\/v2\/product_cat?post=90394"},{"taxonomy":"product_tag","embeddable":true,"href":"https:\/\/atomis.nl\/fr\/wp-json\/wp\/v2\/product_tag?post=90394"}],"curies":[{"name":"wp","href":"https:\/\/api.w.org\/{rel}","templated":true}]}}