{"id":90400,"date":"2026-03-06T12:35:08","date_gmt":"2026-03-06T12:35:08","guid":{"rendered":"https:\/\/atomis.nl\/producten\/refurbishment-metronome\/"},"modified":"2026-04-07T15:04:00","modified_gmt":"2026-04-07T15:04:00","slug":"refurbishment-metronome","status":"publish","type":"product","link":"https:\/\/atomis.nl\/fr\/produits\/refurbishment-metronome\/","title":{"rendered":"Refurbishment Metronome"},"content":{"rendered":"[vc_row type=&#8221;in_container&#8221; full_screen_row_position=&#8221;middle&#8221; column_margin=&#8221;default&#8221; column_direction=&#8221;default&#8221; column_direction_tablet=&#8221;default&#8221; column_direction_phone=&#8221;default&#8221; scene_position=&#8221;center&#8221; text_color=&#8221;dark&#8221; text_align=&#8221;left&#8221; row_border_radius=&#8221;none&#8221; row_border_radius_applies=&#8221;bg&#8221; row_position_desktop=&#8221;default&#8221; row_position_tablet=&#8221;inherit&#8221; row_position_phone=&#8221;inherit&#8221; overflow=&#8221;visible&#8221; overlay_strength=&#8221;0.3&#8243; gradient_direction=&#8221;left_to_right&#8221; shape_divider_position=&#8221;bottom&#8221; bg_image_animation=&#8221;none&#8221;][vc_column column_padding=&#8221;no-extra-padding&#8221; column_padding_tablet=&#8221;inherit&#8221; column_padding_phone=&#8221;inherit&#8221; column_padding_position=&#8221;all&#8221; flex_gap_desktop=&#8221;10px&#8221; column_element_direction_desktop=&#8221;default&#8221; column_element_spacing=&#8221;default&#8221; desktop_text_alignment=&#8221;default&#8221; tablet_text_alignment=&#8221;default&#8221; phone_text_alignment=&#8221;default&#8221; background_color_opacity=&#8221;1&#8243; background_hover_color_opacity=&#8221;1&#8243; column_backdrop_filter=&#8221;none&#8221; column_shadow=&#8221;none&#8221; column_border_radius=&#8221;none&#8221; column_link_target=&#8221;_self&#8221; column_position=&#8221;default&#8221; gradient_direction=&#8221;left_to_right&#8221; overlay_strength=&#8221;0.3&#8243; width=&#8221;1\/1&#8243; tablet_width_inherit=&#8221;default&#8221; animation_type=&#8221;default&#8221; bg_image_animation=&#8221;none&#8221; border_type=&#8221;simple&#8221; column_border_width=&#8221;none&#8221; column_border_style=&#8221;solid&#8221;][vc_column_text css=&#8221;&#8221; text_direction=&#8221;default&#8221;]\n<p class=\"p1\">Refurbishment Metronome est un luminaire LED lin\u00e9aire dot\u00e9 d\u2019une rang\u00e9e de 12 lentilles encastr\u00e9es de mani\u00e8re d\u00e9corative derri\u00e8re une grille \u00e0 lamelles. Le luminaire allie un \u00e9clairage fonctionnel \u00e0 une esth\u00e9tique architecturale affirm\u00e9e. <\/p>\n<p class=\"p1\">Gr\u00e2ce \u00e0 la fixation magn\u00e9tique, le montage dans les plafonds avec d\u00e9coupes existantes est simple et efficace. Cela rend Metronome 12 particuli\u00e8rement adapt\u00e9 aux projets de r\u00e9novation comme aux nouveaux concepts de plafond. <\/p>\n<p class=\"p1\">L&#8217;interaction entre la conception de la lentille et la lamelle r\u00e9sulte en une solution d&#8217;\u00e9clairage innovante avec une distribution lumineuse tr\u00e8s contr\u00f4l\u00e9e. Le luminaire offre un haut confort visuel et un faible \u00e9blouissement avec un UGR inf\u00e9rieur \u00e0 19. <\/p>\n<p class=\"p1\">Les luminaires sont fabriqu\u00e9s en acier et dot\u00e9s d\u2019un rev\u00eatement par poudre durable. Afin de garantir une int\u00e9gration optimale dans divers syst\u00e8mes de plafonds, le Refurbishment Metronome est fabriqu\u00e9 sur mesure selon les sp\u00e9cifications du client. Les dimensions et les finitions peuvent ainsi \u00eatre pr\u00e9cis\u00e9ment adapt\u00e9es au projet.  <\/p>\n<p class=\"p1\">Le Refurbishment Metronome allie une efficacit\u00e9 \u00e9lev\u00e9e \u00e0 une r\u00e9partition lumineuse optimale, ce qui le rend id\u00e9al pour les environnements professionnels o\u00f9 confort et esth\u00e9tique vont de pair.<\/p>\n<p class=\"p1\"><strong>Caract\u00e9ristiques principales<\/strong><\/p>\n<ul>\n<li class=\"p1\">Luminaire LED lin\u00e9aire<\/li>\n<li class=\"p1\">Rang\u00e9e de lentilles encastr\u00e9es<\/li>\n<li class=\"p1\">Lamelle en forme de grille<\/li>\n<li class=\"p1\">Fixation magn\u00e9tique<\/li>\n<li class=\"p1\">Montage simple dans les d\u00e9coupes de plafond existantes<\/li>\n<li class=\"p1\">Haut rendement<\/li>\n<li class=\"p1\">Distribution lumineuse optimale<\/li>\n<li class=\"p1\">Faible \u00e9blouissement avec UGR inf\u00e9rieur \u00e0 19<\/li>\n<li class=\"p1\">Bo\u00eetier en acier<\/li>\n<li class=\"p1\">Rev\u00eatement poudre<\/li>\n<li class=\"p1\">Fabriqu\u00e9 sur mesure selon les sp\u00e9cifications client<\/li>\n<\/ul>\n<p class=\"p1\">Le Refurbishment Metronome constitue ainsi une excellente solution d\u2019\u00e9clairage pour les bureaux, les \u00e9tablissements d\u2019enseignement et de sant\u00e9, o\u00f9 architecture, confort et qualit\u00e9 de lumi\u00e8re se rejoignent.<\/p>\n[\/vc_column_text][\/vc_column][\/vc_row]\n","protected":false},"excerpt":{"rendered":"<p class=\"p1\">Refurbishment Metronome est un luminaire LED lin\u00e9aire dot\u00e9 d\u2019une rang\u00e9e de 12 lentilles encastr\u00e9es de mani\u00e8re d\u00e9corative derri\u00e8re une grille \u00e0 lamelles. Le luminaire allie un \u00e9clairage fonctionnel \u00e0 une esth\u00e9tique architecturale affirm\u00e9e. <\/p>\n<p class=\"p1\">Gr\u00e2ce \u00e0 la fixation magn\u00e9tique, le montage dans les plafonds avec d\u00e9coupes existantes est simple et efficace. Cela rend Metronome 12 particuli\u00e8rement adapt\u00e9 aux projets de r\u00e9novation comme aux nouveaux concepts de plafond. <\/p>\n<p class=\"p1\"><strong>Caract\u00e9ristiques principales<\/strong><\/p>\n<ul>\n<li class=\"p1\">Luminaire LED lin\u00e9aire<\/li>\n<li class=\"p1\">Rang\u00e9e de lentilles encastr\u00e9es<\/li>\n<li class=\"p1\">Lamelle en forme de grille<\/li>\n<li class=\"p1\">Fixation magn\u00e9tique<\/li>\n<li class=\"p1\">Montage simple dans les d\u00e9coupes de plafond existantes<\/li>\n<li class=\"p1\">Haut rendement<\/li>\n<li class=\"p1\">Distribution lumineuse optimale<\/li>\n<li class=\"p1\">Faible \u00e9blouissement avec UGR inf\u00e9rieur \u00e0 19<\/li>\n<li class=\"p1\">Bo\u00eetier en acier<\/li>\n<li class=\"p1\">Rev\u00eatement poudre<\/li>\n<li class=\"p1\">Fabriqu\u00e9 sur mesure selon les sp\u00e9cifications client<\/li>\n<\/ul>\n","protected":false},"featured_media":90401,"template":"","meta":[],"product_brand":[],"product_cat":[14222],"product_tag":[14289],"class_list":{"0":"post-90400","1":"product","2":"type-product","3":"status-publish","4":"has-post-thumbnail","6":"product_cat-refurbishment-en-retrofit-armaturen","7":"product_tag-metronome","8":"pa_armatuurefficientie-140lm-w","9":"pa_bevestiging-inbouw","10":"pa_cie-flux-code-93-100-100-100-100-nl","11":"pa_driver-positie-losliggende-driver","12":"pa_driver-positie-bevestigd-aan-het-armatuur","13":"pa_energielabel-a","14":"pa_familie-metronome","15":"pa_fotobiologische-veiligheid-iec-62471-rg1-low-risk-nl","16":"pa_glare-ugr-14960","17":"pa_ip-class-ip20-top-ip40-bottom-nl-2","18":"pa_isolatieklasse-class-ii-nl","19":"pa_kleurconsistentiesdcm-sdcm3-nl-2","20":"pa_kleurtemperatuur-2700k","21":"pa_kleurtemperatuur-3000k","22":"pa_kleurtemperatuur-3500k","23":"pa_kleurtemperatuur-4000k","24":"pa_kleurtemperatuur-blanc-accordable","25":"pa_kleurweergaveindex-cri-cri80","26":"pa_kleurweergaveindex-cri-cri90","27":"pa_lichtregeling-optioneel","28":"pa_lichtregeling-dimmed-1-10v-nl-2","29":"pa_lichtregeling-casambi-gedimd","30":"pa_lichtregeling-dimmed-dali-nl-2","31":"pa_materiaal-steel-nl","32":"pa_materiaal-acrylate-nl","33":"pa_noodverlichting-1-uur-noodstroom","34":"pa_noodverlichting-optioneel","35":"pa_noodverlichting-optioneel-1-uur-autonoom-autotest","36":"pa_omgevingstemperatuur-20c-40c-nl-2","37":"pa_optiek-lens-and-louver-nl","38":"pa_orientatie-naar-beneden","39":"pa_packaging-dimensions-bulkverpakking","40":"pa_powerfactor-15191","41":"pa_primaire-aansluitingen-bst-14i2","42":"pa_primaire-aansluitingen-europlug","43":"pa_primaire-aansluitingen-gst18i3","44":"pa_primaire-aansluitingen-gst18i5-pastel-blue-nl-2","45":"pa_primaire-aansluitingen-op-aanvraag","46":"pa_primaire-aansluitingen-on-the-driver-nl","47":"pa_productkleur-op-aanvraag","48":"pa_producttoepassing-onderwijs","49":"pa_producttoepassing-openbare-ruimtes","50":"pa_producttoepassing-horeca","51":"pa_producttoepassing-kantoren","52":"pa_producttoepassing-retail","53":"pa_self-adhesive-dust-cover-optional-nl","54":"pa_verwachte-levensduur-l90b5060000h-tq-25c","55":"pa_vorm-rectangular-nl","57":"first","58":"instock","59":"shipping-taxable","60":"product-type-simple"},"_links":{"self":[{"href":"https:\/\/atomis.nl\/fr\/wp-json\/wp\/v2\/product\/90400","targetHints":{"allow":["GET"]}}],"collection":[{"href":"https:\/\/atomis.nl\/fr\/wp-json\/wp\/v2\/product"}],"about":[{"href":"https:\/\/atomis.nl\/fr\/wp-json\/wp\/v2\/types\/product"}],"wp:featuredmedia":[{"embeddable":true,"href":"https:\/\/atomis.nl\/fr\/wp-json\/wp\/v2\/media\/90401"}],"wp:attachment":[{"href":"https:\/\/atomis.nl\/fr\/wp-json\/wp\/v2\/media?parent=90400"}],"wp:term":[{"taxonomy":"product_brand","embeddable":true,"href":"https:\/\/atomis.nl\/fr\/wp-json\/wp\/v2\/product_brand?post=90400"},{"taxonomy":"product_cat","embeddable":true,"href":"https:\/\/atomis.nl\/fr\/wp-json\/wp\/v2\/product_cat?post=90400"},{"taxonomy":"product_tag","embeddable":true,"href":"https:\/\/atomis.nl\/fr\/wp-json\/wp\/v2\/product_tag?post=90400"}],"curies":[{"name":"wp","href":"https:\/\/api.w.org\/{rel}","templated":true}]}}