{"id":90693,"date":"2026-03-08T17:13:01","date_gmt":"2026-03-08T17:13:01","guid":{"rendered":"https:\/\/atomis.nl\/producten\/myos-mos-multioptic-suspension-system\/"},"modified":"2026-03-27T10:40:29","modified_gmt":"2026-03-27T10:40:29","slug":"myos-mos-multioptic-suspension-system","status":"publish","type":"product","link":"https:\/\/atomis.nl\/fr\/produits\/myos-mos-multioptic-suspension-system\/","title":{"rendered":"Myos\u2011MOS Multioptic\u00ae Suspension System"},"content":{"rendered":"[vc_row type=&#8221;in_container&#8221; full_screen_row_position=&#8221;middle&#8221; column_margin=&#8221;default&#8221; column_direction=&#8221;default&#8221; column_direction_tablet=&#8221;default&#8221; column_direction_phone=&#8221;default&#8221; scene_position=&#8221;center&#8221; text_color=&#8221;dark&#8221; text_align=&#8221;left&#8221; row_border_radius=&#8221;none&#8221; row_border_radius_applies=&#8221;bg&#8221; row_position_desktop=&#8221;default&#8221; row_position_tablet=&#8221;inherit&#8221; row_position_phone=&#8221;inherit&#8221; overflow=&#8221;visible&#8221; overlay_strength=&#8221;0.3&#8243; gradient_direction=&#8221;left_to_right&#8221; shape_divider_position=&#8221;bottom&#8221; bg_image_animation=&#8221;none&#8221;][vc_column column_padding=&#8221;no-extra-padding&#8221; column_padding_tablet=&#8221;inherit&#8221; column_padding_phone=&#8221;inherit&#8221; column_padding_position=&#8221;all&#8221; flex_gap_desktop=&#8221;10px&#8221; column_element_direction_desktop=&#8221;default&#8221; column_element_spacing=&#8221;default&#8221; desktop_text_alignment=&#8221;default&#8221; tablet_text_alignment=&#8221;default&#8221; phone_text_alignment=&#8221;default&#8221; background_color_opacity=&#8221;1&#8243; background_hover_color_opacity=&#8221;1&#8243; column_backdrop_filter=&#8221;none&#8221; column_shadow=&#8221;none&#8221; column_border_radius=&#8221;none&#8221; column_link_target=&#8221;_self&#8221; column_position=&#8221;default&#8221; gradient_direction=&#8221;left_to_right&#8221; overlay_strength=&#8221;0.3&#8243; width=&#8221;1\/1&#8243; tablet_width_inherit=&#8221;default&#8221; animation_type=&#8221;default&#8221; bg_image_animation=&#8221;none&#8221; border_type=&#8221;simple&#8221; column_border_width=&#8221;none&#8221; column_border_style=&#8221;solid&#8221;][vc_column_text css=&#8221;&#8221; text_direction=&#8221;default&#8221;]<strong>Myos\u2011MOS Multioptic\u00ae Suspension System <\/strong><\/p>\n<div>\n<p>Le <strong>Myos\u2011MOS Multioptic\u00ae Suspension System<\/strong> est un luminaire suspendu sophistiqu\u00e9 et extr\u00eamement bien con\u00e7u, sp\u00e9cialement d\u00e9velopp\u00e9 pour des projets d\u2019\u00e9clairage haut de gamme o\u00f9 la flexibilit\u00e9, l\u2019efficacit\u00e9 et l\u2019esth\u00e9tique sont essentielles. Le luminaire utilise des <strong>modules LED mid\u2011power<\/strong> modernes, chacun \u00e9quip\u00e9 de pas moins de <strong>33 LED de puissance<\/strong>, soigneusement positionn\u00e9es derri\u00e8re un masque de diaphragme d\u00e9coratif \u00e9l\u00e9gant. Cette combinaison assure non seulement une distribution lumineuse optimale, mais aussi un aspect visuel raffin\u00e9 qui permet au luminaire de s\u2019int\u00e9grer parfaitement dans les concepts d\u2019int\u00e9rieur contemporains.  <\/p>\n<p>L\u2019une des caract\u00e9ristiques principales du Myos\u2011MOS Multioptic\u00ae Suspension System est l\u2019utilisation de la <strong>technologie de lentilles Multioptic\u00ae<\/strong>. Cette technologie optique avanc\u00e9e permet de s\u00e9lectionner le faisceau lumineux le plus adapt\u00e9 \u00e0 chaque espace et application. Qu\u2019il s\u2019agisse d\u2019un \u00e9clairage de travail pr\u00e9cis, d\u2019une lumi\u00e8re indirecte subtile ou d\u2019une combinaison des deux : Multioptic\u00ae garantit une diffusion de la lumi\u00e8re extr\u00eamement contr\u00f4l\u00e9e et efficace. Ainsi, la lumi\u00e8re est dirig\u00e9e exactement l\u00e0 o\u00f9 elle est n\u00e9cessaire, tout en minimisant l\u2019\u00e9blouissement et la dispersion inutile.   <\/p>\n<p>Ce qui rend le syst\u00e8me particuli\u00e8rement polyvalent, c\u2019est que <strong>tous les modules peuvent \u00eatre enti\u00e8rement configur\u00e9s selon vos souhaits<\/strong>. Vous pouvez ainsi opter pour un \u00e9clairage exclusivement <strong>direct (downlight)<\/strong>, exclusivement <strong>indirect (uplight)<\/strong>, ou une <strong>combinaison hybride<\/strong> r\u00e9unissant les deux types d\u2019\u00e9clairage au sein d\u2019un m\u00eame module. Cela offre une flexibilit\u00e9 sans pr\u00e9c\u00e9dent dans la conception de solutions d\u2019\u00e9clairage, quels que soient la hauteur de la pi\u00e8ce, la fonction de l\u2019environnement ou l\u2019exp\u00e9rience visuelle souhait\u00e9e. Gr\u00e2ce \u00e0 cette approche modulaire, le syst\u00e8me Myos\u2011MOS s\u2019adapte facilement \u00e0 divers concepts d\u2019\u00e9clairage, de la lumi\u00e8re de bureau fonctionnelle aux applications d\u2019accueil chaleureuses.   <\/p>\n<p>Un autre avantage pratique majeur est le <strong>caract\u00e8re raccordable du luminaire<\/strong>. Cela rend le syst\u00e8me Myos\u2011MOS particuli\u00e8rement adapt\u00e9 aux espaces sans faux plafond ou dans lesquels la gestion des c\u00e2bles et l\u2019int\u00e9gration sont complexes. En reliant plusieurs modules, on cr\u00e9e une ligne lumineuse continue, convaincante tant sur le plan fonctionnel qu\u2019esth\u00e9tique. La suspension permet de positionner facilement le luminaire \u00e0 la hauteur id\u00e9ale, garantissant des performances lumineuses optimales et un aspect spatial \u00e9quilibr\u00e9.   <\/p>\n<p>En mati\u00e8re de qualit\u00e9 de lumi\u00e8re, le syst\u00e8me Myos-MOS r\u00e9pond ais\u00e9ment aux exigences \u00e9lev\u00e9es des environnements de travail modernes. Gr\u00e2ce aux excellentes valeurs UGR (<strong>UGR &lt; 19<\/strong>), le luminaire offre un \u00e9clairage de poste de travail de haute qualit\u00e9 conforme aux normes <strong>EN-12464-1<\/strong>, ce qui le rend parfaitement adapt\u00e9 \u00e0 une utilisation dans les bureaux et d\u2019autres environnements o\u00f9 un confort visuel prolong\u00e9 est essentiel. La combinaison d\u2019un rendement \u00e9lev\u00e9, d\u2019une r\u00e9partition uniforme de la lumi\u00e8re et d\u2019un \u00e9blouissement minimal contribue \u00e0 un environnement de travail confortable, sain et productif.  <\/p>\n<p>Le luminaire est livr\u00e9 de s\u00e9rie avec un <strong>rev\u00eatement textur\u00e9 blanc mat ou noir mat<\/strong> d\u00e9coratif de haute qualit\u00e9. Cette finition conf\u00e8re au syst\u00e8me Myos\u2011MOS un aspect intemporel et professionnel, tandis que la structure subtile assure une authenticit\u00e9 de mat\u00e9riau raffin\u00e9e et une r\u00e9sistance aux rayures. Ainsi, le luminaire s\u2019int\u00e8gre harmonieusement dans divers styles d\u2019int\u00e9rieur, de l\u2019architecture moderne aux concepts plus industriels ou minimalistes.  <\/p>\n<p>En r\u00e9sum\u00e9, le <strong>Myos\u2011MOS Multioptic\u00ae Suspension System<\/strong> offre une combinaison de qualit\u00e9 esth\u00e9tique, de sophistication technique et de flexibilit\u00e9 pratique. Gr\u00e2ce \u00e0 sa structure modulaire, sa technologie optique avanc\u00e9e et sa finition de haute qualit\u00e9, il constitue un choix parfait pour les projets o\u00f9 l\u2019\u00e9clairage doit non seulement \u00eatre fonctionnel, mais aussi contribuer \u00e0 l\u2019exp\u00e9rience architecturale globale de l\u2019espace. <\/p>\n<\/div>\n[\/vc_column_text][\/vc_column][\/vc_row]\n","protected":false},"excerpt":{"rendered":"<p>Le Myos-MOS Multioptic\u00ae Suspension system est un luminaire suspendu innovant dot\u00e9 de modules LED mid-power utilisant la technologie de lentilles Multioptic\u00ae. Il comprend des modules LED de 33 LED de puissance chacun, plac\u00e9s derri\u00e8re un masque de diaphragme d\u00e9coratif. Tous les modules peuvent \u00eatre personnalis\u00e9s selon vos besoins, qu\u2019il s\u2019agisse d\u2019un \u00e9clairage direct (downlight), indirect (uplight) ou des deux dans un seul module. Gr\u00e2ce \u00e0 sa conception raccordable, ce luminaire est id\u00e9al pour les espaces sans faux plafond.   <\/p>\n<ul>\n<li>Excellent \u00e9clairage de poste de travail UGR&lt; 19 \u00e0 faible \u00e9blouissement selon EN-12.464\/1 pour bureaux.<\/li>\n<li>Finition en rev\u00eatement de structure d\u00e9coratif blanc mat ou noir mat<\/li>\n<\/ul>\n<div><strong>T\u00e9l\u00e9chargements<\/strong><\/div>\n<div><\/div>\n<div>[button size=\"small\" style=\"is-outline primary\" text=\"Photom\u00e9trie Myos-S\" link=\"https:\/\/atomis.nl\/downloads\/Photometrics-Myos-S2.zip\" target=\"_blank\"] [button size=\"small\" style=\"is-outline primary\" text=\"Fichiers BIM Myos-S2\" link=\"https:\/\/atomis.nl\/downloads\/BIM-files-Myos-S.zip\" target=\"_blank\"]<\/div>\n<div><\/div>\n<div><\/div>\n","protected":false},"featured_media":90694,"template":"","meta":[],"product_brand":[],"product_cat":[790],"product_tag":[14297],"class_list":{"0":"post-90693","1":"product","2":"type-product","3":"status-publish","4":"has-post-thumbnail","6":"product_cat-pendel-armaturen","7":"product_tag-myos","8":"pa_air-extraction-n-v-t","9":"pa_armatuurefficientie-140lm-w","10":"pa_bevestiging-pendel","11":"pa_breedte-90mm-nl","12":"pa_cie-flux-code-93-100-100-100-100-nl","13":"pa_driver-positie-integrated-nl","14":"pa_energielabel-a","15":"pa_familie-myos","16":"pa_fotobiologische-veiligheid-iec-62471-rg1-low-risk-nl","17":"pa_glare-ugr-14960","18":"pa_ip-class-ip20-top-ip40-bottom-nl-2","19":"pa_isolatieklasse-class-i-nl","20":"pa_isolatieklasse-class-ii-nl","21":"pa_kleurconsistentiesdcm-sdcm3-nl-2","22":"pa_kleurtemperatuur-3000k","23":"pa_kleurtemperatuur-4000k","24":"pa_kleurweergaveindex-cri-cri80","25":"pa_kleurweergaveindex-cri-cri90","26":"pa_lengte-1710mm-nl","27":"pa_lichtregeling-optioneel","28":"pa_lichtregeling-dimmed-1-10v-nl-2","29":"pa_lichtregeling-casambi-gedimd","30":"pa_lichtregeling-dimmed-dali-nl-2","31":"pa_materiaal-steel-nl","32":"pa_materiaal-acrylate-nl","33":"pa_noodverlichting-1-uur-noodstroom","34":"pa_noodverlichting-optioneel","35":"pa_noodverlichting-optioneel-1-uur-autonoom-autotest","36":"pa_omgevingstemperatuur-20c-40c-nl-2","37":"pa_optiek-multioptic-lens-technology-nl","38":"pa_orientatie-omhoogomlaag","39":"pa_orientatie-naar-beneden","40":"pa_packaging-dimensions-bulkverpakking","41":"pa_powerfactor-15191","42":"pa_primaire-aansluitingen-kabel","43":"pa_primaire-aansluitingen-op-aanvraag","44":"pa_primaire-aansluitingen-on-the-driver-nl","45":"pa_productkleur-op-aanvraag","46":"pa_producttoepassing-onderwijs","47":"pa_producttoepassing-openbare-ruimtes","48":"pa_producttoepassing-horeca","49":"pa_producttoepassing-kantoren","50":"pa_self-adhesive-dust-cover-optional-nl","51":"pa_verwachte-levensduur-l90b5060000h-tq-25c","52":"pa_voltage-frequentie-220-240v-50-60hz","53":"pa_vorm-rectangular-nl","55":"first","56":"instock","57":"shipping-taxable","58":"product-type-simple"},"_links":{"self":[{"href":"https:\/\/atomis.nl\/fr\/wp-json\/wp\/v2\/product\/90693","targetHints":{"allow":["GET"]}}],"collection":[{"href":"https:\/\/atomis.nl\/fr\/wp-json\/wp\/v2\/product"}],"about":[{"href":"https:\/\/atomis.nl\/fr\/wp-json\/wp\/v2\/types\/product"}],"wp:featuredmedia":[{"embeddable":true,"href":"https:\/\/atomis.nl\/fr\/wp-json\/wp\/v2\/media\/90694"}],"wp:attachment":[{"href":"https:\/\/atomis.nl\/fr\/wp-json\/wp\/v2\/media?parent=90693"}],"wp:term":[{"taxonomy":"product_brand","embeddable":true,"href":"https:\/\/atomis.nl\/fr\/wp-json\/wp\/v2\/product_brand?post=90693"},{"taxonomy":"product_cat","embeddable":true,"href":"https:\/\/atomis.nl\/fr\/wp-json\/wp\/v2\/product_cat?post=90693"},{"taxonomy":"product_tag","embeddable":true,"href":"https:\/\/atomis.nl\/fr\/wp-json\/wp\/v2\/product_tag?post=90693"}],"curies":[{"name":"wp","href":"https:\/\/api.w.org\/{rel}","templated":true}]}}