{"id":90795,"date":"2026-03-13T14:11:53","date_gmt":"2026-03-13T14:11:53","guid":{"rendered":"https:\/\/atomis.nl\/producten\/stratos-b-100\/"},"modified":"2026-03-19T10:52:52","modified_gmt":"2026-03-19T10:52:52","slug":"stratos-b-100","status":"publish","type":"product","link":"https:\/\/atomis.nl\/fr\/produits\/stratos-b-100\/","title":{"rendered":"Stratos-B 100"},"content":{"rendered":"[vc_row type=&#8221;in_container&#8221; full_screen_row_position=&#8221;middle&#8221; column_margin=&#8221;default&#8221; column_direction=&#8221;default&#8221; column_direction_tablet=&#8221;default&#8221; column_direction_phone=&#8221;default&#8221; scene_position=&#8221;center&#8221; text_color=&#8221;dark&#8221; text_align=&#8221;left&#8221; row_border_radius=&#8221;none&#8221; row_border_radius_applies=&#8221;bg&#8221; row_position_desktop=&#8221;default&#8221; row_position_tablet=&#8221;inherit&#8221; row_position_phone=&#8221;inherit&#8221; overflow=&#8221;visible&#8221; overlay_strength=&#8221;0.3&#8243; gradient_direction=&#8221;left_to_right&#8221; shape_divider_position=&#8221;bottom&#8221; bg_image_animation=&#8221;none&#8221;][vc_column column_padding=&#8221;no-extra-padding&#8221; column_padding_tablet=&#8221;inherit&#8221; column_padding_phone=&#8221;inherit&#8221; column_padding_position=&#8221;all&#8221; flex_gap_desktop=&#8221;10px&#8221; column_element_direction_desktop=&#8221;default&#8221; column_element_spacing=&#8221;default&#8221; desktop_text_alignment=&#8221;default&#8221; tablet_text_alignment=&#8221;default&#8221; phone_text_alignment=&#8221;default&#8221; background_color_opacity=&#8221;1&#8243; background_hover_color_opacity=&#8221;1&#8243; column_backdrop_filter=&#8221;none&#8221; column_shadow=&#8221;none&#8221; column_border_radius=&#8221;none&#8221; column_link_target=&#8221;_self&#8221; column_position=&#8221;default&#8221; gradient_direction=&#8221;left_to_right&#8221; overlay_strength=&#8221;0.3&#8243; width=&#8221;1\/1&#8243; tablet_width_inherit=&#8221;default&#8221; animation_type=&#8221;default&#8221; bg_image_animation=&#8221;none&#8221; border_type=&#8221;simple&#8221; column_border_width=&#8221;none&#8221; column_border_style=&#8221;solid&#8221;][vc_column_text css=&#8221;&#8221; text_direction=&#8221;default&#8221;]Stratos-B 100 est un luminaire LED linaire conu pour une intgration dans des plafonds climatiques  trames apparentes. Le luminaire se compose dun profil en aluminium extrud faisant galement office de rflecteur. La partie infrieure est quipe dune lentille microprismatique (UGR19 pour les bureaux selon la norme NEN-EN 12.464\/1). La longueur totale peut tre spcifie entre 900mm et 1720mm. La partie lumineuse est disponible en longueurs de 565  2240mm. Une option dextraction par plnum est disponible. Un large choix de capteurs est propos, notamment pour la dtection de lumire naturelle et de prsence. Ces luminaires conviennent parfaitement aux bureaux, coles, centres de soins et autres espaces publics.[\/vc_column_text][\/vc_column][\/vc_row]\n","protected":false},"excerpt":{"rendered":"<p>Stratos-B 100 est un luminaire LED lin\u00e9aire con\u00e7u pour une application dans les plafonds climatiques \u00e0 trames apparentes. Le luminaire est dot\u00e9 dune lentille microprismatique (avec un UGR19 pour les applications de bureau selon la norme EN 12464-1). <\/p>\n<ul>\n<li>Construction en aluminium thermolaqu\u00e9<\/li>\n<li>\u00c9quip\u00e9 dune lentille prismatique (UGR19)<\/li>\n<li>Versions \u00e0 blanc variable ou \u00e0 \u00e9clairage m\u00e9lanopique disponibles<\/li>\n<li>Convient pour une utilisation dans les bureaux, les \u00e9coles, les centres de soins et autres \u00e9tablissements publics.<\/li>\n<\/ul>\n<div><strong>T\u00e9l\u00e9chargements<\/strong><\/div>\n<div><\/div>\n<div>[button size=\"small\" style=\"is-outline primary\" text=\"Photom\u00e9trie Stratos-B 100\" link=\"https:\/\/atomis.nl\/downloads\/Photometrics-Stratos-100.zip\" target=\"_blank\"]<\/div>\n<div><\/div>\n<div><strong>Composez votre propre produit, t\u00e9l\u00e9chargez la fiche technique PDF ou ajoutez au devis :<\/strong><\/div>\n","protected":false},"featured_media":59925,"template":"","meta":[],"product_brand":[],"product_cat":[786],"product_tag":[14296],"class_list":{"0":"post-90795","1":"product","2":"type-product","3":"status-publish","4":"has-post-thumbnail","6":"product_cat-bandraster-armaturen","7":"product_tag-stratos","8":"pa_air-extraction-optional-nl","9":"pa_armatuurefficientie-140lm-w","10":"pa_bevestiging-inbouw","11":"pa_breedte-92mm-nl","12":"pa_cie-flux-code-93-100-100-100-100-nl","13":"pa_driver-positie-losliggende-driver","14":"pa_driver-positie-bevestigd-aan-het-armatuur","15":"pa_energielabel-a","16":"pa_familie-stratos","17":"pa_fotobiologische-veiligheid-iec-62471-rg1-low-risk-nl","18":"pa_glare-ugr-14960","19":"pa_ip-class-ip20-top-ip40-bottom-nl-2","20":"pa_isolatieklasse-class-ii-nl","21":"pa_kleurconsistentiesdcm-sdcm3-nl-2","22":"pa_kleurtemperatuur-2700k","23":"pa_kleurtemperatuur-3000k","24":"pa_kleurtemperatuur-3500k","25":"pa_kleurtemperatuur-4000k","26":"pa_kleurtemperatuur-blanc-accordable","27":"pa_kleurweergaveindex-cri-cri80","28":"pa_kleurweergaveindex-cri-cri90","29":"pa_lengte-1720mm-nl","30":"pa_lichtregeling-optioneel","31":"pa_lichtregeling-dimmed-1-10v-nl-2","32":"pa_lichtregeling-casambi-gedimd","33":"pa_lichtregeling-dimmed-dali-nl-2","34":"pa_materiaal-acrylate-nl","35":"pa_materiaal-aluminium","36":"pa_noodverlichting-1-uur-noodstroom","37":"pa_noodverlichting-optioneel","38":"pa_noodverlichting-optioneel-1-uur-autonoom-autotest","39":"pa_omgevingstemperatuur-20c-40c-nl-2","40":"pa_optiek-opalen-diffusor","41":"pa_optiek-prismalens","42":"pa_orientatie-naar-beneden","43":"pa_packaging-dimensions-bulkverpakking","44":"pa_powerfactor-15191","45":"pa_primaire-aansluitingen-bst-14i2","46":"pa_primaire-aansluitingen-europlug","47":"pa_primaire-aansluitingen-gst18i3","48":"pa_primaire-aansluitingen-gst18i5-pastel-blue-nl-2","49":"pa_primaire-aansluitingen-op-aanvraag","50":"pa_primaire-aansluitingen-on-the-driver-nl","51":"pa_productkleur-op-aanvraag","52":"pa_producttoepassing-onderwijs","53":"pa_producttoepassing-openbare-ruimtes","54":"pa_producttoepassing-horeca","55":"pa_producttoepassing-kantoren","56":"pa_self-adhesive-dust-cover-optional-nl","57":"pa_verwachte-levensduur-l90b5060000h-tq-25c","58":"pa_voltage-frequentie-220-240v-50-60hz","59":"pa_vorm-rectangular-nl","61":"first","62":"instock","63":"shipping-taxable","64":"product-type-simple"},"_links":{"self":[{"href":"https:\/\/atomis.nl\/fr\/wp-json\/wp\/v2\/product\/90795","targetHints":{"allow":["GET"]}}],"collection":[{"href":"https:\/\/atomis.nl\/fr\/wp-json\/wp\/v2\/product"}],"about":[{"href":"https:\/\/atomis.nl\/fr\/wp-json\/wp\/v2\/types\/product"}],"wp:featuredmedia":[{"embeddable":true,"href":"https:\/\/atomis.nl\/fr\/wp-json\/wp\/v2\/media\/59925"}],"wp:attachment":[{"href":"https:\/\/atomis.nl\/fr\/wp-json\/wp\/v2\/media?parent=90795"}],"wp:term":[{"taxonomy":"product_brand","embeddable":true,"href":"https:\/\/atomis.nl\/fr\/wp-json\/wp\/v2\/product_brand?post=90795"},{"taxonomy":"product_cat","embeddable":true,"href":"https:\/\/atomis.nl\/fr\/wp-json\/wp\/v2\/product_cat?post=90795"},{"taxonomy":"product_tag","embeddable":true,"href":"https:\/\/atomis.nl\/fr\/wp-json\/wp\/v2\/product_tag?post=90795"}],"curies":[{"name":"wp","href":"https:\/\/api.w.org\/{rel}","templated":true}]}}