{"id":90819,"date":"2026-03-15T17:31:44","date_gmt":"2026-03-15T17:31:44","guid":{"rendered":"https:\/\/atomis.nl\/producten\/evolo-grill\/"},"modified":"2026-04-02T12:32:10","modified_gmt":"2026-04-02T12:32:10","slug":"evolo-grill","status":"publish","type":"product","link":"https:\/\/atomis.nl\/fr\/produits\/evolo-grill\/","title":{"rendered":"Evolo-Grill"},"content":{"rendered":"[vc_row type=&#8221;in_container&#8221; full_screen_row_position=&#8221;middle&#8221; column_margin=&#8221;default&#8221; column_direction=&#8221;default&#8221; column_direction_tablet=&#8221;default&#8221; column_direction_phone=&#8221;default&#8221; scene_position=&#8221;center&#8221; text_color=&#8221;dark&#8221; text_align=&#8221;left&#8221; row_border_radius=&#8221;none&#8221; row_border_radius_applies=&#8221;bg&#8221; row_position_desktop=&#8221;default&#8221; row_position_tablet=&#8221;inherit&#8221; row_position_phone=&#8221;inherit&#8221; overflow=&#8221;visible&#8221; overlay_strength=&#8221;0.3&#8243; gradient_direction=&#8221;left_to_right&#8221; shape_divider_position=&#8221;bottom&#8221; bg_image_animation=&#8221;none&#8221;][vc_column column_padding=&#8221;no-extra-padding&#8221; column_padding_tablet=&#8221;inherit&#8221; column_padding_phone=&#8221;inherit&#8221; column_padding_position=&#8221;all&#8221; flex_gap_desktop=&#8221;10px&#8221; column_element_direction_desktop=&#8221;default&#8221; column_element_spacing=&#8221;default&#8221; desktop_text_alignment=&#8221;default&#8221; tablet_text_alignment=&#8221;default&#8221; phone_text_alignment=&#8221;default&#8221; background_color_opacity=&#8221;1&#8243; background_hover_color_opacity=&#8221;1&#8243; column_backdrop_filter=&#8221;none&#8221; column_shadow=&#8221;none&#8221; column_border_radius=&#8221;none&#8221; column_link_target=&#8221;_self&#8221; column_position=&#8221;default&#8221; gradient_direction=&#8221;left_to_right&#8221; overlay_strength=&#8221;0.3&#8243; width=&#8221;1\/1&#8243; tablet_width_inherit=&#8221;default&#8221; animation_type=&#8221;default&#8221; bg_image_animation=&#8221;none&#8221; border_type=&#8221;simple&#8221; column_border_width=&#8221;none&#8221; column_border_style=&#8221;solid&#8221;][vc_column_text css_animation=&#8221;bounceIn&#8221; css=&#8221;&#8221; text_direction=&#8221;default&#8221;]Evolo-Grill est un luminaire LED \u00e9l\u00e9gant et mince, \u00e9quip\u00e9 dune rang\u00e9e de LED mid-power, chacune dot\u00e9e de sa propre lentille et de son propre louvre. Le luminaire allie un design raffin\u00e9 \u00e0 un \u00e9clairage fonctionnel pour les environnements de travail professionnels. <\/p>\n<p>La r\u00e9partition lumineuse \u00e0 faible \u00e9blouissement et un UGR de 19 rendent lEvolo-Grill particuli\u00e8rement adapt\u00e9 aux environnements de bureau et autres espaces o\u00f9 le confort visuel est essentiel.<\/p>\n<p>Le bo\u00eetier est fabriqu\u00e9 en acier et fini avec un rev\u00eatement en poudre d\u00e9coratif. Le luminaire est disponible en noir mat ou en blanc mat, ce qui lui permet de s&#8217;int\u00e9grer facilement \u00e0 diff\u00e9rents styles d&#8217;int\u00e9rieur. <\/p>\n<p><strong>Caract\u00e9ristiques principales<\/strong><\/p>\n<p>\u2022 Luminaire LED lin\u00e9aire mince<br \/>\n\u2022 LED mid-power<br \/>\n\u2022 Lentille et louvre individuels par LED<br \/>\n\u2022 Faible \u00e9blouissement avec UGR 19<br \/>\n\u2022 Adapt\u00e9 aux environnements de bureau<br \/>\n\u2022 Corps en acier<br \/>\n\u2022 Rev\u00eatement par poudre d\u00e9coratif<br \/>\n\u2022 Finition en noir mat ou blanc mat<\/p>\n<p>Gr\u00e2ce \u00e0 la combinaison d&#8217;un design \u00e9pur\u00e9, d&#8217;un faible \u00e9blouissement et d&#8217;une finition de haute qualit\u00e9, Evolo-L est une solution d&#8217;\u00e9clairage id\u00e9ale pour les int\u00e9rieurs de bureaux modernes.[\/vc_column_text][\/vc_column][\/vc_row]\n","protected":false},"excerpt":{"rendered":"<p>Evolo-Grill est un luminaire LED \u00e9l\u00e9gant et mince, \u00e9quip\u00e9 dune rang\u00e9e de LED mid-power, chacune dot\u00e9e de sa propre lentille et de son propre louvre. Ce luminaire est sp\u00e9cialement con\u00e7u pour une utilisation dans les plafonds \u00e0 lames lin\u00e9aires. <\/p>\n<ul>\n<li>Luminaire lin\u00e9aire \u00e9l\u00e9gant et mince pour une utilisation dans les plafonds \u00e0 panneaux lin\u00e9aires.<\/li>\n<li>Excellent \u00e9clairage de t\u00e2che anti-\u00e9blouissement selon EN-12.464\/1 pour utilisation en bureaux<\/li>\n<li>Disponible en rev\u00eatement textur\u00e9 blanc mat ou noir mat<\/li>\n<\/ul>\n<p><strong>T\u00e9l\u00e9chargements<\/strong><\/p>\n<p><a class=\"button primary is-is-outline primary is-small\" href=\"https:\/\/atomis.nl\/downloads\/Photometrics-Evolo.zip\" target=\"_blank\" rel=\"noopener\">Photom\u00e9trie Evolo<\/a><\/p>\n","protected":false},"featured_media":90820,"template":"","meta":[],"product_brand":[],"product_cat":[14458,14581,14310],"product_tag":[14774],"class_list":{"0":"post-90819","1":"product","2":"type-product","3":"status-publish","4":"has-post-thumbnail","6":"product_cat-luminaires-a-lamelles","7":"product_cat-luminaires-a-profils-porteurs-dissimules","8":"product_cat-luminaires-encastres-et-poses","9":"product_tag-evolo","10":"pa_air-extraction-n-v-t","11":"pa_armatuurefficientie-130lm-w","12":"pa_bevestiging-montage-au-plafond-2","13":"pa_cie-flux-code-93-100-100-100-100-nl","14":"pa_driver-positie-driver-led-externe","15":"pa_driver-positie-fixe-au-luminaire","16":"pa_energielabel-a","17":"pa_familie-evolo","18":"pa_fotobiologische-veiligheid-cei-62471-rg1-faible-risque","19":"pa_glare-ugr-14969","20":"pa_ip-class-ip20-dessus-ip40-dessous","21":"pa_isolatieklasse-classe-ii-nl","22":"pa_kleurconsistentiesdcm-sdcm3-nl-2","23":"pa_kleurtemperatuur-2700k","24":"pa_kleurtemperatuur-3000k","25":"pa_kleurtemperatuur-3500k","26":"pa_kleurtemperatuur-4000k","27":"pa_kleurtemperatuur-blanc-accordable","28":"pa_kleurweergaveindex-cri-cri80","29":"pa_kleurweergaveindex-cri-cri90","30":"pa_kleurweergaveindex-cri-cri97-nl-2","31":"pa_lichtregeling-optionelle","32":"pa_lichtregeling-gradation-1-10-v","33":"pa_lichtregeling-gradation-casambi","34":"pa_lichtregeling-gradation-dali","35":"pa_materiaal-acier","36":"pa_noodverlichting-autonomie-de-secours-de-1-heure","37":"pa_noodverlichting-optionelle","38":"pa_noodverlichting-autonomie-optionnelle-de-1-heure-avec-autotest","39":"pa_omgevingstemperatuur-20c-40c-nl-2","40":"pa_optiek-lens-and-louver-nl","41":"pa_orientatie-vers-le-bas","42":"pa_packaging-dimensions-emballage-en-vrac","43":"pa_powerfactor-15205","44":"pa_primaire-aansluitingen-bst-14i2","45":"pa_primaire-aansluitingen-europlug","46":"pa_primaire-aansluitingen-gst18i3","47":"pa_primaire-aansluitingen-gst18i5-pastel-blue-nl-2","48":"pa_primaire-aansluitingen-sur-demande","49":"pa_primaire-aansluitingen-sur-le-driver","50":"pa_productkleur-sur-demande","51":"pa_producttoepassing-education","52":"pa_producttoepassing-espaces-publics","53":"pa_producttoepassing-hotellerie-restauration","54":"pa_producttoepassing-bureau","55":"pa_self-adhesive-dust-cover-optionnel","56":"pa_verwachte-levensduur-l90b5060000h-tq-25c","57":"pa_voltage-frequentie-220-240v-50-60hz","58":"pa_vorm-rectangular-nl","60":"first","61":"instock","62":"shipping-taxable","63":"product-type-simple"},"_links":{"self":[{"href":"https:\/\/atomis.nl\/fr\/wp-json\/wp\/v2\/product\/90819","targetHints":{"allow":["GET"]}}],"collection":[{"href":"https:\/\/atomis.nl\/fr\/wp-json\/wp\/v2\/product"}],"about":[{"href":"https:\/\/atomis.nl\/fr\/wp-json\/wp\/v2\/types\/product"}],"wp:featuredmedia":[{"embeddable":true,"href":"https:\/\/atomis.nl\/fr\/wp-json\/wp\/v2\/media\/90820"}],"wp:attachment":[{"href":"https:\/\/atomis.nl\/fr\/wp-json\/wp\/v2\/media?parent=90819"}],"wp:term":[{"taxonomy":"product_brand","embeddable":true,"href":"https:\/\/atomis.nl\/fr\/wp-json\/wp\/v2\/product_brand?post=90819"},{"taxonomy":"product_cat","embeddable":true,"href":"https:\/\/atomis.nl\/fr\/wp-json\/wp\/v2\/product_cat?post=90819"},{"taxonomy":"product_tag","embeddable":true,"href":"https:\/\/atomis.nl\/fr\/wp-json\/wp\/v2\/product_tag?post=90819"}],"curies":[{"name":"wp","href":"https:\/\/api.w.org\/{rel}","templated":true}]}}