{"id":90824,"date":"2026-03-15T17:35:45","date_gmt":"2026-03-15T17:35:45","guid":{"rendered":"https:\/\/atomis.nl\/producten\/gril-fusion-2\/"},"modified":"2026-04-04T09:12:17","modified_gmt":"2026-04-04T09:12:17","slug":"gril-fusion-2","status":"publish","type":"product","link":"https:\/\/atomis.nl\/fr\/produits\/gril-fusion-2\/","title":{"rendered":"Gril Fusion"},"content":{"rendered":"[vc_row type=&#8221;in_container&#8221; full_screen_row_position=&#8221;middle&#8221; column_margin=&#8221;default&#8221; column_direction=&#8221;default&#8221; column_direction_tablet=&#8221;default&#8221; column_direction_phone=&#8221;default&#8221; scene_position=&#8221;center&#8221; text_color=&#8221;dark&#8221; text_align=&#8221;left&#8221; row_border_radius=&#8221;none&#8221; row_border_radius_applies=&#8221;bg&#8221; row_position_desktop=&#8221;default&#8221; row_position_tablet=&#8221;inherit&#8221; row_position_phone=&#8221;inherit&#8221; overflow=&#8221;visible&#8221; overlay_strength=&#8221;0.3&#8243; gradient_direction=&#8221;left_to_right&#8221; shape_divider_position=&#8221;bottom&#8221; bg_image_animation=&#8221;none&#8221;][vc_column column_padding=&#8221;no-extra-padding&#8221; column_padding_tablet=&#8221;inherit&#8221; column_padding_phone=&#8221;inherit&#8221; column_padding_position=&#8221;all&#8221; flex_gap_desktop=&#8221;10px&#8221; column_element_direction_desktop=&#8221;default&#8221; column_element_spacing=&#8221;default&#8221; desktop_text_alignment=&#8221;default&#8221; tablet_text_alignment=&#8221;default&#8221; phone_text_alignment=&#8221;default&#8221; background_color_opacity=&#8221;1&#8243; background_hover_color_opacity=&#8221;1&#8243; column_backdrop_filter=&#8221;none&#8221; column_shadow=&#8221;none&#8221; column_border_radius=&#8221;none&#8221; column_link_target=&#8221;_self&#8221; column_position=&#8221;default&#8221; gradient_direction=&#8221;left_to_right&#8221; overlay_strength=&#8221;0.3&#8243; width=&#8221;1\/1&#8243; tablet_width_inherit=&#8221;default&#8221; animation_type=&#8221;default&#8221; bg_image_animation=&#8221;none&#8221; border_type=&#8221;simple&#8221; column_border_width=&#8221;none&#8221; column_border_style=&#8221;solid&#8221;][vc_column_text css=&#8221;&#8221; text_direction=&#8221;default&#8221;]\n<p class=\"p1\">Fusion-Grill est un luminaire de plafond compact dot\u00e9 d&#8217;une lentille microprismatique, con\u00e7u pour \u00eatre utilis\u00e9 dans les plafonds suspendus. Le luminaire est con\u00e7u pour s&#8217;int\u00e9grer parfaitement aux diff\u00e9rents syst\u00e8mes de plafonds \u00e0 grille et combine une apparence \u00e9l\u00e9gante avec un \u00e9clairage fonctionnel. <\/p>\n<p class=\"p1\">Fusion-Grill est disponible en diff\u00e9rentes largeurs et longueurs et est dot\u00e9 d&#8217;une finition mate. Cela permet au luminaire de s&#8217;int\u00e9grer visuellement aux diff\u00e9rents types de plafonds \u00e0 grille disponibles sur le march\u00e9. <\/p>\n<p class=\"p1\">Gr\u00e2ce \u00e0 sa conception compacte et \u00e0 son driver int\u00e9gr\u00e9, le luminaire est facile \u00e0 installer. Dans le m\u00eame temps, l&#8217;espace au-dessus du plafond reste accessible aux autres installations et \u00e9quipements techniques, ce qui accro\u00eet la flexibilit\u00e9 lors de l&#8217;installation et de la maintenance. <\/p>\n<p class=\"p1\"><strong>Caract\u00e9ristiques principales<\/strong><\/p>\n<ul>\n<li class=\"p1\">Luminaire de plafond compact pour plafonds suspendus<\/li>\n<li class=\"p1\">Lentille microprismatique<\/li>\n<li class=\"p1\">Disponible en diff\u00e9rentes largeurs et longueurs<\/li>\n<li class=\"p1\">Finition mate pour une int\u00e9gration optimale au plafond<\/li>\n<li class=\"p1\">Driver int\u00e9gr\u00e9<\/li>\n<li class=\"p1\">Montage facile<\/li>\n<li class=\"p1\">Acc\u00e8s libre \u00e0 l&#8217;espace au-dessus du plafond<\/li>\n<\/ul>\n<p class=\"p1\">Fusion-Grill est donc une solution d&#8217;\u00e9clairage pratique et esth\u00e9tique pour les projets o\u00f9 la flexibilit\u00e9, l&#8217;int\u00e9gration et le confort visuel sont importants.<\/p>\n[\/vc_column_text][\/vc_column][\/vc_row]\n","protected":false},"excerpt":{"rendered":"<p>Fusion-Grill, un luminaire compact avec lentille microprismatique, con\u00e7u pour \u00eatre install\u00e9 dans les plafonds suspendus. Ce luminaire est disponible en diff\u00e9rentes tailles (largeur et longueur) avec une finition mate pour s&#8217;adapter aux diff\u00e9rents types de plafonds \u00e0 grille disponibles sur le march\u00e9. <\/p>\n<ul>\n<li>Luminaire compact pour plafonds suspendus<\/li>\n<li>Luminaire sur mesure disponible avec des dimensions sur demande<\/li>\n<li>Lentille microprismatique (UGR&lt; 19)<\/li>\n<li>Rev\u00eatement en poudre structur\u00e9 noir mat ou blanc mat<\/li>\n<\/ul>\n<p><strong>T\u00e9l\u00e9chargements<\/strong><\/p>\n<p><a class=\"button primary is-is-outline primary is-small\" href=\"https:\/\/atomis.nl\/downloads\/Photometrics-Fusion-Grill.zip\" target=\"_blank\" rel=\"noopener\">Photom\u00e9trie Fusion Grill<\/a><\/p>\n","protected":false},"featured_media":90825,"template":"","meta":[],"product_brand":[],"product_cat":[14458],"product_tag":[14776],"class_list":{"0":"post-90824","1":"product","2":"type-product","3":"status-publish","4":"has-post-thumbnail","6":"product_cat-luminaires-a-lamelles","7":"product_tag-fusion","8":"pa_air-extraction-n-v-t","9":"pa_armatuurefficientie-140lm-w","10":"pa_bevestiging-encastre","11":"pa_breedte-50mm-nl","12":"pa_cie-flux-code-93-100-100-100-100-nl","13":"pa_driver-positie-driver-led-externe","14":"pa_driver-positie-fixe-au-luminaire","15":"pa_energielabel-a","16":"pa_familie-fusion","17":"pa_fotobiologische-veiligheid-cei-62471-rg1-faible-risque","18":"pa_glare-ugr-14969","19":"pa_ip-class-ip20-dessus-ip40-dessous","20":"pa_isolatieklasse-classe-ii-nl","21":"pa_kleurconsistentiesdcm-sdcm3-nl-2","22":"pa_kleurtemperatuur-2700k","23":"pa_kleurtemperatuur-3000k","24":"pa_kleurtemperatuur-3500k","25":"pa_kleurtemperatuur-4000k","26":"pa_kleurtemperatuur-blanc-accordable","27":"pa_kleurweergaveindex-cri-cri80","28":"pa_kleurweergaveindex-cri-cri90","29":"pa_lichtregeling-optionelle","30":"pa_lichtregeling-gradation-1-10-v","31":"pa_lichtregeling-gradation-casambi","32":"pa_lichtregeling-gradation-dali","33":"pa_materiaal-acier","34":"pa_materiaal-acrylique","35":"pa_materiaal-aluminium","36":"pa_noodverlichting-autonomie-de-secours-de-1-heure","37":"pa_noodverlichting-optionelle","38":"pa_noodverlichting-autonomie-optionnelle-de-1-heure-avec-autotest","39":"pa_omgevingstemperatuur-20c-40c-nl-2","40":"pa_optiek-diffuseur-opale","41":"pa_optiek-lentille-microprismatique","42":"pa_orientatie-vers-le-bas","43":"pa_packaging-dimensions-emballage-en-vrac","44":"pa_powerfactor-15205","45":"pa_primaire-aansluitingen-bst-14i2","46":"pa_primaire-aansluitingen-europlug","47":"pa_primaire-aansluitingen-gst18i3","48":"pa_primaire-aansluitingen-gst18i5-pastel-blue-nl-2","49":"pa_primaire-aansluitingen-sur-demande","50":"pa_primaire-aansluitingen-sur-le-driver","51":"pa_productkleur-sur-demande","52":"pa_producttoepassing-education","53":"pa_producttoepassing-espaces-publics","54":"pa_producttoepassing-hotellerie-restauration","55":"pa_producttoepassing-bureau","56":"pa_self-adhesive-dust-cover-optionnel","57":"pa_verwachte-levensduur-l90b5060000h-tq-25c","58":"pa_voltage-frequentie-220-240v-50-60hz","59":"pa_vorm-rectangular-nl","61":"first","62":"instock","63":"shipping-taxable","64":"product-type-simple"},"_links":{"self":[{"href":"https:\/\/atomis.nl\/fr\/wp-json\/wp\/v2\/product\/90824","targetHints":{"allow":["GET"]}}],"collection":[{"href":"https:\/\/atomis.nl\/fr\/wp-json\/wp\/v2\/product"}],"about":[{"href":"https:\/\/atomis.nl\/fr\/wp-json\/wp\/v2\/types\/product"}],"wp:featuredmedia":[{"embeddable":true,"href":"https:\/\/atomis.nl\/fr\/wp-json\/wp\/v2\/media\/90825"}],"wp:attachment":[{"href":"https:\/\/atomis.nl\/fr\/wp-json\/wp\/v2\/media?parent=90824"}],"wp:term":[{"taxonomy":"product_brand","embeddable":true,"href":"https:\/\/atomis.nl\/fr\/wp-json\/wp\/v2\/product_brand?post=90824"},{"taxonomy":"product_cat","embeddable":true,"href":"https:\/\/atomis.nl\/fr\/wp-json\/wp\/v2\/product_cat?post=90824"},{"taxonomy":"product_tag","embeddable":true,"href":"https:\/\/atomis.nl\/fr\/wp-json\/wp\/v2\/product_tag?post=90824"}],"curies":[{"name":"wp","href":"https:\/\/api.w.org\/{rel}","templated":true}]}}