{"id":90843,"date":"2026-03-16T12:35:52","date_gmt":"2026-03-16T12:35:52","guid":{"rendered":"https:\/\/atomis.nl\/producten\/miro-k\/"},"modified":"2026-04-03T14:43:50","modified_gmt":"2026-04-03T14:43:50","slug":"miro-k","status":"publish","type":"product","link":"https:\/\/atomis.nl\/fr\/produits\/miro-k\/","title":{"rendered":"Miro-K"},"content":{"rendered":"[vc_row type=&#8221;in_container&#8221; full_screen_row_position=&#8221;middle&#8221; column_margin=&#8221;default&#8221; column_direction=&#8221;default&#8221; column_direction_tablet=&#8221;default&#8221; column_direction_phone=&#8221;default&#8221; scene_position=&#8221;center&#8221; text_color=&#8221;dark&#8221; text_align=&#8221;left&#8221; row_border_radius=&#8221;none&#8221; row_border_radius_applies=&#8221;bg&#8221; row_position_desktop=&#8221;default&#8221; row_position_tablet=&#8221;inherit&#8221; row_position_phone=&#8221;inherit&#8221; overflow=&#8221;visible&#8221; overlay_strength=&#8221;0.3&#8243; gradient_direction=&#8221;left_to_right&#8221; shape_divider_position=&#8221;bottom&#8221; bg_image_animation=&#8221;none&#8221;][vc_column column_padding=&#8221;no-extra-padding&#8221; column_padding_tablet=&#8221;inherit&#8221; column_padding_phone=&#8221;inherit&#8221; column_padding_position=&#8221;all&#8221; flex_gap_desktop=&#8221;10px&#8221; column_element_direction_desktop=&#8221;default&#8221; column_element_spacing=&#8221;default&#8221; desktop_text_alignment=&#8221;default&#8221; tablet_text_alignment=&#8221;default&#8221; phone_text_alignment=&#8221;default&#8221; background_color_opacity=&#8221;1&#8243; background_hover_color_opacity=&#8221;1&#8243; column_backdrop_filter=&#8221;none&#8221; column_shadow=&#8221;none&#8221; column_border_radius=&#8221;none&#8221; column_link_target=&#8221;_self&#8221; column_position=&#8221;default&#8221; gradient_direction=&#8221;left_to_right&#8221; overlay_strength=&#8221;0.3&#8243; width=&#8221;1\/1&#8243; tablet_width_inherit=&#8221;default&#8221; animation_type=&#8221;default&#8221; bg_image_animation=&#8221;none&#8221; border_type=&#8221;simple&#8221; column_border_width=&#8221;none&#8221; column_border_style=&#8221;solid&#8221;][vc_column_text css=&#8221;&#8221; text_direction=&#8221;default&#8221;]\n<p class=\"p1\">Miro-K est un luminaire LED lin\u00e9aire pour application dans les plafonds climatiques, dot\u00e9 de 20, 28 ou 36 lentilles encastr\u00e9es derri\u00e8re une grille \u00e0 ventelles. Le luminaire constitue une solution d\u00e9clairage contemporaine alliant un \u00e9clairage efficace \u00e0 une esth\u00e9tique architecturale affirm\u00e9e. <\/p>\n<p class=\"p1\">Gr\u00e2ce \u00e0 des optiques de haute qualit\u00e9, Miro-K offre une distribution lumineuse tr\u00e8s contr\u00f4l\u00e9e et un grand confort visuel. De s\u00e9rie, le luminaire est \u00e9quip\u00e9 doptiques avec un UGR inf\u00e9rieur \u00e0 19. Des optiques avec un UGR inf\u00e9rieur \u00e0 16 sont disponibles en option pour les environnements aux exigences de limitation de l\u00e9blouissement particuli\u00e8rement \u00e9lev\u00e9es.  <\/p>\n<p class=\"p1\">Les luminaires sont fabriqu\u00e9s en acier et finis avec un rev\u00eatement par poudre durable. Afin de permettre une int\u00e9gration optimale dans divers syst\u00e8mes de plafonds \u00e0 trame, Miro-K est produit selon les sp\u00e9cifications du client. Cela permet dadapter enti\u00e8rement le luminaire au projet et au concept de plafond utilis\u00e9.  <\/p>\n<p class=\"p1\">Les dimensions, les ouvertures pour capteurs, la ventilation du pl\u00e9num, la couleur et le degr\u00e9 de r\u00e9flexion peuvent \u00eatre sp\u00e9cifi\u00e9s par le client. Associ\u00e9 \u00e0 un rendement \u00e9lev\u00e9 et une distribution lumineuse optimale, cela fait de Miro-K une solution d\u00e9clairage flexible et de haute qualit\u00e9. <\/p>\n<p class=\"p1\"><strong>Caract\u00e9ristiques principales<\/strong><\/p>\n<ul>\n<li class=\"p1\">Luminaire LED lin\u00e9aire pour plafonds modulaires<\/li>\n<li class=\"p1\">Grille ronde avec lentilles encastr\u00e9es<\/li>\n<li class=\"p1\">\u00c9quip\u00e9 de 20, 28 ou 36 lentilles<\/li>\n<li class=\"p1\">Distribution de la lumi\u00e8re tr\u00e8s contr\u00f4l\u00e9e<\/li>\n<li class=\"p1\">Confort visuel \u00e9lev\u00e9<\/li>\n<li class=\"p1\">UGR inf\u00e9rieur \u00e0 19 en standard<\/li>\n<li class=\"p1\">UGR inf\u00e9rieur \u00e0 16 en option<\/li>\n<li class=\"p1\">Bo\u00eetier en acier<\/li>\n<li class=\"p1\">Rev\u00eatement en poudre durable<\/li>\n<li class=\"p1\">Fabriqu\u00e9 selon les sp\u00e9cifications du client<\/li>\n<\/ul>\n<p><strong>Options sur mesure<\/strong><\/p>\n<ul>\n<li class=\"p1\">Dimensions adapt\u00e9es aux syst\u00e8mes de plafond<\/li>\n<li class=\"p1\">Ouvertures de capteurs<\/li>\n<li class=\"p1\">Ventilation du pl\u00e9num<\/li>\n<li class=\"p1\">Couleur et degr\u00e9 de r\u00e9flexion<\/li>\n<\/ul>\n<p class=\"p1\">Gr\u00e2ce \u00e0 son rendement \u00e9lev\u00e9, son faible \u00e9blouissement et son aspect architectural, Miro-K convient parfaitement aux bureaux, aux \u00e9tablissements denseignement et aux \u00e9tablissements de sant\u00e9 o\u00f9 la qualit\u00e9 de la lumi\u00e8re et lint\u00e9gration au plafond se rejoignent.<\/p>\n[\/vc_column_text][\/vc_column][\/vc_row]\n","protected":false},"excerpt":{"rendered":"<p>Miro-K est un luminaire LED lineaire equipe de 20, 28 ou 36 lentilles, encastre derrire une grille  lamelles pour une utilisation dans les plafonds climatiques. Ce luminaire LED est une toute nouvelle solution declairage pour un eclairage efficace avec un aspect architectural. Un choix peut tre fait entre des optiques UGR 19 (standard) et UGR 16.  <\/p>\n<ul>\n<li>Esth\u00e9tique architecturale avec 20, 28 ou 36 optiques<\/li>\n<li>Choix entre optiques UGR 19 et UGR 16<\/li>\n<li>Finition du d\u00e9flecteur blanc ou aluminium brillant<\/li>\n<li>Design plat pour faibles profondeurs de plafond<\/li>\n<\/ul>\n<div><\/div>\n<div><strong>Composez votre propre produit, t\u00e9l\u00e9chargez la fiche technique PDF ou ajoutez au devis :<\/strong><\/div>\n","protected":false},"featured_media":90847,"template":"","meta":[],"product_brand":[],"product_cat":[14457],"product_tag":[14786],"class_list":{"0":"post-90843","1":"product","2":"type-product","3":"status-publish","4":"has-post-thumbnail","6":"product_cat-luminaires-pour-plafonds-climatiques","7":"product_tag-miro","8":"pa_air-extraction-facultatif","9":"pa_armatuurefficientie-140lm-w","10":"pa_bevestiging-encastre","11":"pa_c-haak-hoogte-n-v-t","12":"pa_cie-flux-code-93-100-100-100-100-nl","13":"pa_driver-positie-driver-led-externe","14":"pa_driver-positie-fixe-au-luminaire","15":"pa_energielabel-a","16":"pa_familie-metronome","17":"pa_fotobiologische-veiligheid-cei-62471-rg1-faible-risque","18":"pa_glare-ugr-14969","19":"pa_ip-class-ip20-dessus-ip40-dessous","20":"pa_isolatieklasse-classe-ii-nl","21":"pa_kleurconsistentiesdcm-sdcm3-nl-2","22":"pa_kleurtemperatuur-2700k","23":"pa_kleurtemperatuur-3000k","24":"pa_kleurtemperatuur-3500k","25":"pa_kleurtemperatuur-4000k","26":"pa_kleurtemperatuur-blanc-accordable","27":"pa_kleurweergaveindex-cri-cri80","28":"pa_kleurweergaveindex-cri-cri90","29":"pa_lichtregeling-optionelle","30":"pa_lichtregeling-gradation-1-10-v","31":"pa_lichtregeling-gradation-casambi","32":"pa_lichtregeling-gradation-dali","33":"pa_materiaal-acier","34":"pa_materiaal-acrylique","35":"pa_noodverlichting-autonomie-de-secours-de-1-heure","36":"pa_noodverlichting-optionelle","37":"pa_noodverlichting-autonomie-optionnelle-de-1-heure-avec-autotest","38":"pa_omgevingstemperatuur-20c-40c-nl-2","39":"pa_optiek-lens-and-louver-nl","40":"pa_orientatie-vers-le-bas","41":"pa_packaging-dimensions-emballage-en-vrac","42":"pa_powerfactor-15205","43":"pa_primaire-aansluitingen-bst-14i2","44":"pa_primaire-aansluitingen-europlug","45":"pa_primaire-aansluitingen-gst18i3","46":"pa_primaire-aansluitingen-gst18i5-pastel-blue-nl-2","47":"pa_primaire-aansluitingen-sur-demande","48":"pa_primaire-aansluitingen-sur-le-driver","49":"pa_productkleur-sur-demande","50":"pa_producttoepassing-education","51":"pa_producttoepassing-espaces-publics","52":"pa_producttoepassing-hotellerie-restauration","53":"pa_producttoepassing-bureau","54":"pa_self-adhesive-dust-cover-optionnel","55":"pa_verwachte-levensduur-l90b5060000h-tq-25c","56":"pa_voltage-frequentie-220-240v-50-60hz","57":"pa_vorm-rectangular-nl","59":"first","60":"instock","61":"featured","62":"shipping-taxable","63":"product-type-simple"},"_links":{"self":[{"href":"https:\/\/atomis.nl\/fr\/wp-json\/wp\/v2\/product\/90843","targetHints":{"allow":["GET"]}}],"collection":[{"href":"https:\/\/atomis.nl\/fr\/wp-json\/wp\/v2\/product"}],"about":[{"href":"https:\/\/atomis.nl\/fr\/wp-json\/wp\/v2\/types\/product"}],"wp:featuredmedia":[{"embeddable":true,"href":"https:\/\/atomis.nl\/fr\/wp-json\/wp\/v2\/media\/90847"}],"wp:attachment":[{"href":"https:\/\/atomis.nl\/fr\/wp-json\/wp\/v2\/media?parent=90843"}],"wp:term":[{"taxonomy":"product_brand","embeddable":true,"href":"https:\/\/atomis.nl\/fr\/wp-json\/wp\/v2\/product_brand?post=90843"},{"taxonomy":"product_cat","embeddable":true,"href":"https:\/\/atomis.nl\/fr\/wp-json\/wp\/v2\/product_cat?post=90843"},{"taxonomy":"product_tag","embeddable":true,"href":"https:\/\/atomis.nl\/fr\/wp-json\/wp\/v2\/product_tag?post=90843"}],"curies":[{"name":"wp","href":"https:\/\/api.w.org\/{rel}","templated":true}]}}