{"id":90855,"date":"2026-03-16T14:32:50","date_gmt":"2026-03-16T14:32:50","guid":{"rendered":"https:\/\/atomis.nl\/producten\/cylus-40-blanc\/"},"modified":"2026-03-19T10:45:56","modified_gmt":"2026-03-19T10:45:56","slug":"cylus-40-blanc","status":"publish","type":"product","link":"https:\/\/atomis.nl\/fr\/produits\/cylus-40-blanc\/","title":{"rendered":"Cylus 40 blanc"},"content":{"rendered":"[vc_row type=&#8221;in_container&#8221; full_screen_row_position=&#8221;middle&#8221; column_margin=&#8221;default&#8221; column_direction=&#8221;default&#8221; column_direction_tablet=&#8221;default&#8221; column_direction_phone=&#8221;default&#8221; scene_position=&#8221;center&#8221; text_color=&#8221;dark&#8221; text_align=&#8221;left&#8221; row_border_radius=&#8221;none&#8221; row_border_radius_applies=&#8221;bg&#8221; row_position_desktop=&#8221;default&#8221; row_position_tablet=&#8221;inherit&#8221; row_position_phone=&#8221;inherit&#8221; overflow=&#8221;visible&#8221; overlay_strength=&#8221;0.3&#8243; gradient_direction=&#8221;left_to_right&#8221; shape_divider_position=&#8221;bottom&#8221; bg_image_animation=&#8221;none&#8221;][vc_column column_padding=&#8221;no-extra-padding&#8221; column_padding_tablet=&#8221;inherit&#8221; column_padding_phone=&#8221;inherit&#8221; column_padding_position=&#8221;all&#8221; flex_gap_desktop=&#8221;10px&#8221; column_element_direction_desktop=&#8221;default&#8221; column_element_spacing=&#8221;default&#8221; desktop_text_alignment=&#8221;default&#8221; tablet_text_alignment=&#8221;default&#8221; phone_text_alignment=&#8221;default&#8221; background_color_opacity=&#8221;1&#8243; background_hover_color_opacity=&#8221;1&#8243; column_backdrop_filter=&#8221;none&#8221; column_shadow=&#8221;none&#8221; column_border_radius=&#8221;none&#8221; column_link_target=&#8221;_self&#8221; column_position=&#8221;default&#8221; gradient_direction=&#8221;left_to_right&#8221; overlay_strength=&#8221;0.3&#8243; width=&#8221;1\/1&#8243; tablet_width_inherit=&#8221;default&#8221; animation_type=&#8221;default&#8221; bg_image_animation=&#8221;none&#8221; border_type=&#8221;simple&#8221; column_border_width=&#8221;none&#8221; column_border_style=&#8221;solid&#8221;][vc_column_text css=&#8221;&#8221; text_direction=&#8221;default&#8221;]Le <strong>Cylus 40 White<\/strong> est un luminaire LED architectural de haute qualit\u00e9, sp\u00e9cialement con\u00e7u pour les <strong>bureaux modernes<\/strong>, les <strong>mairies<\/strong>, les <strong>espaces publics<\/strong>, les <strong>comptoirs<\/strong> et les <strong>zones d\u2019accueil<\/strong>. Gr\u00e2ce \u00e0 son \u00e9l\u00e9gant <strong>design tubulaire de seulement 40&nbsp;mm<\/strong>, fabriqu\u00e9 en <strong>aluminium<\/strong> durable, ce luminaire offre un \u00e9quilibre parfait entre design, performance et fonctionnalit\u00e9. <\/p>\n<div>\n<p>Avec une optique \u00e0 r\u00e9flecteur pr\u00e9cise, le Cylus 40 White diffuse un <strong>faisceau lumineux confortable et cibl\u00e9<\/strong>, id\u00e9al pour les postes de travail, les salles de r\u00e9union, les zones de passage, les salles d\u2019attente et les applications de front-office. La finition blanc mat s\u2019int\u00e8gre sans effort dans les concepts d\u2019int\u00e9rieur contemporains et s\u2019harmonise parfaitement avec l\u2019architecture minimaliste. <\/p>\n<h4><strong>Technologie LED de haute qualit\u00e9 avec driver int\u00e9gr\u00e9<\/strong><\/h4>\n<p>Le <strong>driver LED enti\u00e8rement int\u00e9gr\u00e9<\/strong> fait du Cylus 40 White une solution d\u2019\u00e9clairage extr\u00eamement \u00e9pur\u00e9e et fiable. Sans composants externes, le design reste sobre et moderne, ce que les installateurs et les architectes appr\u00e9cient. <\/p>\n<h4><strong>Principaux avantages du Cylus 40 White<\/strong><\/h4>\n<ul>\n<li>Tube lumineux \u00e9lanc\u00e9 en <strong>aluminium de 40&nbsp;mm<\/strong><\/li>\n<li><strong>Optique \u00e0 r\u00e9flecteur<\/strong> confortable pour l\u2019\u00e9clairage de travail et d\u2019accentuation<\/li>\n<li><strong>Driver int\u00e9gr\u00e9<\/strong> pour un design \u00e9pur\u00e9 et sans interf\u00e9rences<\/li>\n<li>Application optimale dans les <strong>bureaux, b\u00e2timents publics, comptoirs, entr\u00e9es et salles d\u2019attente<\/strong><\/li>\n<li>Look moderne avec une <strong>finition blanc mat<\/strong> durable<\/li>\n<li>Disponible comme <strong>luminaire en saillie<\/strong> ou <strong>luminaire \u00e0 encastrer<\/strong><\/li>\n<li>Con\u00e7u pour une fiabilit\u00e9 durable et des projets professionnels<\/li>\n<\/ul>\n<h4><strong>Parfait pour les projets architecturaux et professionnels<\/strong><\/h4>\n<p>Le Cylus 40 White est id\u00e9al pour les architectes, les concepteurs lumi\u00e8re et les promoteurs immobiliers \u00e0 la recherche d\u2019une <strong>solution d\u2019\u00e9clairage subtile mais puissante<\/strong>. Gr\u00e2ce \u00e0 son format compact et \u00e0 ses mat\u00e9riaux de haute qualit\u00e9, ce luminaire constitue une option durable pour tout environnement de travail ou espace public. <\/p>\n<\/div>\n[\/vc_column_text][\/vc_column][\/vc_row]\n","protected":false},"excerpt":{"rendered":"<p>Le <strong>Cylus 40 White<\/strong> est un luminaire LED architectural de haute qualit\u00e9, sp\u00e9cialement con\u00e7u pour les <strong>bureaux modernes<\/strong>, les <strong>mairies<\/strong>, les <strong>espaces publics<\/strong>, les <strong>comptoirs<\/strong> et les <strong>zones d\u2019accueil<\/strong>. Gr\u00e2ce \u00e0 son \u00e9l\u00e9gant <strong>design tubulaire de seulement 40&nbsp;mm<\/strong>, fabriqu\u00e9 en <strong>aluminium<\/strong> durable, ce luminaire offre un \u00e9quilibre parfait entre design, performance et fonctionnalit\u00e9. <\/p>\n<ul>\n<li>Tube lumineux \u00e9lanc\u00e9 en <strong>aluminium de 40&nbsp;mm<\/strong><\/li>\n<li><strong>Optique \u00e0 r\u00e9flecteur<\/strong> confortable pour l\u2019\u00e9clairage de travail et d\u2019accentuation<\/li>\n<li><strong>Driver int\u00e9gr\u00e9<\/strong> pour un design \u00e9pur\u00e9 et sans interf\u00e9rences<\/li>\n<li>Application optimale dans les <strong>bureaux, b\u00e2timents publics, comptoirs, entr\u00e9es et salles d\u2019attente<\/strong><\/li>\n<li>Look moderne avec une <strong>finition blanc mat<\/strong> durable<\/li>\n<li><b>Module en saillie ou \u00e0 encastrer en option.<\/b><\/li>\n<li>Con\u00e7u pour une fiabilit\u00e9 durable et des projets professionnels<\/li>\n<\/ul>\n","protected":false},"featured_media":90857,"template":"","meta":[],"product_brand":[],"product_cat":[14501],"product_tag":[15170],"class_list":{"0":"post-90855","1":"product","2":"type-product","3":"status-publish","4":"has-post-thumbnail","6":"product_cat-luminaires-suspendus","7":"product_tag-cylus","8":"pa_air-extraction-n-v-t","9":"pa_energielabel-a","10":"pa_familie-cycle","11":"pa_ip-class-ip20-haut-ip40-bas-fr-3","12":"pa_isolatieklasse-classe-ii-nl","13":"pa_kleurconsistentiesdcm-sdcm3","14":"pa_kleurtemperatuur-2700k","15":"pa_kleurtemperatuur-3000k","16":"pa_kleurtemperatuur-3500k","17":"pa_kleurtemperatuur-4000k","18":"pa_kleurweergaveindex-cri-cri80","19":"pa_kleurweergaveindex-cri-cri97-nl-2","20":"pa_kleurweergaveindex-cri-irc91","21":"pa_lichtregeling-optionelle","22":"pa_lichtregeling-gradation-1-10-v","23":"pa_lichtregeling-gradation-casambi","24":"pa_lichtregeling-gradation-dali","25":"pa_optiek-reflecteur","26":"pa_orientatie-vers-le-bas","27":"pa_packaging-dimensions-emballage-en-vrac","28":"pa_powerfactor-15205","29":"pa_primaire-aansluitingen-kabel","30":"pa_primaire-aansluitingen-sur-demande","31":"pa_producttoepassing-education","32":"pa_producttoepassing-espaces-publics","33":"pa_producttoepassing-hotellerie-restauration","34":"pa_producttoepassing-bureau","35":"pa_self-adhesive-dust-cover-s-o","36":"pa_voltage-frequentie-220-240v-50-60hz","38":"first","39":"instock","40":"shipping-taxable","41":"product-type-simple"},"_links":{"self":[{"href":"https:\/\/atomis.nl\/fr\/wp-json\/wp\/v2\/product\/90855","targetHints":{"allow":["GET"]}}],"collection":[{"href":"https:\/\/atomis.nl\/fr\/wp-json\/wp\/v2\/product"}],"about":[{"href":"https:\/\/atomis.nl\/fr\/wp-json\/wp\/v2\/types\/product"}],"wp:featuredmedia":[{"embeddable":true,"href":"https:\/\/atomis.nl\/fr\/wp-json\/wp\/v2\/media\/90857"}],"wp:attachment":[{"href":"https:\/\/atomis.nl\/fr\/wp-json\/wp\/v2\/media?parent=90855"}],"wp:term":[{"taxonomy":"product_brand","embeddable":true,"href":"https:\/\/atomis.nl\/fr\/wp-json\/wp\/v2\/product_brand?post=90855"},{"taxonomy":"product_cat","embeddable":true,"href":"https:\/\/atomis.nl\/fr\/wp-json\/wp\/v2\/product_cat?post=90855"},{"taxonomy":"product_tag","embeddable":true,"href":"https:\/\/atomis.nl\/fr\/wp-json\/wp\/v2\/product_tag?post=90855"}],"curies":[{"name":"wp","href":"https:\/\/api.w.org\/{rel}","templated":true}]}}