{"id":90880,"date":"2026-03-16T16:05:08","date_gmt":"2026-03-16T16:05:08","guid":{"rendered":"https:\/\/atomis.nl\/producten\/ferro-round-360\/"},"modified":"2026-04-02T18:25:34","modified_gmt":"2026-04-02T18:25:34","slug":"ferro-round-360","status":"publish","type":"product","link":"https:\/\/atomis.nl\/fr\/produits\/ferro-round-360\/","title":{"rendered":"Ferro Round 360"},"content":{"rendered":"[vc_row type=&#8221;in_container&#8221; full_screen_row_position=&#8221;middle&#8221; column_margin=&#8221;default&#8221; column_direction=&#8221;default&#8221; column_direction_tablet=&#8221;default&#8221; column_direction_phone=&#8221;default&#8221; scene_position=&#8221;center&#8221; text_color=&#8221;dark&#8221; text_align=&#8221;left&#8221; row_border_radius=&#8221;none&#8221; row_border_radius_applies=&#8221;bg&#8221; row_position_desktop=&#8221;default&#8221; row_position_tablet=&#8221;inherit&#8221; row_position_phone=&#8221;inherit&#8221; overflow=&#8221;visible&#8221; overlay_strength=&#8221;0.3&#8243; gradient_direction=&#8221;left_to_right&#8221; shape_divider_position=&#8221;bottom&#8221; bg_image_animation=&#8221;none&#8221;][vc_column column_padding=&#8221;no-extra-padding&#8221; column_padding_tablet=&#8221;inherit&#8221; column_padding_phone=&#8221;inherit&#8221; column_padding_position=&#8221;all&#8221; flex_gap_desktop=&#8221;10px&#8221; column_element_direction_desktop=&#8221;default&#8221; column_element_spacing=&#8221;default&#8221; desktop_text_alignment=&#8221;default&#8221; tablet_text_alignment=&#8221;default&#8221; phone_text_alignment=&#8221;default&#8221; background_color_opacity=&#8221;1&#8243; background_hover_color_opacity=&#8221;1&#8243; column_backdrop_filter=&#8221;none&#8221; column_shadow=&#8221;none&#8221; column_border_radius=&#8221;none&#8221; column_link_target=&#8221;_self&#8221; column_position=&#8221;default&#8221; gradient_direction=&#8221;left_to_right&#8221; overlay_strength=&#8221;0.3&#8243; width=&#8221;1\/1&#8243; tablet_width_inherit=&#8221;default&#8221; animation_type=&#8221;default&#8221; bg_image_animation=&#8221;none&#8221; border_type=&#8221;simple&#8221; column_border_width=&#8221;none&#8221; column_border_style=&#8221;solid&#8221;][vc_column_text css=&#8221;&#8221; text_direction=&#8221;default&#8221;]\n<div>Le <strong>Ferro Round 360<\/strong> est un <strong>luminaire LED en saillie<\/strong> moderne et de haute qualit\u00e9, con\u00e7u pour des projets alliant fonctionnalit\u00e9, fiabilit\u00e9 et design minimaliste \u00e9pur\u00e9. Gr\u00e2ce \u00e0 sa forme ronde et \u00e0 son optique en PMMA de haute qualit\u00e9, ce luminaire s\u2019int\u00e8gre parfaitement aux int\u00e9rieurs modernes des bureaux, espaces commerciaux, b\u00e2timents publics et projets tertiaires. <\/div>\n<div><\/div>\n<div>\n<div>Le Ferro Round 360 offre une efficacit\u00e9 \u00e9lev\u00e9e allant jusqu\u2019\u00e0 <strong>120 lm\/W<\/strong>, ce qui en fait une alternative durable aux luminaires fluorescents traditionnels.<br \/>\nLe luminaire est disponible en plusieurs temp\u00e9ratures de couleur,<\/div>\n<\/div>\n<div>\n<div>Gr\u00e2ce \u00e0 sa conception plate et \u00e0 son montage direct au plafond, le Ferro Round 360 est id\u00e9al pour les espaces exigeant une finition soign\u00e9e.<br \/>\nLa combinaison d\u2019un <b>diffuseur opale <\/b>ou en <strong>PMMA<\/strong> assure une r\u00e9partition lumineuse douce et uniforme sans \u00e9blouissement.<\/div>\n<\/div>\n<div>\n<p>Ce luminaire prend en charge des options de gestion d\u00e9clairage modernes telles que:<\/p>\n<ul>\n<li><strong>Gradation DALI<\/strong><\/li>\n<li>D\u00e9tecteurs de mouvement<\/li>\n<li>Options de commande sans fil. Le Ferro Round 360 est ainsi adapt\u00e9 aux solutions \u00e9co\u00e9nerg\u00e9tiques et de smart building.<\/li>\n<\/ul>\n<ul>\n<li>  IP40 (pour espaces int\u00e9rieurs secs)<\/li>\n<li><strong>R\u00e9sistance aux chocs du diffuseur&nbsp;:<\/strong> IK05 pour PMMA<\/li>\n<li><strong>Dimensions&nbsp;:<\/strong> \u00d8 360 mm, hauteur 70 mm<\/li>\n<\/ul>\n<\/div>\n[\/vc_column_text][\/vc_column][\/vc_row]\n","protected":false},"excerpt":{"rendered":"<p>Le <strong>Ferro Round 360<\/strong> est un <strong>luminaire LED en saillie<\/strong> moderne et de haute qualit\u00e9, con\u00e7u pour des projets alliant fonctionnalit\u00e9, fiabilit\u00e9 et design minimaliste \u00e9pur\u00e9. Gr\u00e2ce \u00e0 sa forme ronde et \u00e0 son optique en PMMA de haute qualit\u00e9, ce luminaire s\u2019int\u00e8gre parfaitement aux int\u00e9rieurs modernes des bureaux, espaces commerciaux, b\u00e2timents publics et projets tertiaires. <\/p>\n<ul>\n<li><strong>Gradation DALI<\/strong><\/li>\n<li>D\u00e9tecteurs de mouvement<\/li>\n<li>Options de commande sans fil. Le Ferro Round 360 est ainsi adapt\u00e9 aux solutions \u00e9co\u00e9nerg\u00e9tiques et de smart building.<\/li>\n<li>  IP40 (pour espaces int\u00e9rieurs secs)<\/li>\n<li><strong>R\u00e9sistance aux chocs du diffuseur&nbsp;:<\/strong> IK05 pour PMMA<\/li>\n<li><strong>Dimensions&nbsp;:<\/strong> \u00d8 360 mm, hauteur 70 mm<\/li>\n<\/ul>\n","protected":false},"featured_media":90881,"template":"","meta":[],"product_brand":[],"product_cat":[14576],"product_tag":[15172],"class_list":{"0":"post-90880","1":"product","2":"type-product","3":"status-publish","4":"has-post-thumbnail","6":"product_cat-luminaires-en-saillie","7":"product_tag-ferro","8":"pa_air-extraction-n-v-t","9":"pa_armatuurefficientie-135lm-w","10":"pa_bevestiging-en-saillie","11":"pa_cie-flux-code-93-100-100-100-100-nl","12":"pa_driver-positie-integre","13":"pa_energielabel-a","14":"pa_familie-ferro","15":"pa_fotobiologische-veiligheid-cei-62471-rg1-faible-risque","16":"pa_glare-ugr-s-o","17":"pa_ik-class-ik05","18":"pa_ip-class-ip66","19":"pa_isolatieklasse-classe-i-nl","20":"pa_isolatieklasse-classe-ii-nl","21":"pa_kleurconsistentiesdcm-sdcm3-nl-2","22":"pa_kleurtemperatuur-2700k","23":"pa_kleurtemperatuur-3000k","24":"pa_kleurtemperatuur-3500k","25":"pa_kleurtemperatuur-4000k","26":"pa_kleurtemperatuur-blanc-accordable","27":"pa_kleurweergaveindex-cri-cri80","28":"pa_kleurweergaveindex-cri-cri90","29":"pa_lichtregeling-optionelle","30":"pa_lichtregeling-gradation-1-10-v","31":"pa_lichtregeling-gradation-casambi","32":"pa_lichtregeling-gradation-dali","33":"pa_materiaal-acrylique","34":"pa_materiaal-aluminium","35":"pa_noodverlichting-autonomie-de-secours-de-1-heure","36":"pa_noodverlichting-optionelle","37":"pa_noodverlichting-autonomie-optionnelle-de-1-heure-avec-autotest","38":"pa_omgevingstemperatuur-20c-40c-nl-2","39":"pa_optiek-diffuseur-opale","40":"pa_optiek-reflecteur","41":"pa_orientatie-vers-le-bas","42":"pa_packaging-dimensions-emballage-en-vrac","43":"pa_powerfactor-15205","44":"pa_primaire-aansluitingen-kabel","45":"pa_primaire-aansluitingen-sur-demande","46":"pa_primaire-aansluitingen-sur-le-driver","47":"pa_productkleur-blanc","48":"pa_productkleur-gris","49":"pa_producttoepassing-education","50":"pa_producttoepassing-espaces-publics","51":"pa_producttoepassing-hotellerie-restauration","52":"pa_producttoepassing-bureau","53":"pa_producttoepassing-commerce","54":"pa_self-adhesive-dust-cover-s-o","55":"pa_verwachte-levensduur-l90b5060000h-tq-25c","56":"pa_voltage-frequentie-220-240v-50-60hz","57":"pa_vorm-round-nl","59":"first","60":"instock","61":"shipping-taxable","62":"product-type-simple"},"_links":{"self":[{"href":"https:\/\/atomis.nl\/fr\/wp-json\/wp\/v2\/product\/90880","targetHints":{"allow":["GET"]}}],"collection":[{"href":"https:\/\/atomis.nl\/fr\/wp-json\/wp\/v2\/product"}],"about":[{"href":"https:\/\/atomis.nl\/fr\/wp-json\/wp\/v2\/types\/product"}],"wp:featuredmedia":[{"embeddable":true,"href":"https:\/\/atomis.nl\/fr\/wp-json\/wp\/v2\/media\/90881"}],"wp:attachment":[{"href":"https:\/\/atomis.nl\/fr\/wp-json\/wp\/v2\/media?parent=90880"}],"wp:term":[{"taxonomy":"product_brand","embeddable":true,"href":"https:\/\/atomis.nl\/fr\/wp-json\/wp\/v2\/product_brand?post=90880"},{"taxonomy":"product_cat","embeddable":true,"href":"https:\/\/atomis.nl\/fr\/wp-json\/wp\/v2\/product_cat?post=90880"},{"taxonomy":"product_tag","embeddable":true,"href":"https:\/\/atomis.nl\/fr\/wp-json\/wp\/v2\/product_tag?post=90880"}],"curies":[{"name":"wp","href":"https:\/\/api.w.org\/{rel}","templated":true}]}}