{"id":91389,"date":"2026-05-12T11:53:21","date_gmt":"2026-05-12T11:53:21","guid":{"rendered":"https:\/\/atomis.nl\/producten\/ultralight-sapp-2\/"},"modified":"2026-05-12T13:53:20","modified_gmt":"2026-05-12T13:53:20","slug":"ultralight-sapp-2","status":"publish","type":"product","link":"https:\/\/atomis.nl\/fr\/produits\/ultralight-sapp-2\/","title":{"rendered":"Interline-SAPP"},"content":{"rendered":"[vc_row type=&#8221;in_container&#8221; full_screen_row_position=&#8221;middle&#8221; column_margin=&#8221;default&#8221; column_direction=&#8221;default&#8221; column_direction_tablet=&#8221;default&#8221; column_direction_phone=&#8221;default&#8221; scene_position=&#8221;center&#8221; text_color=&#8221;dark&#8221; text_align=&#8221;left&#8221; row_border_radius=&#8221;none&#8221; row_border_radius_applies=&#8221;bg&#8221; row_position_desktop=&#8221;default&#8221; row_position_tablet=&#8221;inherit&#8221; row_position_phone=&#8221;inherit&#8221; overflow=&#8221;visible&#8221; overlay_strength=&#8221;0.3&#8243; gradient_direction=&#8221;left_to_right&#8221; shape_divider_position=&#8221;bottom&#8221; bg_image_animation=&#8221;none&#8221;][vc_column column_padding=&#8221;no-extra-padding&#8221; column_padding_tablet=&#8221;inherit&#8221; column_padding_phone=&#8221;inherit&#8221; column_padding_position=&#8221;all&#8221; flex_gap_desktop=&#8221;10px&#8221; column_element_direction_desktop=&#8221;default&#8221; column_element_spacing=&#8221;default&#8221; desktop_text_alignment=&#8221;default&#8221; tablet_text_alignment=&#8221;default&#8221; phone_text_alignment=&#8221;default&#8221; background_color_opacity=&#8221;1&#8243; background_hover_color_opacity=&#8221;1&#8243; column_backdrop_filter=&#8221;none&#8221; column_shadow=&#8221;none&#8221; column_border_radius=&#8221;none&#8221; column_link_target=&#8221;_self&#8221; column_position=&#8221;default&#8221; gradient_direction=&#8221;left_to_right&#8221; overlay_strength=&#8221;0.3&#8243; width=&#8221;1\/1&#8243; tablet_width_inherit=&#8221;default&#8221; animation_type=&#8221;default&#8221; bg_image_animation=&#8221;none&#8221; border_type=&#8221;simple&#8221; column_border_width=&#8221;none&#8221; column_border_style=&#8221;solid&#8221;][vc_column_text css_animation=&#8221;bounceIn&#8221; css=&#8221;&#8221; text_direction=&#8221;default&#8221;]\n<div class=\"qMYqUG_convSearchResultHighlightRoot\">\n<div class=\"relative w-full overflow-visible\">\n<section class=\"text-token-text-primary w-full focus:outline-none [--shadow-height:45px] has-data-writing-block:pointer-events-none has-data-writing-block:-mt-(--shadow-height) has-data-writing-block:pt-(--shadow-height) [&amp;:has([data-writing-block])&gt;*]:pointer-events-auto [content-visibility:auto] supports-[content-visibility:auto]:[contain-intrinsic-size:auto_100lvh] R6Vx5W_threadScrollVars scroll-mb-[calc(var(--scroll-root-safe-area-inset-bottom,0px)+var(--thread-response-height))] scroll-mt-[calc(var(--header-height)+min(200px,max(70px,20svh)))]\" dir=\"auto\" data-turn-id=\"request-WEB:512bf18a-3666-487e-a389-655366ff98b9-1\" data-turn-id-container=\"request-WEB:512bf18a-3666-487e-a389-655366ff98b9-1\" data-testid=\"conversation-turn-4\" data-scroll-anchor=\"false\" data-turn=\"assistant\">\n<div class=\"text-base my-auto mx-auto pb-10 [--thread-content-margin:var(--thread-content-margin-xs,calc(var(--spacing)*4))] @w-sm\/main:[--thread-content-margin:var(--thread-content-margin-sm,calc(var(--spacing)*6))] @w-lg\/main:[--thread-content-margin:var(--thread-content-margin-lg,calc(var(--spacing)*16))] px-(--thread-content-margin)\">\n<div class=\"[--thread-content-max-width:40rem] @w-lg\/main:[--thread-content-max-width:48rem] mx-auto max-w-(--thread-content-max-width) flex-1 group\/turn-messages focus-visible:outline-hidden relative flex w-full min-w-0 flex-col agent-turn\">\n<div class=\"flex max-w-full flex-col gap-4 grow\">\n<div class=\"min-h-8 text-message relative flex w-full flex-col items-end gap-2 text-start break-words whitespace-normal outline-none keyboard-focused:focus-ring [.text-message+&amp;]:mt-1\" dir=\"auto\" tabindex=\"0\" data-message-author-role=\"assistant\" data-message-id=\"5c790d01-0b85-4d6d-baf8-04b9af27dbdc\" data-message-model-slug=\"gpt-5-5\" data-turn-start-message=\"true\">\n<div class=\"flex w-full flex-col gap-1 empty:hidden\">\n<p style=\"line-height: 15.0pt;\"><strong><span style=\"font-size: 10.5pt; font-family: 'Segoe UI',sans-serif; font-weight: normal;\">Atolux Interline SAPP<\/span><\/strong><span style=\"font-size: 10.5pt; font-family: 'Segoe UI',sans-serif;\"> est un luminaire lin\u00e9aire minimaliste et \u00e9l\u00e9gant qui s\u2019int\u00e8gre parfaitement au <strong><span style=\"font-family: 'Segoe UI',sans-serif; font-weight: normal;\">plafond \u00e0 lamelles Interalu SAPP<\/span><\/strong><b>.<\/b> Gr\u00e2ce \u00e0 son <strong><span style=\"font-family: 'Segoe UI',sans-serif; font-weight: normal;\">m\u00e9canisme de ressort de serrage<\/span><\/strong><b> <\/b>intelligent, vous clipsez simplement le luminaire dans le joint : rapide \u00e0 installer et facile \u00e0 d\u00e9placer ult\u00e9rieurement si l\u2019am\u00e9nagement de l\u2019espace change.<\/span><\/p>\n<p style=\"line-height: 15.0pt;\"><span style=\"font-size: 10.5pt; font-family: 'Segoe UI',sans-serif;\">L\u2019association d\u2019un design \u00e9pur\u00e9 et d\u2019optiques de haute qualit\u00e9 garantit une ambiance lumineuse agr\u00e9able et apaisante. Les <strong><span style=\"font-family: 'Segoe UI',sans-serif; font-weight: normal;\">optiques noir mat<\/span><\/strong> offrent un confort visuel optimal avec un <strong><span style=\"font-family: 'Segoe UI',sans-serif; font-weight: normal;\">UGR &lt; 19<\/span><\/strong>, id\u00e9al pour les postes de travail sur \u00e9cran et les environnements de bureaux modernes.<br \/>\nAvec une efficacit\u00e9 de <strong><span style=\"font-family: 'Segoe UI',sans-serif; font-weight: normal;\">&gt;130 lm\/W<\/span><\/strong> et un <strong><span style=\"font-family: 'Segoe UI',sans-serif; font-weight: normal;\">IRC 90<\/span><\/strong> \u00e9lev\u00e9, l\u2019Interline SAPP combine un flux lumineux maximal avec un rendu des couleurs naturel \u2014 parfait pour un <strong><span style=\"font-family: 'Segoe UI',sans-serif; font-weight: normal;\">\u00e9clairage de travail de haute qualit\u00e9 conforme \u00e0 la norme EN 12464-1<\/span><\/strong> pour les applications de bureau.  <\/span><\/p>\n<p style=\"line-height: 15.0pt;\"><span style=\"font-size: 10.5pt; font-family: 'Segoe UI',sans-serif;\">Il est \u00e9galement pratique : le luminaire est <strong><span style=\"font-family: 'Segoe UI',sans-serif; font-weight: normal;\">livr\u00e9 de s\u00e9rie avec un driver DALI-2<\/span><\/strong>, incluant un <strong><span style=\"font-family: 'Segoe UI',sans-serif; font-weight: normal;\">cordon de liaison de 5 m\u00e8tres<\/span><\/strong> entre le driver et le luminaire, ainsi qu\u2019une connexion compatible <span style=\"font-family: 'Segoe UI',sans-serif;\">GST18i5 <\/span><strong><span style=\"font-family: 'Segoe UI',sans-serif; font-weight: normal;\">m\u00e2le\/femelle<\/span><\/strong> sur le driver pour une installation et un repiquage rapides et sans erreur.<br \/>\nDisponible en <strong><span style=\"font-family: 'Segoe UI',sans-serif; font-weight: normal;\">finition blanche ou noire<\/span><\/strong>, afin que le luminaire s\u2019accorde toujours avec le concept du plafond et de l\u2019int\u00e9rieur.<\/span><\/p>\n<table width=\"393\">\n<tbody>\n<tr>\n<td width=\"393\">Dimensions :<\/td>\n<\/tr>\n<tr>\n<td>L21xL850<\/td>\n<\/tr>\n<tr>\n<td>L21xL1130<\/td>\n<\/tr>\n<tr>\n<td>L21xL1410<\/td>\n<\/tr>\n<\/tbody>\n<\/table>\n<\/div>\n<\/div>\n<\/div>\n<\/div>\n<\/div>\n<\/section>\n<\/div>\n<\/div>\n[\/vc_column_text][\/vc_column][\/vc_row]\n","protected":false},"excerpt":{"rendered":"<h2>\u00c9clairage lin\u00e9aire continu pour Interalu SAPP \u2014 \u00e9pur\u00e9, flexible et confortable (UGR&lt;19).<\/h2>\n<p style=\"line-height: 15.0pt;\"><strong><span style=\"font-size: 10.5pt; font-family: 'Segoe UI',sans-serif; font-weight: normal;\">Atolux Interline SAPP<\/span><\/strong><span style=\"font-size: 10.5pt; font-family: 'Segoe UI',sans-serif;\"> est un luminaire lin\u00e9aire minimaliste et \u00e9l\u00e9gant qui s\u2019int\u00e8gre parfaitement au <strong><span style=\"font-family: 'Segoe UI',sans-serif; font-weight: normal;\">plafond \u00e0 lamelles Interalu SAPP<\/span><\/strong><b>.<\/b> Gr\u00e2ce \u00e0 son <strong><span style=\"font-family: 'Segoe UI',sans-serif; font-weight: normal;\">m\u00e9canisme de ressort de serrage<\/span><\/strong><b> <\/b>intelligent, vous clipsez simplement le luminaire dans le joint : rapide \u00e0 installer et facile \u00e0 d\u00e9placer ult\u00e9rieurement si l\u2019am\u00e9nagement de l\u2019espace change.<\/span><\/p>\n<p style=\"line-height: 15.0pt;\"><span style=\"font-size: 10.5pt; font-family: 'Segoe UI',sans-serif;\">L\u2019association d\u2019un design \u00e9pur\u00e9 et d\u2019optiques de haute qualit\u00e9 garantit une ambiance lumineuse agr\u00e9able et apaisante. Les <strong><span style=\"font-family: 'Segoe UI',sans-serif; font-weight: normal;\">optiques noir mat<\/span><\/strong> offrent un confort visuel optimal avec un <strong><span style=\"font-family: 'Segoe UI',sans-serif; font-weight: normal;\">UGR &lt; 19<\/span><\/strong>, id\u00e9al pour les postes de travail sur \u00e9cran et les environnements de bureaux modernes.<br \/>\nAvec une efficacit\u00e9 de <strong><span style=\"font-family: 'Segoe UI',sans-serif; font-weight: normal;\">&gt;130 lm\/W<\/span><\/strong> et un <strong><span style=\"font-family: 'Segoe UI',sans-serif; font-weight: normal;\">IRC 90<\/span><\/strong> \u00e9lev\u00e9, l\u2019Interline SAPP combine un flux lumineux maximal avec un rendu des couleurs naturel \u2014 parfait pour un <strong><span style=\"font-family: 'Segoe UI',sans-serif; font-weight: normal;\">\u00e9clairage de travail de haute qualit\u00e9 conforme \u00e0 la norme EN 12464-1<\/span><\/strong> pour les applications de bureau.  <\/span><\/p>\n<p style=\"line-height: 15.0pt;\"><span style=\"font-size: 10.5pt; font-family: 'Segoe UI',sans-serif;\">Il est \u00e9galement pratique : le luminaire est <strong><span style=\"font-family: 'Segoe UI',sans-serif; font-weight: normal;\">livr\u00e9 de s\u00e9rie avec un driver DALI-2<\/span><\/strong>, incluant un <strong><span style=\"font-family: 'Segoe UI',sans-serif; font-weight: normal;\">cordon de liaison de 5 m\u00e8tres<\/span><\/strong> entre le driver et le luminaire, ainsi qu\u2019une connexion compatible <span style=\"font-family: 'Segoe UI',sans-serif;\">GST18i5 <\/span><strong><span style=\"font-family: 'Segoe UI',sans-serif; font-weight: normal;\">m\u00e2le\/femelle<\/span><\/strong> sur le driver pour une installation et un repiquage rapides et sans erreur.<br \/>\nDisponible en <strong><span style=\"font-family: 'Segoe UI',sans-serif; font-weight: normal;\">finition blanche ou noire<\/span><\/strong>, afin que le luminaire s\u2019accorde toujours avec le concept du plafond et de l\u2019int\u00e9rieur.<\/span><\/p>\n<table width=\"393\">\n<tbody>\n<tr>\n<td width=\"393\">Dimensions :<\/td>\n<\/tr>\n<tr>\n<td>L21xL850<\/td>\n<\/tr>\n<tr>\n<td>L21xL1130<\/td>\n<\/tr>\n<tr>\n<td>L21xL1410<\/td>\n<\/tr>\n<\/tbody>\n<\/table>\n<p><strong>Composez votre propre produit, t\u00e9l\u00e9chargez la fiche technique PDF ou ajoutez au devis :<\/strong><\/p>\n","protected":false},"featured_media":91390,"template":"","meta":[],"product_brand":[],"product_cat":[14458,14457],"product_tag":[15244],"class_list":{"0":"post-91389","1":"product","2":"type-product","3":"status-publish","4":"has-post-thumbnail","6":"product_cat-luminaires-a-lamelles","7":"product_cat-luminaires-pour-plafonds-climatiques","8":"product_tag-interline","9":"pa_air-extraction-n-v-t","10":"pa_armatuurefficientie-130lm-w","11":"pa_bevestiging-encastre","12":"pa_cie-flux-code-93-100-100-100-100-nl","13":"pa_driver-positie-driver-led-externe","14":"pa_energielabel-a","15":"pa_familie-ultralight","16":"pa_fotobiologische-veiligheid-cei-62471-rg1-faible-risque","17":"pa_glare-ugr-14969","18":"pa_ip-class-ip20-dessus-ip40-dessous","19":"pa_isolatieklasse-classe-ii-nl","20":"pa_kleurconsistentiesdcm-sdcm3-nl-2","21":"pa_kleurtemperatuur-2700k","22":"pa_kleurtemperatuur-3000k","23":"pa_kleurtemperatuur-4000k","24":"pa_kleurweergaveindex-cri-cri90","25":"pa_lichtregeling-optionelle","26":"pa_lichtregeling-gradation-1-10-v","27":"pa_lichtregeling-gradation-casambi","28":"pa_lichtregeling-gradation-dali","29":"pa_materiaal-acier","30":"pa_materiaal-acrylique","31":"pa_noodverlichting-autonomie-de-secours-de-1-heure","32":"pa_noodverlichting-optionelle","33":"pa_noodverlichting-autonomie-optionnelle-de-1-heure-avec-autotest","34":"pa_omgevingstemperatuur-20c-40c-nl-2","35":"pa_optiek-lens-and-louver-nl","36":"pa_orientatie-vers-le-bas","37":"pa_packaging-dimensions-emballage-en-vrac","38":"pa_powerfactor-15205","39":"pa_primaire-aansluitingen-bst-14i2","40":"pa_primaire-aansluitingen-europlug","41":"pa_primaire-aansluitingen-gst18i3","42":"pa_primaire-aansluitingen-gst18i5-pastel-blue-nl-2","43":"pa_primaire-aansluitingen-sur-demande","44":"pa_primaire-aansluitingen-sur-le-driver","45":"pa_productkleur-sur-demande","46":"pa_producttoepassing-education","47":"pa_producttoepassing-espaces-publics","48":"pa_producttoepassing-hotellerie-restauration","49":"pa_producttoepassing-bureau","50":"pa_self-adhesive-dust-cover-optionnel","51":"pa_verwachte-levensduur-l90b5060000h-tq-25c","52":"pa_voltage-frequentie-220-240v-50-60hz","53":"pa_vorm-rectangular-nl","55":"first","56":"instock","57":"shipping-taxable","58":"product-type-simple"},"_links":{"self":[{"href":"https:\/\/atomis.nl\/fr\/wp-json\/wp\/v2\/product\/91389","targetHints":{"allow":["GET"]}}],"collection":[{"href":"https:\/\/atomis.nl\/fr\/wp-json\/wp\/v2\/product"}],"about":[{"href":"https:\/\/atomis.nl\/fr\/wp-json\/wp\/v2\/types\/product"}],"wp:featuredmedia":[{"embeddable":true,"href":"https:\/\/atomis.nl\/fr\/wp-json\/wp\/v2\/media\/91390"}],"wp:attachment":[{"href":"https:\/\/atomis.nl\/fr\/wp-json\/wp\/v2\/media?parent=91389"}],"wp:term":[{"taxonomy":"product_brand","embeddable":true,"href":"https:\/\/atomis.nl\/fr\/wp-json\/wp\/v2\/product_brand?post=91389"},{"taxonomy":"product_cat","embeddable":true,"href":"https:\/\/atomis.nl\/fr\/wp-json\/wp\/v2\/product_cat?post=91389"},{"taxonomy":"product_tag","embeddable":true,"href":"https:\/\/atomis.nl\/fr\/wp-json\/wp\/v2\/product_tag?post=91389"}],"curies":[{"name":"wp","href":"https:\/\/api.w.org\/{rel}","templated":true}]}}